{"id":732364,"date":"2026-03-13T17:32:05","date_gmt":"2026-03-13T14:32:05","guid":{"rendered":"https:\/\/nbg.eu\/product\/microtech-l-u-d-t-t-e-gen-iii-black-partial-serrated-od-green-2\/"},"modified":"2026-03-16T12:45:55","modified_gmt":"2026-03-16T09:45:55","slug":"microtech-l-u-d-t-t-e-gen-iii-black-partial-serrated-od-green-2","status":"publish","type":"product","link":"https:\/\/nbg.eu\/lv\/product\/microtech-l-u-d-t-t-e-gen-iii-black-partial-serrated-od-green-2\/","title":{"rendered":"Microtech L.U.D.T. T\/E Gen III melns Da\u013c\u0113ji zobains OD Za\u013c\u0161"},"content":{"rendered":"<h2>P\u0101rskats<\/h2>\n<p>The Microtech L.U.D.T. Gen III ir jaud\u012bga autom\u0101tiska mape, kas atg\u0101dina klasisko UDT stilu ar revolucion\u0101riem formas un darb\u012bbas atjaunin\u0101jumiem. \u0160im OD Green variantam ir melns ar DLC p\u0101rkl\u0101jumu p\u0101rkl\u0101ts tanto asmens ar da\u013c\u0113ji zobainu malu, kas kalts no Bohler M390MK t\u0113rauda. Gen III iter\u0101cija nodro\u0161ina atpaka\u013c roktura ielikt\u0146us ar 3M vilces lenti optim\u0101lai sa\u0137erei, darbojas uz 24 sil\u012bcija karb\u012bda gult\u0146iem, nodro\u0161inot vienm\u0113r\u012bg\u0101ko darb\u012bbu sav\u0101 klas\u0113, un izmanto parast\u0101s Torx skr\u016bves, lai atvieglotu apkopi uz lauka.<\/p>\n<h3>24 sil\u012bcija karb\u012bda gult\u0146i<\/h3>\n<p>LUDT Gen III darb\u012bbas sist\u0113ma darbojas uz 24 prec\u012bziem sil\u012bcija dioks\u012bda karb\u012bda gult\u0146iem, nodro\u0161inot vienm\u0113r\u012bg\u0101ko un izsmalcin\u0101t\u0101ko autom\u0101tisko mapju darb\u012bbu, ko Microtech jebkad ir ra\u017eojis. Gult\u0146u sist\u0113ma praktiski nov\u0113r\u0161 berzi zibens \u0101trai izv\u0113r\u0161anai.<\/p>\n<h3>3M vilces lentes ielaidumi<\/h3>\n<p>Gen III roktura ielikt\u0146u atgrie\u0161anai tiek izmantota r\u016bpnieciskas kvalit\u0101tes 3M Traction Tape, kas nodro\u0161ina izcilu sa\u0137eri slapjos, e\u013c\u013cainos vai cimdos apst\u0101k\u013cos, nepalielinot roktura profilu.<\/p>\n<h3>\u016adensiztur\u012bga konstrukcija<\/h3>\n<p>LUDT\u00a0Gen III ir paredz\u0113ts skarb\u0101m vid\u0113m, un tam ir pret laikapst\u0101k\u013ciem iztur\u012bga konstrukcija, kas ir iztur\u012bga pret mitruma iek\u013c\u016b\u0161anu, padarot to uzticamu lietus, sniega un j\u016bras vid\u0113.<\/p>\n<h3>Premium komponenti<\/h3>\n<ul>\n<li>Bohler M390MK tanto asmens<\/li>\n<li>6061-T6 alum\u012bnija rokturis ar 3M Traction Tape ielaidumiem<\/li>\n<li>24 sil\u012bcija karb\u012bda gult\u0146u darb\u012bbas sist\u0113ma<\/li>\n<li>Pace\u013cams p\u0101rn\u0113s\u0101\u0161anas kabatas klipsis<\/li>\n<li>Izplat\u012bta Torx aparat\u016bra \u0113rtai apkopei<\/li>\n<li>\u016adensiztur\u012bga konstrukcija<\/li>\n<\/ul>\n<h3>Specifik\u0101cijas<\/h3>\n<table class=\"shop_attributes\">\n<tbody>\n<tr>\n<td><strong>Veids<\/strong><\/td>\n<td>Autom\u0101tisk\u0101 mape<\/td>\n<\/tr>\n<tr>\n<td><strong>Asmens garums<\/strong><\/td>\n<td>3,50\u00a0collas<\/td>\n<\/tr>\n<tr>\n<td><strong>Kop\u0113jais garums<\/strong><\/td>\n<td>8,00 collas<\/td>\n<\/tr>\n<tr>\n<td><strong>Roktura garums<\/strong><\/td>\n<td>4,50\u00a0collas<\/td>\n<\/tr>\n<tr>\n<td><strong>Asmens t\u0113rauds<\/strong><\/td>\n<td>Bohler\u00a0M390MK<\/td>\n<\/tr>\n<tr>\n<td><strong>Rokturis materi\u0101ls<\/strong><\/td>\n<td>6061-T6 alum\u012bnijs ar 3M vilces lentes ielaidumiem<\/td>\n<\/tr>\n<tr>\n<td><strong>Svars<\/strong><\/td>\n<td>3,60\u00a0oz<\/td>\n<\/tr>\n<tr>\n<td><strong>Kabatas saspraude<\/strong><\/td>\n<td>Tip-Up Carry<\/td>\n<\/tr>\n<tr>\n<td><strong>Gult\u0146i<\/strong><\/td>\n<td>24 sil\u012bcija karb\u012bds<\/td>\n<\/tr>\n<tr>\n<td><strong>Izcelsmes valsts<\/strong><\/td>\n<td>ASV<\/td>\n<\/tr>\n<tr>\n<td><strong>Roktura kr\u0101sa<\/strong><\/td>\n<td>OD za\u013c\u0161<\/td>\n<\/tr>\n<tr>\n<td><strong>Asmens apdare<\/strong><\/td>\n<td>Melns DLC<\/td>\n<\/tr>\n<tr>\n<td><strong>Apmales veids<\/strong><\/td>\n<td>Da\u013c\u0113ji robains<\/td>\n<\/tr>\n<\/tbody>\n<\/table>\n","protected":false},"excerpt":{"rendered":"<p>L.U.D.T. Gen III autom\u0101tisk\u0101 mape OD za\u013c\u0101 kr\u0101s\u0101 ar melnu DLC da\u013c\u0113ji robainu M390MK tanto asmeni. Ir 24 sil\u012bcija karb\u012bda gult\u0146i un 3M Traction Tape ielaidumi. 3,50\u00a0collu asmens, 8,00\u00a0collas kop\u0113jais.<\/p>\n","protected":false},"featured_media":731842,"template":"","meta":{"_acf_changed":false},"product_brand":[15529],"product_cat":[15385,15365],"product_tag":[],"class_list":{"0":"post-732364","1":"product","2":"type-product","3":"status-publish","4":"has-post-thumbnail","6":"product_brand-microtech","7":"product_cat-folding-knives-lv","8":"product_cat-knives-lv","10":"first","11":"instock","12":"taxable","13":"shipping-taxable","14":"purchasable","15":"product-type-simple"},"acf":[],"_links":{"self":[{"href":"https:\/\/nbg.eu\/lv\/wp-json\/wp\/v2\/product\/732364","targetHints":{"allow":["GET"]}}],"collection":[{"href":"https:\/\/nbg.eu\/lv\/wp-json\/wp\/v2\/product"}],"about":[{"href":"https:\/\/nbg.eu\/lv\/wp-json\/wp\/v2\/types\/product"}],"wp:featuredmedia":[{"embeddable":true,"href":"https:\/\/nbg.eu\/lv\/wp-json\/wp\/v2\/media\/731842"}],"wp:attachment":[{"href":"https:\/\/nbg.eu\/lv\/wp-json\/wp\/v2\/media?parent=732364"}],"wp:term":[{"taxonomy":"product_brand","embeddable":true,"href":"https:\/\/nbg.eu\/lv\/wp-json\/wp\/v2\/product_brand?post=732364"},{"taxonomy":"product_cat","embeddable":true,"href":"https:\/\/nbg.eu\/lv\/wp-json\/wp\/v2\/product_cat?post=732364"},{"taxonomy":"product_tag","embeddable":true,"href":"https:\/\/nbg.eu\/lv\/wp-json\/wp\/v2\/product_tag?post=732364"}],"curies":[{"name":"wp","href":"https:\/\/api.w.org\/{rel}","templated":true}]}}