{"id":732367,"date":"2026-03-13T17:32:22","date_gmt":"2026-03-13T14:32:22","guid":{"rendered":"https:\/\/nbg.eu\/product\/microtech-scarab-ii-gen-iii-t-e-dlc-shadow-signature-series-2\/"},"modified":"2026-03-30T15:41:33","modified_gmt":"2026-03-30T12:41:33","slug":"microtech-scarab-ii-gen-iii-t-e-dlc-shadow-signature-series-2","status":"publish","type":"product","link":"https:\/\/nbg.eu\/lv\/product\/microtech-scarab-ii-gen-iii-t-e-dlc-shadow-signature-series-2\/","title":{"rendered":"Microtech Scarab II Gen III T\/E DLC Shadow Signature s\u0113rija"},"content":{"rendered":"<h2>P\u0101rskats<\/h2>\n<p>Microtech Scarab II Gen III ir liel\u0101kais divk\u0101r\u0161\u0101s darb\u012bbas OTF nazis Microtech pa\u0161reiz\u0113j\u0101 kl\u0101st\u0101 ar plat\u0101ko pieejamo asmeni un iespaid\u012bgo 9,70\u00a0collu kop\u0113jo garumu. \u0160im Black DLC Shadow variantam ir ar DLC p\u0101rkl\u0101ts tanto asmens no Bohler M390MK t\u0113rauda. Revolucion\u0101rais divk\u0101r\u0161\u0101s degvielas piedzi\u0146a ar pietiekamu piedzi\u0146u. zem\u016bdens, savuk\u0101rt kont\u016brveida rokturis ar tekstur\u0113tiem ielikt\u0146iem nodro\u0161ina dro\u0161u un \u0113rtu satv\u0113rienu ilgsto\u0161ai lieto\u0161anai.<\/p>\n<h3>Liel\u0101kais dubult\u0101s darb\u012bbas OTF<\/h3>\n<p>Scarab II, kas sver aptuveni 5,9 unces ar gandr\u012bz 4\u00a0collu asmeni, p\u0101rvalda autorit\u0101ti. T\u0101 platais tanto asmens profils nodro\u0161ina izcilu grie\u0161anas veiktsp\u0113ju un uzga\u013ca iztur\u012bbu pras\u012bgu uzdevumu veik\u0161anai.<\/p>\n<h3>Divdegvielu piedzi\u0146a<\/h3>\n<p>Divu atsperu dizains rada pietiekami daudz sp\u0113ka, lai asmeni var\u0113tu dro\u0161i novietot pat iegremd\u0113jot \u016bden\u012b, padarot Scarab II par vienu no uzticam\u0101kajiem OTF na\u017eiem, kas jebkad ra\u017eoti.<\/p>\n<h3>Aizmugures p\u0101rne\u0161anas dizains<\/h3>\n<p>P\u0101rdom\u0101ti izstr\u0101d\u0101ta aizmugures atvere \u013cauj bez piep\u016bles atv\u0113rt nazi pat sare\u017e\u0123\u012btos apst\u0101k\u013cos, izmantojot reljefu griezumus asmen\u012b un saduras gal\u0101, lai nodro\u0161in\u0101tu caurpl\u016bdes dizainu.<\/p>\n<h3>Premium komponenti<\/h3>\n<ul>\n<li>Bohler M390MK plats tanto asmens<\/li>\n<li>6061-T6 alum\u012bnija kont\u016brveida rokturis<\/li>\n<li>Divu degvielu piedzi\u0146a ar zem\u016bdens izvieto\u0161anas iesp\u0113ju<\/li>\n<li>Tekstur\u0113ti sa\u0137eres ielikt\u0146i uzlabotai sa\u0137erei<\/li>\n<li>Aizmugures p\u0101rne\u0161ana uzticamai darb\u012bbai<\/li>\n<li>Caurpl\u016bsto\u0161s dizains ar reljefa griezumiem<\/li>\n<li>DLC-coated hardware and pocket clip<\/li>\n<li>Signature s\u0113rijas dzi\u013ci iegrav\u0113ts Scarab logotips<\/li>\n<\/ul>\n<h3>Specifik\u0101cijas<\/h3>\n<table class=\"shop_attributes\">\n<tbody>\n<tr>\n<td><strong>Veids<\/strong><\/td>\n<td>\u0100rpuses autom\u0101tika<\/td>\n<\/tr>\n<tr>\n<td><strong>Asmens garums<\/strong><\/td>\n<td>3,95\u00a0collas<\/td>\n<\/tr>\n<tr>\n<td><strong>Kop\u0113jais garums<\/strong><\/td>\n<td>9,70\u00a0collas<\/td>\n<\/tr>\n<tr>\n<td><strong>Asmens t\u0113rauds<\/strong><\/td>\n<td>Bohler M390MK (DLC Coated)<\/td>\n<\/tr>\n<tr>\n<td><strong>Rokturis materi\u0101ls<\/strong><\/td>\n<td>6061-T6 Aluminum (Black DLC Shadow)<\/td>\n<\/tr>\n<tr>\n<td><strong>Svars<\/strong><\/td>\n<td>~5,9\u00a0oz<\/td>\n<\/tr>\n<tr>\n<td><strong>Asmens stils<\/strong><\/td>\n<td>Tanto (T\/E)<\/td>\n<\/tr>\n<tr>\n<td><strong>Asmens apdare<\/strong><\/td>\n<td>DLC Shadow<\/td>\n<\/tr>\n<tr>\n<td><strong>Aparat\u016bra<\/strong><\/td>\n<td>DLC Coated<\/td>\n<\/tr>\n<tr>\n<td><strong>Apmales veids<\/strong><\/td>\n<td>Vienk\u0101r\u0161s<\/td>\n<\/tr>\n<tr>\n<td><strong>S\u0113rija<\/strong><\/td>\n<td>Parakstu s\u0113rija<\/td>\n<\/tr>\n<tr>\n<td><strong>Izcelsmes valsts<\/strong><\/td>\n<td>ASV<\/td>\n<\/tr>\n<\/tbody>\n<\/table>\n","protected":false},"excerpt":{"rendered":"<p>Scarab II Gen III Signature s\u0113rija ar pilnu DLC Shadow apdari\u00a0\u2014 ar DLC p\u0101rkl\u0101jumu M390MK tanto asmens, DLC aparat\u016bra un melns alum\u012bnija rokturis. Microtech\u2019s largest OTF. 3.95\u2033 blade, 9.70\u2033 overall.<\/p>\n","protected":false},"featured_media":731852,"template":"","meta":{"_acf_changed":false},"product_brand":[15529],"product_cat":[15365,16000],"product_tag":[],"class_list":{"0":"post-732367","1":"product","2":"type-product","3":"status-publish","4":"has-post-thumbnail","6":"product_brand-microtech","7":"product_cat-knives-lv","8":"product_cat-otf-knives-lv","10":"first","11":"outofstock","12":"taxable","13":"shipping-taxable","14":"purchasable","15":"product-type-simple"},"acf":[],"_links":{"self":[{"href":"https:\/\/nbg.eu\/lv\/wp-json\/wp\/v2\/product\/732367","targetHints":{"allow":["GET"]}}],"collection":[{"href":"https:\/\/nbg.eu\/lv\/wp-json\/wp\/v2\/product"}],"about":[{"href":"https:\/\/nbg.eu\/lv\/wp-json\/wp\/v2\/types\/product"}],"wp:featuredmedia":[{"embeddable":true,"href":"https:\/\/nbg.eu\/lv\/wp-json\/wp\/v2\/media\/731852"}],"wp:attachment":[{"href":"https:\/\/nbg.eu\/lv\/wp-json\/wp\/v2\/media?parent=732367"}],"wp:term":[{"taxonomy":"product_brand","embeddable":true,"href":"https:\/\/nbg.eu\/lv\/wp-json\/wp\/v2\/product_brand?post=732367"},{"taxonomy":"product_cat","embeddable":true,"href":"https:\/\/nbg.eu\/lv\/wp-json\/wp\/v2\/product_cat?post=732367"},{"taxonomy":"product_tag","embeddable":true,"href":"https:\/\/nbg.eu\/lv\/wp-json\/wp\/v2\/product_tag?post=732367"}],"curies":[{"name":"wp","href":"https:\/\/api.w.org\/{rel}","templated":true}]}}