{"id":732372,"date":"2026-03-13T17:33:03","date_gmt":"2026-03-13T14:33:03","guid":{"rendered":"https:\/\/nbg.eu\/product\/microtech-amphibian-ram-lok-s-e-fluted-partial-serrated-tan-2\/"},"modified":"2026-03-16T12:46:34","modified_gmt":"2026-03-16T09:46:34","slug":"microtech-amphibian-ram-lok-s-e-fluted-partial-serrated-tan-2","status":"publish","type":"product","link":"https:\/\/nbg.eu\/lv\/product\/microtech-amphibian-ram-lok-s-e-fluted-partial-serrated-tan-2\/","title":{"rendered":"Microtech Amphibian RAM-LOK S\/E rievots, da\u013c\u0113ji zobains dzeltenbr\u016bns"},"content":{"rendered":"<h2>P\u0101rskats<\/h2>\n<p>Microtech Amphibian RAM-LOK atgrie\u017e klasisko Amphibian asmens profilu, kas savulaik tika slav\u0113ts k\u0101 lab\u0101kais Microtech jebkad ra\u017eotais EDC nazis ar moderno RAM-LOK stie\u0146a blo\u0137\u0113\u0161anas meh\u0101nismu. \u0160im Tan variantam ir melns ar DLC p\u0101rkl\u0101jumu da\u013c\u0113ji zobains vienas malas asmens no Bohler M390MK t\u0113rauda, \u200b\u200bkas ir novietots skaisti izliekt\u0101 alum\u012bnija roktur\u012b. Sist\u0113ma RAM-LOK nodro\u0161ina \u0161\u0137\u0113rsstie\u0146a stila blo\u0137\u0113\u0161anu, izmantojot cietu t\u0113rauda sagatavi, ko darbina viena spir\u0101lveida atspere, nodro\u0161inot stingru blo\u0137\u0113\u0161anu ar abpus\u0113ji pirkstu dro\u0161u aizv\u0113r\u0161anu.<\/p>\n<h3>RAM-LOK joslas blo\u0137\u0113\u0161anas sist\u0113ma<\/h3>\n<p>RAM-LOK izmanto cietu t\u0113rauda sagatavju \u0161\u0137\u0113rsstieni, ko darbina viena spir\u0101lveida atspere, nodro\u0161inot vienu no sp\u0113c\u012bg\u0101kajiem un uzticam\u0101kajiem pieejamajiem blo\u0137\u0113\u0161anas meh\u0101nismiem. Dizains \u013cauj dro\u0161i aizv\u0113rt ar pirkstiem no ab\u0101m roktura pus\u0113m, lai nodro\u0161in\u0101tu abpus\u012bgu darb\u012bbu.<\/p>\n<h3>Klasiskais abinieku asmens profils<\/h3>\n<p>Amf\u012bbijas rakstur\u012bg\u0101 asme\u0146u \u0123eometrija ir mikrotehnolo\u0123ijas ikona, kas paredz\u0113ta daudzpus\u012bgai grie\u0161anas veiktsp\u0113jai, kas ir izcila gan prec\u012bzos, gan pras\u012bg\u0101kos lietojumos.<\/p>\n<h3>Grievota alum\u012bnija konstrukcija<\/h3>\n<p>Prec\u012bzi rievotais 6061-T6 alum\u012bnija rokturis samazina svaru, vienlaikus radot vizu\u0101li p\u0101rsteidzo\u0161u rakstu un papildu satv\u0113riena tekst\u016bru. Tan anod\u0113\u0161ana pie\u0161\u0137ir siltu, taktisku est\u0113tiku.<\/p>\n<h3>Premium komponenti<\/h3>\n<ul>\n<li>Bohler M390MK vienas malas asmens ar DLC p\u0101rkl\u0101jumu<\/li>\n<li>Freed 6061-T6 alum\u012bnija rokturis (Tan)<\/li>\n<li>RAM-LOK \u0161\u0137\u0113rsstie\u0146a blo\u0137\u0113\u0161anas meh\u0101nisms<\/li>\n<li>Atgriezenisks tit\u0101na kabatas klipsis<\/li>\n<li>Pagaidu p\u0101rn\u0113s\u0101\u0161anas konfigur\u0101cija<\/li>\n<\/ul>\n<h3>Specifik\u0101cijas<\/h3>\n<table class=\"shop_attributes\">\n<tbody>\n<tr>\n<td><strong>Veids<\/strong><\/td>\n<td>Manu\u0101l\u0101 mape<\/td>\n<\/tr>\n<tr>\n<td><strong>Asmens garums<\/strong><\/td>\n<td>3,90\u00a0collas<\/td>\n<\/tr>\n<tr>\n<td><strong>Kop\u0113jais garums<\/strong><\/td>\n<td>9,25\u00a0collas<\/td>\n<\/tr>\n<tr>\n<td><strong>Sl\u0113gts garums<\/strong><\/td>\n<td>5,38\u00a0collas<\/td>\n<\/tr>\n<tr>\n<td><strong>Asmens t\u0113rauds<\/strong><\/td>\n<td>Bohler\u00a0M390MK<\/td>\n<\/tr>\n<tr>\n<td><strong>Rokturis materi\u0101ls<\/strong><\/td>\n<td>6061-T6 alum\u012bnijs, rievots (iedegums)<\/td>\n<\/tr>\n<tr>\n<td><strong>Svars<\/strong><\/td>\n<td>5,90 unces<\/td>\n<\/tr>\n<tr>\n<td><strong>Blo\u0137\u0113t<\/strong><\/td>\n<td>RAM-LOK joslas blo\u0137\u0113\u0161ana<\/td>\n<\/tr>\n<tr>\n<td><strong>Asmens stils<\/strong><\/td>\n<td>Single Edge (S\/E)<\/td>\n<\/tr>\n<tr>\n<td><strong>Asmens apdare<\/strong><\/td>\n<td>Melns DLC<\/td>\n<\/tr>\n<tr>\n<td><strong>Apmales veids<\/strong><\/td>\n<td>Da\u013c\u0113ji robains<\/td>\n<\/tr>\n<tr>\n<td><strong>Kabatas saspraude<\/strong><\/td>\n<td>Atgriezenisks tit\u0101ns, pace\u013cams<\/td>\n<\/tr>\n<tr>\n<td><strong>Izcelsmes valsts<\/strong><\/td>\n<td>ASV<\/td>\n<\/tr>\n<\/tbody>\n<\/table>\n","protected":false},"excerpt":{"rendered":"<p>Amphibian RAM-LOK manu\u0101la mape dzeltenbr\u016bn\u0101 kr\u0101s\u0101 ar melnu DLC da\u013c\u0113ji robainu M390MK vienas malas asmeni. Rievots alum\u012bnija rokturis ar RAM-LOK stie\u0146a fiksatoru. 3,90\u00a0collu asmens, 9,25\u00a0collas kop\u0113jais, 5,9\u00a0unces.<\/p>\n","protected":false},"featured_media":731872,"template":"","meta":{"_acf_changed":false},"product_brand":[15529],"product_cat":[15385,15365],"product_tag":[],"class_list":{"0":"post-732372","1":"product","2":"type-product","3":"status-publish","4":"has-post-thumbnail","6":"product_brand-microtech","7":"product_cat-folding-knives-lv","8":"product_cat-knives-lv","10":"first","11":"instock","12":"taxable","13":"shipping-taxable","14":"purchasable","15":"product-type-simple"},"acf":[],"_links":{"self":[{"href":"https:\/\/nbg.eu\/lv\/wp-json\/wp\/v2\/product\/732372","targetHints":{"allow":["GET"]}}],"collection":[{"href":"https:\/\/nbg.eu\/lv\/wp-json\/wp\/v2\/product"}],"about":[{"href":"https:\/\/nbg.eu\/lv\/wp-json\/wp\/v2\/types\/product"}],"wp:featuredmedia":[{"embeddable":true,"href":"https:\/\/nbg.eu\/lv\/wp-json\/wp\/v2\/media\/731872"}],"wp:attachment":[{"href":"https:\/\/nbg.eu\/lv\/wp-json\/wp\/v2\/media?parent=732372"}],"wp:term":[{"taxonomy":"product_brand","embeddable":true,"href":"https:\/\/nbg.eu\/lv\/wp-json\/wp\/v2\/product_brand?post=732372"},{"taxonomy":"product_cat","embeddable":true,"href":"https:\/\/nbg.eu\/lv\/wp-json\/wp\/v2\/product_cat?post=732372"},{"taxonomy":"product_tag","embeddable":true,"href":"https:\/\/nbg.eu\/lv\/wp-json\/wp\/v2\/product_tag?post=732372"}],"curies":[{"name":"wp","href":"https:\/\/api.w.org\/{rel}","templated":true}]}}