{"id":732373,"date":"2026-03-13T17:33:09","date_gmt":"2026-03-13T14:33:09","guid":{"rendered":"https:\/\/nbg.eu\/product\/microtech-msi-s-e-black-standard-frag-aluminum-od-green-2\/"},"modified":"2026-03-16T12:46:39","modified_gmt":"2026-03-16T09:46:39","slug":"microtech-msi-s-e-black-standard-frag-aluminum-od-green-2","status":"publish","type":"product","link":"https:\/\/nbg.eu\/lv\/product\/microtech-msi-s-e-black-standard-frag-aluminum-od-green-2\/","title":{"rendered":"Microtech MSI S\/E Black Standard Frag Alum\u012bnija OD Green"},"content":{"rendered":"<h2>P\u0101rskats<\/h2>\n<p>Microtech MSI (Microtech Standard Issue) ir Microtech manu\u0101lo mapju izstr\u0101des virsotne, apvienojot lieljaudas util\u012btu ar izsmalcin\u0101tu dizainu. \u0160im OD Green Frag variantam ir divu to\u0146u melns M390MK vienas malas asmens ar rakstur\u012bgu skr\u0101p\u0113jumu raksta alum\u012bnija rokturi, kas nodro\u0161ina gan vizu\u0101lu at\u0161\u0137ir\u012bbu, gan uzlabotu satv\u0113riena tekst\u016bru. RAM-LOK stie\u0146a blo\u0137\u0113\u0161anas meh\u0101nisms nodro\u0161ina stabilu blo\u0137\u0113\u0161anu ar abpus\u0113ji pirkstu dro\u0161u aizv\u0113r\u0161anu, savuk\u0101rt ikonisk\u0101 X poga ab\u0101s pus\u0113s pie\u0161\u0137ir \u012bpa\u0161u mikrotehnolo\u0123iju.<\/p>\n<h3>RAM-LOK joslas blo\u0137\u0113\u0161anas sist\u0113ma<\/h3>\n<p>\u0160\u0137\u0113rsstie\u0146a stila blo\u0137\u0113\u0161anas sist\u0113ma, kas izmanto cietu t\u0113rauda sagatavi, ko darbina viena spir\u0101lveida atspere, nodro\u0161inot liel\u0101ku iztur\u012bbu un dro\u0161u veidu, k\u0101 aizv\u0113rt nazi no ab\u0101m pus\u0113m. RAM-LOK ir viens no sp\u0113c\u012bg\u0101kajiem un uzticam\u0101kajiem pieejamajiem manu\u0101lajiem mapju blo\u0137\u0113\u0161anas meh\u0101nismiem.<\/p>\n<h3>Frag-Pattern alum\u012bnija rokturis<\/h3>\n<p>6061-T6 alum\u012bnija roktur\u012b iestr\u0101d\u0101tais agres\u012bvais fr\u0113z\u0113\u0161anas raksts rada gan rakstur\u012bgu taktisku est\u0113tisku, gan funkcion\u0101lu sa\u0137eres uzlabojumu. R\u016bd\u012bta t\u0113rauda oder\u0113juma pl\u0101ksnes pie\u0161\u0137ir konstrukcijai stingr\u012bbu.<\/p>\n<h3>Ikonisk\u0101 X poga<\/h3>\n<p>MSI rakstur\u012bg\u0101 X poga roktura ab\u0101s pus\u0113s nodro\u0161ina at\u0161\u0137ir\u012bgu vizu\u0101lo elementu, vienlaikus kalpojot k\u0101 taustes atskaites punkts roktura orient\u0101cijai.<\/p>\n<h3>Premium komponenti<\/h3>\n<ul>\n<li>Bohler M390MK vienas malas asmens<\/li>\n<li>OD za\u013c\u0161, fragments 6061-T6 alum\u012bnija rokturis<\/li>\n<li>R\u016bd\u012bta t\u0113rauda oder\u0113juma pl\u0101ksnes<\/li>\n<li>RAM-LOK \u0161\u0137\u0113rsstie\u0146a blo\u0137\u0113\u0161anas meh\u0101nisms<\/li>\n<li>Titanium backspacer<\/li>\n<li>Atgriezenisks kabatas klipsis p\u0101rn\u0113s\u0101\u0161anai kreisaj\u0101 pus\u0113<\/li>\n<li>Ikonisk\u0101 poga X (ab\u0101s pus\u0113s)<\/li>\n<\/ul>\n<h3>Specifik\u0101cijas<\/h3>\n<table class=\"shop_attributes\">\n<tbody>\n<tr>\n<td><strong>Veids<\/strong><\/td>\n<td>Manu\u0101l\u0101 mape<\/td>\n<\/tr>\n<tr>\n<td><strong>Asmens garums<\/strong><\/td>\n<td>3,88\u00a0collas<\/td>\n<\/tr>\n<tr>\n<td><strong>Kop\u0113jais garums<\/strong><\/td>\n<td>8,93\u00a0collas<\/td>\n<\/tr>\n<tr>\n<td><strong>Asmens biezums<\/strong><\/td>\n<td>0,16 collas<\/td>\n<\/tr>\n<tr>\n<td><strong>Asmens t\u0113rauds<\/strong><\/td>\n<td>Bohler\u00a0M390MK<\/td>\n<\/tr>\n<tr>\n<td><strong>Rokturis materi\u0101ls<\/strong><\/td>\n<td>6061-T6 alum\u012bnijs, \u0161\u0137embu raksts (OD za\u013c\u0161)<\/td>\n<\/tr>\n<tr>\n<td><strong>Svars<\/strong><\/td>\n<td>5,00 unces<\/td>\n<\/tr>\n<tr>\n<td><strong>Blo\u0137\u0113t<\/strong><\/td>\n<td>RAM-LOK joslas blo\u0137\u0113\u0161ana<\/td>\n<\/tr>\n<tr>\n<td><strong>Asmens stils<\/strong><\/td>\n<td>Single Edge (S\/E)<\/td>\n<\/tr>\n<tr>\n<td><strong>Asmens apdare<\/strong><\/td>\n<td>Melns (divu to\u0146u)<\/td>\n<\/tr>\n<tr>\n<td><strong>Apmales veids<\/strong><\/td>\n<td>Vienk\u0101r\u0161s<\/td>\n<\/tr>\n<tr>\n<td><strong>Izcelsmes valsts<\/strong><\/td>\n<td>ASV<\/td>\n<\/tr>\n<\/tbody>\n<\/table>\n","protected":false},"excerpt":{"rendered":"<p>MSI (Microtech Standard Issue) manu\u0101la mape OD Green Frag alum\u012bnija kr\u0101s\u0101 ar divu to\u0146u melnu M390MK vienas malas asmeni. RAM-LOK joslas sl\u0113dzene ar ikonisku X pogu. 3,88\u00a0collu asmens, 8,93\u00a0collas kop\u0113jais, 5,0 unces.<\/p>\n","protected":false},"featured_media":731876,"template":"","meta":{"_acf_changed":false},"product_brand":[15529],"product_cat":[15385,15365],"product_tag":[],"class_list":{"0":"post-732373","1":"product","2":"type-product","3":"status-publish","4":"has-post-thumbnail","6":"product_brand-microtech","7":"product_cat-folding-knives-lv","8":"product_cat-knives-lv","10":"first","11":"instock","12":"taxable","13":"shipping-taxable","14":"purchasable","15":"product-type-simple"},"acf":[],"_links":{"self":[{"href":"https:\/\/nbg.eu\/lv\/wp-json\/wp\/v2\/product\/732373","targetHints":{"allow":["GET"]}}],"collection":[{"href":"https:\/\/nbg.eu\/lv\/wp-json\/wp\/v2\/product"}],"about":[{"href":"https:\/\/nbg.eu\/lv\/wp-json\/wp\/v2\/types\/product"}],"wp:featuredmedia":[{"embeddable":true,"href":"https:\/\/nbg.eu\/lv\/wp-json\/wp\/v2\/media\/731876"}],"wp:attachment":[{"href":"https:\/\/nbg.eu\/lv\/wp-json\/wp\/v2\/media?parent=732373"}],"wp:term":[{"taxonomy":"product_brand","embeddable":true,"href":"https:\/\/nbg.eu\/lv\/wp-json\/wp\/v2\/product_brand?post=732373"},{"taxonomy":"product_cat","embeddable":true,"href":"https:\/\/nbg.eu\/lv\/wp-json\/wp\/v2\/product_cat?post=732373"},{"taxonomy":"product_tag","embeddable":true,"href":"https:\/\/nbg.eu\/lv\/wp-json\/wp\/v2\/product_tag?post=732373"}],"curies":[{"name":"wp","href":"https:\/\/api.w.org\/{rel}","templated":true}]}}