{"id":732374,"date":"2026-03-13T17:33:16","date_gmt":"2026-03-13T14:33:16","guid":{"rendered":"https:\/\/nbg.eu\/product\/microtech-dirac-delta-d-e-dlc-shadow-signature-series-2\/"},"modified":"2026-03-30T15:46:18","modified_gmt":"2026-03-30T12:46:18","slug":"microtech-dirac-delta-d-e-dlc-shadow-signature-series-2","status":"publish","type":"product","link":"https:\/\/nbg.eu\/lv\/product\/microtech-dirac-delta-d-e-dlc-shadow-signature-series-2\/","title":{"rendered":"Microtech Dirac Delta D\/E DLC Shadow Signature s\u0113rija"},"content":{"rendered":"<h2>P\u0101rskats<\/h2>\n<p>Microtech Dirac Delta D\/E DLC Shadow ir Microtech novatorisk\u0101s augst\u0101k\u0101s uguns OTF autom\u0101tisk\u0101s sist\u0113mas Signature Series variants. Delta, kas veidota p\u0113c pioniera Dirac, ir t\u0101da pati ergonomisk\u0101 \u0161asija un inovat\u012bvs iek\u0161\u0113jais meh\u0101nisms iztur\u012bg\u0101k\u0101 izm\u0113r\u0101. \u0160im Shadow izdevumam ir piln\u012bgs DLC (Diamond-Like Carbon) p\u0101rkl\u0101jums uz M390MK dun\u010da asmens, alum\u012bnija rokturis, aparat\u016bra un kabatas klipsi. Noteikt\u0101 aug\u0161pus\u0113 uzst\u0101d\u012bt\u0101 palai\u0161anas poga nodro\u0161ina intuit\u012bvu, abpus\u0113ji v\u0113rstu asme\u0146a izvieto\u0161anu un ievilk\u0161anu ar dabisku \u012bk\u0161\u0137a kust\u012bbu.<\/p>\n<h3>Aug\u0161pus\u0113 uzst\u0101d\u012bta palai\u0161anas poga<\/h3>\n<p>At\u0161\u0137ir\u012bb\u0101 no s\u0101niski iz\u0161aujamiem OTF na\u017eiem, Dirac Delta uz v\u0101ka uzst\u0101d\u012bt\u0101 poga nodro\u0161ina dabisku, intuit\u012bvu \u012bk\u0161\u0137a nospie\u0161anu, lai asmeni novietotu un ievilktu. Dizains nodro\u0161ina patiesu abpus\u0113ju darb\u012bbu, nep\u0101rvietojot roku.<\/p>\n<h3>Ergonomiska, HALO iedvesmota \u0161asija<\/h3>\n<p>Dirac Delta \u0161asijai ir izliektas l\u012bnijas, kuras iedvesmojis le\u0123end\u0101rais Microtech HALO, radot \u012bpa\u0161u saj\u016btu rok\u0101, kas to at\u0161\u0137ir no tradicion\u0101lajiem taisn\u0101s malas OTF dizainiem.<\/p>\n<h3>DLC \u0113nu apdare<\/h3>\n<p>Piln\u012bgs dimantam l\u012bdz\u012bgs oglek\u013ca p\u0101rkl\u0101jums vis\u0101m virsm\u0101m nodro\u0161ina \u0101rk\u0101rt\u0113ju ciet\u012bbu, nodilumiztur\u012bbu un gludu, aptum\u0161otu est\u0113tiku. DLC apdare papildus jau iztur\u012bgajam M390MK t\u0113raudam nodro\u0161ina ar\u012b aizsardz\u012bbu pret koroziju.<\/p>\n<h3>Premium komponenti<\/h3>\n<ul>\n<li>Bohler\u00a0M390MK divu malu dun\u010da asmens ar DLC p\u0101rkl\u0101jumu<\/li>\n<li>6061-T6 alum\u012bnija rokturis ar DLC Shadow apdari<\/li>\n<li>DLC p\u0101rkl\u0101jumu aparat\u016bra un kabatas klipsis<\/li>\n<li>Aug\u0161pus\u0113 uzst\u0101d\u012bta palai\u0161anas poga abpus\u012bgai darb\u012bbai<\/li>\n<li>Integr\u0113ts stikla lauz\u0113js<\/li>\n<li>Paraksta s\u0113rijas apz\u012bm\u0113jums<\/li>\n<\/ul>\n<h3>Specifik\u0101cijas<\/h3>\n<table class=\"shop_attributes\">\n<tbody>\n<tr>\n<td><strong>Veids<\/strong><\/td>\n<td>\u0100rpuses autom\u0101tika<\/td>\n<\/tr>\n<tr>\n<td><strong>Asmens garums<\/strong><\/td>\n<td>3,79\u00a0collas<\/td>\n<\/tr>\n<tr>\n<td><strong>Kop\u0113jais garums<\/strong><\/td>\n<td>9,40\u00a0collas<\/td>\n<\/tr>\n<tr>\n<td><strong>Roktura garums<\/strong><\/td>\n<td>5,50\u00a0collas<\/td>\n<\/tr>\n<tr>\n<td><strong>Asmens t\u0113rauds<\/strong><\/td>\n<td>Bohler\u00a0M390MK (ar DLC p\u0101rkl\u0101jumu)<\/td>\n<\/tr>\n<tr>\n<td><strong>Rokturis materi\u0101ls<\/strong><\/td>\n<td>6061-T6 alum\u012bnijs (DLC \u0113na)<\/td>\n<\/tr>\n<tr>\n<td><strong>Svars<\/strong><\/td>\n<td>4,60\u00a0oz<\/td>\n<\/tr>\n<tr>\n<td><strong>Asmens stils<\/strong><\/td>\n<td>Duncis \/ Double Edge (D\/A)<\/td>\n<\/tr>\n<tr>\n<td><strong>Asmens apdare<\/strong><\/td>\n<td>DLC \u0113na<\/td>\n<\/tr>\n<tr>\n<td><strong>Aparat\u016bra<\/strong><\/td>\n<td>DLC p\u0101rkl\u0101jums<\/td>\n<\/tr>\n<tr>\n<td><strong>Apmales veids<\/strong><\/td>\n<td>Vienk\u0101r\u0161s<\/td>\n<\/tr>\n<tr>\n<td><strong>S\u0113rija<\/strong><\/td>\n<td>Parakstu s\u0113rija<\/td>\n<\/tr>\n<tr>\n<td><strong>Izcelsmes valsts<\/strong><\/td>\n<td>ASV<\/td>\n<\/tr>\n<\/tbody>\n<\/table>\n","protected":false},"excerpt":{"rendered":"<p>Dirac Delta Signature Series OTF autom\u0101ts ar pilnu DLC Shadow apdari\u00a0\u2014 ar DLC p\u0101rkl\u0101jumu M390MK dubult\u0101 dun\u010da asmens un DLC alum\u012bnija rokturis. Aug\u0161pus\u0113 uzst\u0101d\u012bta \u0161au\u0161anas poga. 3,79\u00a0collu asmens, 9,40\u00a0collas kop\u0113jais, 4,6\u00a0unces.<\/p>\n","protected":false},"featured_media":731880,"template":"","meta":{"_acf_changed":false},"product_brand":[15529],"product_cat":[15365,16000],"product_tag":[],"class_list":{"0":"post-732374","1":"product","2":"type-product","3":"status-publish","4":"has-post-thumbnail","6":"product_brand-microtech","7":"product_cat-knives-lv","8":"product_cat-otf-knives-lv","10":"first","11":"outofstock","12":"taxable","13":"shipping-taxable","14":"purchasable","15":"product-type-simple"},"acf":[],"_links":{"self":[{"href":"https:\/\/nbg.eu\/lv\/wp-json\/wp\/v2\/product\/732374","targetHints":{"allow":["GET"]}}],"collection":[{"href":"https:\/\/nbg.eu\/lv\/wp-json\/wp\/v2\/product"}],"about":[{"href":"https:\/\/nbg.eu\/lv\/wp-json\/wp\/v2\/types\/product"}],"wp:featuredmedia":[{"embeddable":true,"href":"https:\/\/nbg.eu\/lv\/wp-json\/wp\/v2\/media\/731880"}],"wp:attachment":[{"href":"https:\/\/nbg.eu\/lv\/wp-json\/wp\/v2\/media?parent=732374"}],"wp:term":[{"taxonomy":"product_brand","embeddable":true,"href":"https:\/\/nbg.eu\/lv\/wp-json\/wp\/v2\/product_brand?post=732374"},{"taxonomy":"product_cat","embeddable":true,"href":"https:\/\/nbg.eu\/lv\/wp-json\/wp\/v2\/product_cat?post=732374"},{"taxonomy":"product_tag","embeddable":true,"href":"https:\/\/nbg.eu\/lv\/wp-json\/wp\/v2\/product_tag?post=732374"}],"curies":[{"name":"wp","href":"https:\/\/api.w.org\/{rel}","templated":true}]}}