{"id":734317,"date":"2026-03-24T13:40:18","date_gmt":"2026-03-24T10:40:18","guid":{"rendered":"https:\/\/nbg.eu\/product\/bergara-b14-aics-aptvere-short-action-10-patronu\/"},"modified":"2026-04-02T14:37:40","modified_gmt":"2026-04-02T11:37:40","slug":"bergara-b14-aics-aptvere-short-action-10-patronu","status":"publish","type":"product","link":"https:\/\/nbg.eu\/lv\/product\/bergara-b14-aics-aptvere-short-action-10-patronu\/","title":{"rendered":"Bergara B14 AICS Aptvere Short Action 10 patronu"},"content":{"rendered":"<h2>Bergara B14 AICS Magazine Short Action 10-Round<\/h2>\n<p>Ori\u0123in\u0101la 10 patronu AICS aptvere B14 HMR. Sader\u012bga ar 6.5 Creedmoor un .308 Win.<\/p>\n<table class=\"product-specs\">\n<tbody>\n<tr>\n<th>Kalibrs<\/th>\n<td>6.5 Creedmoor \/ .308 Win<\/td>\n<\/tr>\n<tr>\n<th>Magaz\u012bnas ietilp\u012bba<\/th>\n<td>10 rounds<\/td>\n<\/tr>\n<tr>\n<th>Platform<\/th>\n<td>Bergara B14 Short Action (AICS)<\/td>\n<\/tr>\n<tr>\n<th>Materi\u0101ls<\/th>\n<td>Polyamide<\/td>\n<\/tr>\n<tr>\n<th>Manufacturer<\/th>\n<td>Bergara, Spain<\/td>\n<\/tr>\n<\/tbody>\n<\/table>\n","protected":false},"excerpt":{"rendered":"<p>Ori\u0123in\u0101la 10 patronu slim-line Bergara aptvere B14 AICS Short Action \u0161auten\u0113m. Sader\u012bga ar 6.5 Creedmoor, .308 Win. Viegla polim\u0113ra konstrukcija uzticamai pado\u0161anai sacens\u012bb\u0101s un med\u012bb\u0101s.<\/p>\n","protected":false},"featured_media":734318,"template":"","meta":{"_acf_changed":false},"product_brand":[16029],"product_cat":[13834],"product_tag":[],"class_list":{"0":"post-734317","1":"product","2":"type-product","3":"status-publish","4":"has-post-thumbnail","6":"product_brand-bergara","7":"product_cat-sautenes-magazinas","9":"first","10":"instock","11":"taxable","12":"shipping-taxable","13":"purchasable","14":"product-type-simple"},"acf":[],"_links":{"self":[{"href":"https:\/\/nbg.eu\/lv\/wp-json\/wp\/v2\/product\/734317","targetHints":{"allow":["GET"]}}],"collection":[{"href":"https:\/\/nbg.eu\/lv\/wp-json\/wp\/v2\/product"}],"about":[{"href":"https:\/\/nbg.eu\/lv\/wp-json\/wp\/v2\/types\/product"}],"wp:featuredmedia":[{"embeddable":true,"href":"https:\/\/nbg.eu\/lv\/wp-json\/wp\/v2\/media\/734318"}],"wp:attachment":[{"href":"https:\/\/nbg.eu\/lv\/wp-json\/wp\/v2\/media?parent=734317"}],"wp:term":[{"taxonomy":"product_brand","embeddable":true,"href":"https:\/\/nbg.eu\/lv\/wp-json\/wp\/v2\/product_brand?post=734317"},{"taxonomy":"product_cat","embeddable":true,"href":"https:\/\/nbg.eu\/lv\/wp-json\/wp\/v2\/product_cat?post=734317"},{"taxonomy":"product_tag","embeddable":true,"href":"https:\/\/nbg.eu\/lv\/wp-json\/wp\/v2\/product_tag?post=734317"}],"curies":[{"name":"wp","href":"https:\/\/api.w.org\/{rel}","templated":true}]}}