{"id":73734,"date":"2024-10-16T22:50:15","date_gmt":"2024-10-16T19:50:15","guid":{"rendered":"https:\/\/nbg.eu\/product\/casio-gba-800-1aer\/"},"modified":"2026-01-21T12:02:44","modified_gmt":"2026-01-21T09:02:44","slug":"casio-gba-800-1aer","status":"publish","type":"product","link":"https:\/\/nbg.eu\/lv\/product\/casio-gba-800-1aer\/","title":{"rendered":"Casio GBA-800-1AER"},"content":{"rendered":"<h2>Casio GBA-800-1AER G-SQUAD pulkstenis<\/h2>\n<p>Casio GBA-800-1AER G-SQUAD ir sporta pulkstenis. \u0160is pulkstenis apvieno G-SHOCK iztur\u012bbu ar fitnesa izseko\u0161anas funkcij\u0101m.<\/p>\n<ul>\n<li>Bluetooth savienojam\u012bba ar CASIO WATCHES lietotni<\/li>\n<li>3-asu akselerometrs so\u013cu skait\u012b\u0161anai<\/li>\n<li>Piel\u0101gojami atpaka\u013cskait\u012b\u0161anas taimeri un 200 ap\u013cu atmi\u0146a<\/li>\n<li>So\u013cu skaita \u017eurn\u0101ls ar pieciem fizisk\u0101s aktivit\u0101tes intensit\u0101tes l\u012bme\u0146iem<\/li>\n<li>Kaloriju apr\u0113\u0137ins un so\u013cu m\u0113r\u0137a iestat\u012b\u0161ana<\/li>\n<li>Autom\u0101tiska laika piel\u0101go\u0161ana un pasaules laiks 300 pils\u0113t\u0101m<\/li>\n<li>Dubult\u0101 LED gaisma redzam\u012bbai v\u0101j\u0101 apgaismojum\u0101<\/li>\n<\/ul>\n<p>GBA-800-1AER ir apr\u012bkots ar m\u012bkstu uret\u0101na siksni\u0146u. T\u0101 kompaktais korpuss ir piem\u0113rots sportam, skrie\u0161anai un treni\u0146iem.<\/p>\n","protected":false},"excerpt":{"rendered":"<p>Sportisks viedpulkstenis ar so\u013cu skait\u012bt\u0101ju un sinhroniz\u0101ciju ar lietotni.<\/p>\n","protected":false},"featured_media":71105,"template":"","meta":{"_acf_changed":false},"product_brand":[11203],"product_cat":[13812,13817],"product_tag":[],"class_list":{"0":"post-73734","1":"product","2":"type-product","3":"status-publish","4":"has-post-thumbnail","6":"product_brand-casio","7":"product_cat-edc","8":"product_cat-pulksteni","10":"first","11":"instock","12":"taxable","13":"shipping-taxable","14":"purchasable","15":"product-type-simple"},"acf":[],"_links":{"self":[{"href":"https:\/\/nbg.eu\/lv\/wp-json\/wp\/v2\/product\/73734","targetHints":{"allow":["GET"]}}],"collection":[{"href":"https:\/\/nbg.eu\/lv\/wp-json\/wp\/v2\/product"}],"about":[{"href":"https:\/\/nbg.eu\/lv\/wp-json\/wp\/v2\/types\/product"}],"wp:featuredmedia":[{"embeddable":true,"href":"https:\/\/nbg.eu\/lv\/wp-json\/wp\/v2\/media\/71105"}],"wp:attachment":[{"href":"https:\/\/nbg.eu\/lv\/wp-json\/wp\/v2\/media?parent=73734"}],"wp:term":[{"taxonomy":"product_brand","embeddable":true,"href":"https:\/\/nbg.eu\/lv\/wp-json\/wp\/v2\/product_brand?post=73734"},{"taxonomy":"product_cat","embeddable":true,"href":"https:\/\/nbg.eu\/lv\/wp-json\/wp\/v2\/product_cat?post=73734"},{"taxonomy":"product_tag","embeddable":true,"href":"https:\/\/nbg.eu\/lv\/wp-json\/wp\/v2\/product_tag?post=73734"}],"curies":[{"name":"wp","href":"https:\/\/api.w.org\/{rel}","templated":true}]}}