{"id":73987,"date":"2024-10-18T23:01:13","date_gmt":"2024-10-18T20:01:13","guid":{"rendered":"https:\/\/nbg.eu\/product\/holosun-hs515cm-red-dot-sight\/"},"modified":"2026-01-21T12:29:51","modified_gmt":"2026-01-21T09:29:51","slug":"holosun-hs515cm-red-dot-sight","status":"publish","type":"product","link":"https:\/\/nbg.eu\/lv\/product\/holosun-hs515cm-red-dot-sight\/","title":{"rendered":"Holosun HS515CM &#8211; Red Dot Sight"},"content":{"rendered":"<div class=\"product-description\">\n<h2>Holosun HS515CM &#8211; Sarkan\u0101 punkta t\u0113meklis<\/h2>\n<p>HS515CM ir 20mm mikro t\u0113meklis \u0161autuv\u0113m un karab\u012bn\u0113m. Izgatavots no 7075 alum\u012bnija, tam ir:<\/p>\n<ul>\n<li>Caursp\u012bd\u012bgi, no\u0146emami\/rot\u0113jo\u0161i l\u0113cu v\u0101ci\u0146i<\/li>\n<li>QD apak\u0161\u0113j\u0101 1\/3 ko-witness stiprin\u0101jums (1,63&#8243;)<\/li>\n<li>IP68 \u016bdensiztur\u012bbas un putek\u013ciztur\u012bbas v\u0113rt\u0113jums<\/li>\n<li>Saules ener\u0123ijas rezerves tehnolo\u0123ija<\/li>\n<li>Vair\u0101ku t\u012bklojumu sist\u0113ma ar sarkanu Super LED<\/li>\n<li>10 dienas gaismas un 2 nakts redzam\u012bbas iestat\u012bjumi<\/li>\n<li>Kust\u012bbas aktiviz\u0113\u0161anas tehnolo\u0123ija<\/li>\n<li>L\u012bdz 50 000 stundu baterijas darb\u012bbas laiks<\/li>\n<li>Baterijas nomai\u0146a s\u0101nos bez instrumentiem<\/li>\n<\/ul>\n<p>Paredz\u0113ts gan sportam, gan profesion\u0101lai lieto\u0161anai, HS515CM pied\u0101v\u0101 0,5 MOA regul\u0113\u0161anu un \u00b150 MOA kust\u012bbas diapazonu. Tas ir izstr\u0101d\u0101ts, lai iztur\u0113tu ekstrem\u0101las temperat\u016bras un 1000G vibr\u0101ciju.<\/p>\n<\/div>\n","protected":false},"excerpt":{"rendered":"<p>Iztur\u012bgs 20mm mikro sarkanais t\u0113meklis \u0161autuv\u0113m, saules ener\u0123ijas darbin\u0101ms, \u016bdensiztur\u012bgs.<\/p>\n","protected":false},"featured_media":72406,"template":"","meta":{"_acf_changed":false},"product_brand":[11436],"product_cat":[13778,13799,13787],"product_tag":[],"class_list":{"0":"post-73987","1":"product","2":"type-product","3":"status-publish","4":"has-post-thumbnail","6":"product_brand-holosun","7":"product_cat-merkesana","8":"product_cat-sarkanie-punkti","9":"product_cat-sautenes-kolimatori","11":"first","12":"outofstock","13":"taxable","14":"shipping-taxable","15":"purchasable","16":"product-type-simple"},"acf":[],"_links":{"self":[{"href":"https:\/\/nbg.eu\/lv\/wp-json\/wp\/v2\/product\/73987","targetHints":{"allow":["GET"]}}],"collection":[{"href":"https:\/\/nbg.eu\/lv\/wp-json\/wp\/v2\/product"}],"about":[{"href":"https:\/\/nbg.eu\/lv\/wp-json\/wp\/v2\/types\/product"}],"wp:featuredmedia":[{"embeddable":true,"href":"https:\/\/nbg.eu\/lv\/wp-json\/wp\/v2\/media\/72406"}],"wp:attachment":[{"href":"https:\/\/nbg.eu\/lv\/wp-json\/wp\/v2\/media?parent=73987"}],"wp:term":[{"taxonomy":"product_brand","embeddable":true,"href":"https:\/\/nbg.eu\/lv\/wp-json\/wp\/v2\/product_brand?post=73987"},{"taxonomy":"product_cat","embeddable":true,"href":"https:\/\/nbg.eu\/lv\/wp-json\/wp\/v2\/product_cat?post=73987"},{"taxonomy":"product_tag","embeddable":true,"href":"https:\/\/nbg.eu\/lv\/wp-json\/wp\/v2\/product_tag?post=73987"}],"curies":[{"name":"wp","href":"https:\/\/api.w.org\/{rel}","templated":true}]}}