{"id":74079,"date":"2024-10-18T21:54:11","date_gmt":"2024-10-18T18:54:11","guid":{"rendered":"https:\/\/nbg.eu\/product\/casio-prg-270-1er\/"},"modified":"2026-01-21T11:33:37","modified_gmt":"2026-01-21T08:33:37","slug":"casio-prg-270-1er","status":"publish","type":"product","link":"https:\/\/nbg.eu\/lv\/product\/casio-prg-270-1er\/","title":{"rendered":"Casio PRG-270-1ER"},"content":{"rendered":"<div class=\"product-description\">\n<h2>Casio PRG-270-1ER: \u0100ra pulkstenis<\/h2>\n<p>Casio PRG-270-1ER ir apr\u012bkots ar Triple Sensor Version 3. \u0160is PRO TREK modelis nodro\u0161ina augstuma, barometrisk\u0101 spiediena un virziena m\u0113r\u012bjumus.<\/p>\n<ul>\n<li>Tough Solar ener\u0123ijas avots<\/li>\n<li>Triple Sensor: Kompass, Barometrs\/Termometrs, Altimetrs<\/li>\n<li>Iztur\u012bgs zem\u0101s temperat\u016br\u0101s (-10\u00baC\/14\u00baF)<\/li>\n<li>\u016adensiztur\u012bba l\u012bdz 100 metriem<\/li>\n<li>Barometrisk\u0101 spiediena tendences trauksme<\/li>\n<li>Lielas s\u0101nu pogas<\/li>\n<li>Saull\u0113kta\/saulrieta laika r\u0101d\u012bjums<\/li>\n<li>Autom\u0101tisks apgaismojums v\u0101j\u0101 apgaismojum\u0101<\/li>\n<\/ul>\n<p>\u0160is pulkstenis ir paredz\u0113ts \u0101ra aktivit\u0101t\u0113m. Casio PRG-270-1ER ir piem\u0113rots lieto\u0161anai dab\u0101.<\/p>\n<\/div>\n","protected":false},"excerpt":{"rendered":"<p>Iztur\u012bgs \u0101ra pulkstenis ar tr\u012bsk\u0101r\u0161u sensoru un iztur\u012bgu saules ener\u0123ijas baro\u0161anu.<\/p>\n","protected":false},"featured_media":71525,"template":"","meta":{"_acf_changed":false},"product_brand":[11203],"product_cat":[13812,13817],"product_tag":[],"class_list":{"0":"post-74079","1":"product","2":"type-product","3":"status-publish","4":"has-post-thumbnail","6":"product_brand-casio","7":"product_cat-edc","8":"product_cat-pulksteni","10":"first","11":"instock","12":"taxable","13":"shipping-taxable","14":"purchasable","15":"product-type-simple"},"acf":[],"_links":{"self":[{"href":"https:\/\/nbg.eu\/lv\/wp-json\/wp\/v2\/product\/74079","targetHints":{"allow":["GET"]}}],"collection":[{"href":"https:\/\/nbg.eu\/lv\/wp-json\/wp\/v2\/product"}],"about":[{"href":"https:\/\/nbg.eu\/lv\/wp-json\/wp\/v2\/types\/product"}],"wp:featuredmedia":[{"embeddable":true,"href":"https:\/\/nbg.eu\/lv\/wp-json\/wp\/v2\/media\/71525"}],"wp:attachment":[{"href":"https:\/\/nbg.eu\/lv\/wp-json\/wp\/v2\/media?parent=74079"}],"wp:term":[{"taxonomy":"product_brand","embeddable":true,"href":"https:\/\/nbg.eu\/lv\/wp-json\/wp\/v2\/product_brand?post=74079"},{"taxonomy":"product_cat","embeddable":true,"href":"https:\/\/nbg.eu\/lv\/wp-json\/wp\/v2\/product_cat?post=74079"},{"taxonomy":"product_tag","embeddable":true,"href":"https:\/\/nbg.eu\/lv\/wp-json\/wp\/v2\/product_tag?post=74079"}],"curies":[{"name":"wp","href":"https:\/\/api.w.org\/{rel}","templated":true}]}}