{"id":74147,"date":"2024-10-18T22:52:52","date_gmt":"2024-10-18T19:52:52","guid":{"rendered":"https:\/\/nbg.eu\/product\/mag-release-button-kmr-black\/"},"modified":"2026-02-09T16:40:00","modified_gmt":"2026-02-09T13:40:00","slug":"mag-release-button-kmr-black","status":"publish","type":"product","link":"https:\/\/nbg.eu\/lv\/product\/mag-release-button-kmr-black\/","title":{"rendered":"Mag release pogas KMR, tips &#8211; Standart, Melna"},"content":{"rendered":"<h2>Mag Release Button KMR &#8211; Melns<\/h2>\n<p>Mag Release Button KMR ir b\u016btisks piederums j\u016bsu iero\u010du sist\u0113m\u0101m, kas paredz\u0113ts, lai nodro\u0161in\u0101tu dro\u0161u un uzticamu magaz\u012bnas atbr\u012bvo\u0161anas meh\u0101nismu.<\/p>\n<p>Ar savu eleganto melno apdari Mag Release Button KMR ne tikai ir funkcion\u0101ls, bet ar\u012b pievieno taktisku eleganci j\u016bsu ierocim. Izgatavots no iztur\u012bgiem materi\u0101liem, \u0161is poga nodro\u0161ina vienm\u0113r\u012bgu un uzticamu magaz\u012bnas atbr\u012bvo\u0161anu katru reizi, \u013caujot \u0101tri p\u0101rl\u0101d\u0113t un vienm\u0113r\u012bgi p\u0101riet starp \u0161\u0101vieniem.<\/p>\n<p>Neatkar\u012bgi no t\u0101, vai esat profi \u0161\u0101v\u0113js vai tikai s\u0101kat, Mag Release Button KMR ir b\u016btisks piederums, kas var uzlabot j\u016bsu iero\u010du sist\u0113mu veiktsp\u0113ju un uzticam\u012bbu. Ar savu univers\u0101lo sader\u012bbu un iztur\u012bgo konstrukciju \u0161\u012b poga ir neaizst\u0101jama jebkuram nopietnam iero\u010du entuziastam.<\/p>\n<p>Iero\u010diem KMR:<\/p>\n<p>KMR L-02 EMIQ<\/p>\n<p>KMR L-02 EMIQ (OR)<\/p>\n<p>KMR L-02 ORCA L\u012aDZ 2023<\/p>\n<p>KMR L-02 SPECTRA NO 2024<\/p>\n<p>KMR L-02 SPECTRA L\u012aDZ 2023<\/p>\n<p>KMR L-02 UMBRA NO 2024<\/p>\n<p>KMR L-02 UMBRA L\u012aDZ 2023<\/p>\n<p>KMR S-01 LANCE (OR)<\/p>\n<p>KMR S-02 L\u012aDZ 2023<\/p>\n<p>KMR W-02 CUDA NO 2024<\/p>\n<p>KMR W-02 CUDA L\u012aDZ 2023<\/p>\n<p>KMR W-02 UMBRA<\/p>\n<p>KMR W-02 UMBRA (OR)<\/p>\n<p>Atsauce 0180-00801-0101<\/p>\n","protected":false},"excerpt":{"rendered":"<p>Melnas kr\u0101sas atbr\u012bvo\u0161anas poga KMR iero\u010diem.<\/p>\n","protected":false},"featured_media":72243,"template":"","meta":{"_acf_changed":false},"product_brand":[11512],"product_cat":[13777],"product_tag":[],"class_list":{"0":"post-74147","1":"product","2":"type-product","3":"status-publish","4":"has-post-thumbnail","6":"product_brand-kmr-precision","7":"product_cat-kmr-detalas","9":"first","10":"instock","11":"taxable","12":"shipping-taxable","13":"purchasable","14":"product-type-simple"},"acf":[],"_links":{"self":[{"href":"https:\/\/nbg.eu\/lv\/wp-json\/wp\/v2\/product\/74147","targetHints":{"allow":["GET"]}}],"collection":[{"href":"https:\/\/nbg.eu\/lv\/wp-json\/wp\/v2\/product"}],"about":[{"href":"https:\/\/nbg.eu\/lv\/wp-json\/wp\/v2\/types\/product"}],"wp:featuredmedia":[{"embeddable":true,"href":"https:\/\/nbg.eu\/lv\/wp-json\/wp\/v2\/media\/72243"}],"wp:attachment":[{"href":"https:\/\/nbg.eu\/lv\/wp-json\/wp\/v2\/media?parent=74147"}],"wp:term":[{"taxonomy":"product_brand","embeddable":true,"href":"https:\/\/nbg.eu\/lv\/wp-json\/wp\/v2\/product_brand?post=74147"},{"taxonomy":"product_cat","embeddable":true,"href":"https:\/\/nbg.eu\/lv\/wp-json\/wp\/v2\/product_cat?post=74147"},{"taxonomy":"product_tag","embeddable":true,"href":"https:\/\/nbg.eu\/lv\/wp-json\/wp\/v2\/product_tag?post=74147"}],"curies":[{"name":"wp","href":"https:\/\/api.w.org\/{rel}","templated":true}]}}