{"id":74191,"date":"2024-10-20T09:56:58","date_gmt":"2024-10-30T08:45:14","guid":{"rendered":"https:\/\/nbg.eu\/product\/holosun-hs-mount-aems-low\/"},"modified":"2026-01-21T12:09:37","modified_gmt":"2026-01-21T09:09:37","slug":"holosun-hs-mount-aems-low","status":"publish","type":"product","link":"https:\/\/nbg.eu\/lv\/product\/holosun-hs-mount-aems-low\/","title":{"rendered":"Holosun HS-MOUNT-AEMS-LOW"},"content":{"rendered":"<h2>Holosun HS-MOUNT-AEMS-LOW<\/h2>\n<p>Holosun HS-MOUNT-AEMS-LOW ir zema profila stiprin\u0101jums, kas paredz\u0113ts AEMS sarkan\u0101 punkta t\u0113meklim. \u0160is alum\u012bnija stiprin\u0101jums ir iztur\u012bgs un viegli lietojams, piem\u0113rots iero\u010diem ar tradicion\u0101lajiem laidn\u0113m.<\/p>\n<h2>Galven\u0101s \u012bpa\u0161\u012bbas:<\/h2>\n<ul>\n<li>Sader\u012bgs ar Picatinny\/Weaver slied\u0113m<\/li>\n<li>Zema profila dizains optim\u0101lai t\u0113m\u0113\u0161anai<\/li>\n<li>\u0100tra uzst\u0101d\u012b\u0161ana, izmantojot Torx atsl\u0113gu<\/li>\n<li>Viegls, bet iztur\u012bgs alum\u012bnija konstrukcija<\/li>\n<li>Atk\u0101rtojama precizit\u0101te<\/li>\n<\/ul>\n<h2>Specifik\u0101cijas:<\/h2>\n<ul>\n<li>Izm\u0113ri: 50x35x11 mm<\/li>\n<li>Svars: 34g<\/li>\n<li>Kr\u0101sa: Melna<\/li>\n<li>Darb\u012bbas temperat\u016bra: -30\u00b0C l\u012bdz 60\u00b0C<\/li>\n<li>Uzglab\u0101\u0161anas temperat\u016bra: -40\u00b0C l\u012bdz 70\u00b0C<\/li>\n<\/ul>\n<p>Holosun HS-MOUNT-AEMS-LOW ir paredz\u0113ts precizit\u0101tei un uzticam\u012bbai da\u017e\u0101dos apst\u0101k\u013cos.<\/p>\n","protected":false},"excerpt":{"rendered":"<p>\u012apa\u0161i iztur\u012bgs alum\u012bnija stiprin\u0101jums Holosun AEMS sarkano punktu t\u0113mek\u013ciem.<\/p>\n","protected":false},"featured_media":73337,"template":"","meta":{"_acf_changed":false},"product_brand":[11436],"product_cat":[13777,13773,13809,14916],"product_tag":[],"class_list":{"0":"post-74191","1":"product","2":"type-product","3":"status-publish","4":"has-post-thumbnail","6":"product_brand-holosun","7":"product_cat-kmr-detalas","8":"product_cat-pistoles-detalas","9":"product_cat-pistoles-merki","10":"product_cat-red-dot-sights-mounts-lv","12":"first","13":"instock","14":"taxable","15":"shipping-taxable","16":"purchasable","17":"product-type-simple"},"acf":[],"_links":{"self":[{"href":"https:\/\/nbg.eu\/lv\/wp-json\/wp\/v2\/product\/74191","targetHints":{"allow":["GET"]}}],"collection":[{"href":"https:\/\/nbg.eu\/lv\/wp-json\/wp\/v2\/product"}],"about":[{"href":"https:\/\/nbg.eu\/lv\/wp-json\/wp\/v2\/types\/product"}],"wp:featuredmedia":[{"embeddable":true,"href":"https:\/\/nbg.eu\/lv\/wp-json\/wp\/v2\/media\/73337"}],"wp:attachment":[{"href":"https:\/\/nbg.eu\/lv\/wp-json\/wp\/v2\/media?parent=74191"}],"wp:term":[{"taxonomy":"product_brand","embeddable":true,"href":"https:\/\/nbg.eu\/lv\/wp-json\/wp\/v2\/product_brand?post=74191"},{"taxonomy":"product_cat","embeddable":true,"href":"https:\/\/nbg.eu\/lv\/wp-json\/wp\/v2\/product_cat?post=74191"},{"taxonomy":"product_tag","embeddable":true,"href":"https:\/\/nbg.eu\/lv\/wp-json\/wp\/v2\/product_tag?post=74191"}],"curies":[{"name":"wp","href":"https:\/\/api.w.org\/{rel}","templated":true}]}}