{"id":74279,"date":"2024-10-20T10:20:59","date_gmt":"2024-10-20T10:20:59","guid":{"rendered":"https:\/\/nbg.eu\/product\/fully-adjustable-rear-sight-kmr\/"},"modified":"2026-01-21T12:00:44","modified_gmt":"2026-01-21T09:00:44","slug":"fully-adjustable-rear-sight-kmr","status":"publish","type":"product","link":"https:\/\/nbg.eu\/lv\/product\/fully-adjustable-rear-sight-kmr\/","title":{"rendered":"Fully adjustable rear sight KMR"},"content":{"rendered":"<div class=\"product-description\">\n<h2>Piln\u012bb\u0101 regul\u0113jams aizmugur\u0113jais t\u0113meklis KMR<\/h2>\n<p>Aizmugur\u0113jais t\u0113meklis, kas paredz\u0113ts KMR un CZ mode\u013ciem. \u0160is t\u0113meklis pied\u0101v\u0101:<\/p>\n<ul>\n<li>Sader\u012bba ar CZ SP01 Shadow 1 un CZ Shadow 2<\/li>\n<li>Piem\u0113rots priek\u0161\u0113jiem t\u0113mek\u013ciem ar augstumu 7,5-8,0 mm<\/li>\n<li>Prec\u012bza regul\u0113\u0161ana<\/li>\n<li>Iztur\u012bga konstrukcija<\/li>\n<\/ul>\n<p>Uzlabojiet \u0161aujamiero\u010da t\u0113m\u0113\u0161anas sist\u0113mu. Piez\u012bme: \u0160is t\u0113meklis nav sader\u012bgs ar CZ 75 TS mode\u013ciem.<\/p>\n<p>Regul\u0113jams aizmugur\u0113jais t\u0113meklis KMR vai CZ pistolei.<\/p>\n<\/div>\n","protected":false},"excerpt":{"rendered":"<p>Prec\u012bzs aizmugur\u0113jais t\u0113meklis KMR un CZ iero\u010diem.<\/p>\n","protected":false},"featured_media":73523,"template":"","meta":{"_acf_changed":false},"product_brand":[11512],"product_cat":[13777],"product_tag":[],"class_list":{"0":"post-74279","1":"product","2":"type-product","3":"status-publish","4":"has-post-thumbnail","6":"product_brand-kmr-precision","7":"product_cat-kmr-detalas","9":"first","10":"instock","11":"taxable","12":"shipping-taxable","13":"purchasable","14":"product-type-simple"},"acf":[],"_links":{"self":[{"href":"https:\/\/nbg.eu\/lv\/wp-json\/wp\/v2\/product\/74279","targetHints":{"allow":["GET"]}}],"collection":[{"href":"https:\/\/nbg.eu\/lv\/wp-json\/wp\/v2\/product"}],"about":[{"href":"https:\/\/nbg.eu\/lv\/wp-json\/wp\/v2\/types\/product"}],"wp:featuredmedia":[{"embeddable":true,"href":"https:\/\/nbg.eu\/lv\/wp-json\/wp\/v2\/media\/73523"}],"wp:attachment":[{"href":"https:\/\/nbg.eu\/lv\/wp-json\/wp\/v2\/media?parent=74279"}],"wp:term":[{"taxonomy":"product_brand","embeddable":true,"href":"https:\/\/nbg.eu\/lv\/wp-json\/wp\/v2\/product_brand?post=74279"},{"taxonomy":"product_cat","embeddable":true,"href":"https:\/\/nbg.eu\/lv\/wp-json\/wp\/v2\/product_cat?post=74279"},{"taxonomy":"product_tag","embeddable":true,"href":"https:\/\/nbg.eu\/lv\/wp-json\/wp\/v2\/product_tag?post=74279"}],"curies":[{"name":"wp","href":"https:\/\/api.w.org\/{rel}","templated":true}]}}