{"id":747834,"date":"2026-04-16T10:53:42","date_gmt":"2026-04-16T07:53:42","guid":{"rendered":"https:\/\/nbg.eu\/product\/kmr-atvienotajs-izmers-1\/"},"modified":"2026-04-16T17:45:51","modified_gmt":"2026-04-16T14:45:51","slug":"kmr-atvienotajs-izmers-1","status":"publish","type":"product","link":"https:\/\/nbg.eu\/lv\/product\/kmr-atvienotajs-izmers-1\/","title":{"rendered":"KMR Atvienot\u0101js Izm\u0113rs 1"},"content":{"rendered":"<h2>ATVIENOT\u0100JS KMR IZM\u0112RS 1 0,2 -0,3<\/h2>\n<p>Sport atvienot\u0101js for KMR pistols. Designed for &#8220;tuning&#8221; sport pistols. It shortens the trigger travel, lightens the trigger and shortens the gun reset. This makes it suitable for sport shooters who want to minimize gun jerks and optimize accurate and fast shooting.<\/p>\n<p>For Weapons KMR:<br \/>\nKMR L-02 SPECTRA UNTIL 2023<br \/>\nKMR L-02 UMBRA (OR) SR<br \/>\nKMR S-01 LANCE (OR)<br \/>\nKMR S-02 FROM 2024<br \/>\nKMR S-02 UNTIL 2023<br \/>\nKMR W-02 UMBRA (OR)<\/p>\n<p>Reference 0740-00109-0000<\/p>\n","protected":false},"excerpt":{"rendered":"<p>Atvienot\u0101js KMR &#8211; sport, reduces trigger travel and reset.<\/p>\n","protected":false},"featured_media":25016,"template":"","meta":{"_acf_changed":false},"product_brand":[11512],"product_cat":[13777],"product_tag":[],"class_list":{"0":"post-747834","1":"product","2":"type-product","3":"status-publish","4":"has-post-thumbnail","6":"product_brand-kmr-precision","7":"product_cat-kmr-detalas","9":"first","10":"instock","11":"taxable","12":"shipping-taxable","13":"product-type-variable","14":"wvs-archive-product-wrapper"},"acf":[],"_links":{"self":[{"href":"https:\/\/nbg.eu\/lv\/wp-json\/wp\/v2\/product\/747834","targetHints":{"allow":["GET"]}}],"collection":[{"href":"https:\/\/nbg.eu\/lv\/wp-json\/wp\/v2\/product"}],"about":[{"href":"https:\/\/nbg.eu\/lv\/wp-json\/wp\/v2\/types\/product"}],"wp:featuredmedia":[{"embeddable":true,"href":"https:\/\/nbg.eu\/lv\/wp-json\/wp\/v2\/media\/25016"}],"wp:attachment":[{"href":"https:\/\/nbg.eu\/lv\/wp-json\/wp\/v2\/media?parent=747834"}],"wp:term":[{"taxonomy":"product_brand","embeddable":true,"href":"https:\/\/nbg.eu\/lv\/wp-json\/wp\/v2\/product_brand?post=747834"},{"taxonomy":"product_cat","embeddable":true,"href":"https:\/\/nbg.eu\/lv\/wp-json\/wp\/v2\/product_cat?post=747834"},{"taxonomy":"product_tag","embeddable":true,"href":"https:\/\/nbg.eu\/lv\/wp-json\/wp\/v2\/product_tag?post=747834"}],"curies":[{"name":"wp","href":"https:\/\/api.w.org\/{rel}","templated":true}]}}