{"id":748706,"date":"2026-04-16T10:56:47","date_gmt":"2026-04-16T07:56:47","guid":{"rendered":"https:\/\/nbg.eu\/product\/kmr-atsitiena-atsperes-vadotne-nerusejosais-terauds\/"},"modified":"2026-04-16T17:45:33","modified_gmt":"2026-04-16T14:45:33","slug":"kmr-atsitiena-atsperes-vadotne-nerusejosais-terauds","status":"publish","type":"product","link":"https:\/\/nbg.eu\/lv\/product\/kmr-atsitiena-atsperes-vadotne-nerusejosais-terauds\/","title":{"rendered":"KMR Atsitiena Atsperes Vadotne Ner\u016bs\u0113jo\u0161ais T\u0113rauds"},"content":{"rendered":"<h2>Atsitiena Atsperes Vadotne KMR 5&#8243; Ner\u016bs\u0113jo\u0161ais T\u0113rauds<\/h2>\n<p>Crafted from high-quality stainless steel, the Atsitiena Atsperes Vadotne KMR 5&#8243; Ner\u016bs\u0113jo\u0161ais T\u0113rauds provides enhanced durability and corrosion resistance. Its 5-inch length offers a perfect fit, providing the necessary stability and control during recoil.<\/p>\n<p>With its sleek and modern design, the Atsitiena Atsperes Vadotne KMR 5&#8243; Ner\u016bs\u0113jo\u0161ais T\u0113rauds not only improves the functionality of your weapon but also enhances its overall stability.<\/p>\n<p>For Weapons KMR<\/p>\n<p>KMR L-02 ORCA FROM 2024<\/p>\n<p>KMR L-02 ORCA UNTIL 2023<\/p>\n<p>KMR L-02 SPECTRA FROM 2024<\/p>\n<p>KMR L-02 SPECTRA UNTIL 2023<\/p>\n","protected":false},"excerpt":{"rendered":"<p>Atsitiena Atsperes Vadotne KMR 5&#8243; Ner\u016bs\u0113jo\u0161ais T\u0113rauds &#8211; KMR L-02 ORCA &amp; SPECTRA.<\/p>\n","protected":false},"featured_media":25663,"template":"","meta":{"_acf_changed":false},"product_brand":[11512],"product_cat":[13795,13777],"product_tag":[],"class_list":{"0":"post-748706","1":"product","2":"type-product","3":"status-publish","4":"has-post-thumbnail","6":"product_brand-kmr-precision","7":"product_cat-atsperes","8":"product_cat-kmr-detalas","10":"first","11":"instock","12":"taxable","13":"shipping-taxable","14":"product-type-variable","15":"wvs-archive-product-wrapper"},"acf":[],"_links":{"self":[{"href":"https:\/\/nbg.eu\/lv\/wp-json\/wp\/v2\/product\/748706","targetHints":{"allow":["GET"]}}],"collection":[{"href":"https:\/\/nbg.eu\/lv\/wp-json\/wp\/v2\/product"}],"about":[{"href":"https:\/\/nbg.eu\/lv\/wp-json\/wp\/v2\/types\/product"}],"wp:featuredmedia":[{"embeddable":true,"href":"https:\/\/nbg.eu\/lv\/wp-json\/wp\/v2\/media\/25663"}],"wp:attachment":[{"href":"https:\/\/nbg.eu\/lv\/wp-json\/wp\/v2\/media?parent=748706"}],"wp:term":[{"taxonomy":"product_brand","embeddable":true,"href":"https:\/\/nbg.eu\/lv\/wp-json\/wp\/v2\/product_brand?post=748706"},{"taxonomy":"product_cat","embeddable":true,"href":"https:\/\/nbg.eu\/lv\/wp-json\/wp\/v2\/product_cat?post=748706"},{"taxonomy":"product_tag","embeddable":true,"href":"https:\/\/nbg.eu\/lv\/wp-json\/wp\/v2\/product_tag?post=748706"}],"curies":[{"name":"wp","href":"https:\/\/api.w.org\/{rel}","templated":true}]}}