{"id":749295,"date":"2026-04-24T11:17:23","date_gmt":"2026-04-24T08:17:23","guid":{"rendered":"https:\/\/nbg.eu\/product\/eberlestock-wrs-retention-strap\/"},"modified":"2026-04-24T11:58:44","modified_gmt":"2026-04-24T08:58:44","slug":"eberlestock-wrs-retention-strap","status":"publish","type":"product","link":"https:\/\/nbg.eu\/lv\/product\/eberlestock-wrs-retention-strap\/","title":{"rendered":"Eberlestock WRS-Retention Strap"},"content":{"rendered":"<h2>Eberlestock WRS-Retention Strap<\/h2>\n<p>Eberlestock WRS Retention Strap ir vienk\u0101r\u0161s, bet \u013coti efekt\u012bvs aksesu\u0101rs, kas izstr\u0101d\u0101ts, lai uzlabotu kontroli un piel\u0101gojam\u012bbu j\u016bsu n\u0113s\u0101\u0161anas sist\u0113m\u0101. Pieejams vair\u0101k\u0101s kr\u0101su opcij\u0101s, kas atbilst j\u016bsu eso\u0161ajam Eberlestock ekip\u0113jumam, \u0161\u012b viegl\u0101 siksna sniedz lietot\u0101jiem liel\u0101ku elast\u012bbu iero\u010du, ekip\u0113juma un piederumu nostiprin\u0101\u0161an\u0101 uz MOLLE-sader\u012bg\u0101m platform\u0101m.<\/p>\n<h3>Galven\u0101s iez\u012bmes<\/h3>\n<ul>\n<li>Univers\u0101ls MOLLE-sader\u012bgs stiprin\u0101jums lieto\u0161anai ar Eberlestock mugursom\u0101m un piederumiem<\/li>\n<li>Izstr\u0101d\u0101ts iero\u010du notur\u0113\u0161anai un visp\u0101r\u0113jai ekip\u0113juma nostiprin\u0101\u0161anai<\/li>\n<li>Zema profila dizains, kas nevainojami integr\u0113jas eso\u0161aj\u0101s konfigur\u0101cij\u0101s<\/li>\n<li>\u0100tr\u0101s regul\u0113\u0161anas funkcija \u0101trai izv\u0113r\u0161anai un novieto\u0161anai<\/li>\n<li>Pieejams vair\u0101k\u0101s kr\u0101s\u0101s: Dry Earth, Military Green, Coyote Brown un Multicam<\/li>\n<li>Eberlestock m\u016b\u017ea garantija<\/li>\n<\/ul>\n<h3>Specifik\u0101cijas<\/h3>\n<table>\n<tr>\n<td><strong>Produktu kodi<\/strong><\/td>\n<td>WRSME (Dry Earth), WRSMJ (Military Green), WRSMC (Coyote Brown), WRSMM (Multicam)<\/td>\n<\/tr>\n<tr>\n<td><strong>Svars<\/strong><\/td>\n<td>4 oz<\/td>\n<\/tr>\n<tr>\n<td><strong>Sader\u012bba<\/strong><\/td>\n<td>MOLLE \/ PALS<\/td>\n<\/tr>\n<tr>\n<td><strong>Ra\u017eot\u0101js<\/strong><\/td>\n<td>Eberlestock (Veter\u0101nu uz\u0146\u0113mums)<\/td>\n<\/tr>\n<\/table>\n","protected":false},"excerpt":{"rendered":"<p>Eberlestock WRS Retention Strap ir vienk\u0101r\u0161s, bet \u013coti efekt\u012bvs aksesu\u0101rs, kas izstr\u0101d\u0101ts, lai uzlabotu kontroli un piel\u0101gojam\u012bbu j\u016bsu n\u0113s\u0101\u0161anas sist\u0113m\u0101. Pieejams vair\u0101k\u0101s kr\u0101su opcij\u0101s, kas atbilst j\u016bsu eso\u0161ajam Eberlestock ekip\u0113jumam, \u0161\u012b viegl\u0101 siksna sniedz lietot\u0101jiem liel\u0101ku elast\u012bbu iero\u010du, ekip\u0113juma un piederumu nostiprin\u0101\u0161an\u0101 uz MOLLE-sader\u012bg\u0101m platform\u0101m.<\/p>\n","protected":false},"featured_media":749296,"template":"","meta":{"_acf_changed":false},"product_brand":[15154],"product_cat":[13835],"product_tag":[],"class_list":{"0":"post-749295","1":"product","2":"type-product","3":"status-publish","4":"has-post-thumbnail","6":"product_brand-eberlestock","7":"product_cat-aprikojums","9":"first","10":"outofstock","11":"taxable","12":"shipping-taxable","13":"purchasable","14":"product-type-variable","15":"wvs-archive-product-wrapper"},"acf":[],"_links":{"self":[{"href":"https:\/\/nbg.eu\/lv\/wp-json\/wp\/v2\/product\/749295","targetHints":{"allow":["GET"]}}],"collection":[{"href":"https:\/\/nbg.eu\/lv\/wp-json\/wp\/v2\/product"}],"about":[{"href":"https:\/\/nbg.eu\/lv\/wp-json\/wp\/v2\/types\/product"}],"wp:featuredmedia":[{"embeddable":true,"href":"https:\/\/nbg.eu\/lv\/wp-json\/wp\/v2\/media\/749296"}],"wp:attachment":[{"href":"https:\/\/nbg.eu\/lv\/wp-json\/wp\/v2\/media?parent=749295"}],"wp:term":[{"taxonomy":"product_brand","embeddable":true,"href":"https:\/\/nbg.eu\/lv\/wp-json\/wp\/v2\/product_brand?post=749295"},{"taxonomy":"product_cat","embeddable":true,"href":"https:\/\/nbg.eu\/lv\/wp-json\/wp\/v2\/product_cat?post=749295"},{"taxonomy":"product_tag","embeddable":true,"href":"https:\/\/nbg.eu\/lv\/wp-json\/wp\/v2\/product_tag?post=749295"}],"curies":[{"name":"wp","href":"https:\/\/api.w.org\/{rel}","templated":true}]}}