{"id":749504,"date":"2026-04-24T11:17:29","date_gmt":"2026-04-24T08:17:29","guid":{"rendered":"https:\/\/nbg.eu\/product\/eberlestock-freefall-2000-mugursoma\/"},"modified":"2026-04-24T11:59:43","modified_gmt":"2026-04-24T08:59:43","slug":"eberlestock-freefall-2000-mugursoma","status":"publish","type":"product","link":"https:\/\/nbg.eu\/lv\/product\/eberlestock-freefall-2000-mugursoma\/","title":{"rendered":"Eberlestock FreeFall 2000 Mugursoma"},"content":{"rendered":"<h2>Eberlestock FreeFall 2000 Mugursoma<\/h2>\n<p>Eberlestock FreeFall 2000 ir daudzpus\u012bga, zema profila platforma, kas sp\u0113j nodro\u0161in\u0101t vair\u0101ku dienu eksped\u012bcijas ar minim\u0101lu ekip\u0113jumu vai dienas braucienus ar pilnu apr\u012bkojumu. Ar pla\u0161u aug\u0161\u0113jo v\u0101ku, septi\u0146\u0101m iek\u0161\u0113j\u0101m kabat\u0101m, \u016bdens maisi\u0146a tur\u0113t\u0101ju, kompresijas siksni\u0146\u0101m un jostas kabat\u0101m, \u0161\u012b mugursoma ir rad\u012bta nopietniem br\u012bvdabas entuziastiem un taktiskajiem operatoriem.<\/p>\n<h3>Galven\u0101s iez\u012bmes<\/h3>\n<ul>\n<li>2000 c.i. \/ 32.8L capacity<\/li>\n<li>Spacious top lid<\/li>\n<li>Seven interior pockets<\/li>\n<li>Water bladder sleeve<\/li>\n<li>Compression straps<\/li>\n<li>Hip-belt pockets<\/li>\n<li>Aluminum frame<\/li>\n<li>Eberlestock Lifetime Warranty<\/li>\n<\/ul>\n<h3>Specifik\u0101cijas<\/h3>\n<table>\n<tr>\n<td><strong>Tilpums<\/strong><\/td>\n<td>2000 c.i. \/ 32.8L<\/td>\n<\/tr>\n<tr>\n<td><strong>Svars<\/strong><\/td>\n<td>4 lbs 9 oz<\/td>\n<\/tr>\n<tr>\n<td><strong>R\u0101mis<\/strong><\/td>\n<td>Aluminum<\/td>\n<\/tr>\n<tr>\n<td><strong>Produktu kodi<\/strong><\/td>\n<td>V7MC, V7GY, V7MB, V7ME, V7MJ, V7MM<\/td>\n<\/tr>\n<tr>\n<td><strong>Ra\u017eot\u0101js<\/strong><\/td>\n<td>Eberlestock (Veter\u0101nu uz\u0146\u0113mums)<\/td>\n<\/tr>\n<\/table>\n","protected":false},"excerpt":{"rendered":"<p>Eberlestock FreeFall 2000 ir daudzpus\u012bga, zema profila platforma, kas sp\u0113j nodro\u0161in\u0101t vair\u0101ku dienu eksped\u012bcijas ar minim\u0101lu ekip\u0113jumu vai dienas braucienus ar pilnu apr\u012bkojumu. Ar pla\u0161u aug\u0161\u0113jo v\u0101ku, septi\u0146\u0101m iek\u0161\u0113j\u0101m kabat\u0101m, \u016bdens maisi\u0146a tur\u0113t\u0101ju, kompresijas siksni\u0146\u0101m un jostas kabat\u0101m, \u0161\u012b mugursoma ir rad\u012bta nopietniem br\u012bvdabas entuziastiem un taktiskajiem operatoriem.<\/p>\n","protected":false},"featured_media":749505,"template":"","meta":{"_acf_changed":false},"product_brand":[15154],"product_cat":[13771],"product_tag":[],"class_list":{"0":"post-749504","1":"product","2":"type-product","3":"status-publish","4":"has-post-thumbnail","6":"product_brand-eberlestock","7":"product_cat-mugursomas","9":"first","10":"outofstock","11":"taxable","12":"shipping-taxable","13":"purchasable","14":"product-type-variable","15":"wvs-archive-product-wrapper"},"acf":[],"_links":{"self":[{"href":"https:\/\/nbg.eu\/lv\/wp-json\/wp\/v2\/product\/749504","targetHints":{"allow":["GET"]}}],"collection":[{"href":"https:\/\/nbg.eu\/lv\/wp-json\/wp\/v2\/product"}],"about":[{"href":"https:\/\/nbg.eu\/lv\/wp-json\/wp\/v2\/types\/product"}],"wp:featuredmedia":[{"embeddable":true,"href":"https:\/\/nbg.eu\/lv\/wp-json\/wp\/v2\/media\/749505"}],"wp:attachment":[{"href":"https:\/\/nbg.eu\/lv\/wp-json\/wp\/v2\/media?parent=749504"}],"wp:term":[{"taxonomy":"product_brand","embeddable":true,"href":"https:\/\/nbg.eu\/lv\/wp-json\/wp\/v2\/product_brand?post=749504"},{"taxonomy":"product_cat","embeddable":true,"href":"https:\/\/nbg.eu\/lv\/wp-json\/wp\/v2\/product_cat?post=749504"},{"taxonomy":"product_tag","embeddable":true,"href":"https:\/\/nbg.eu\/lv\/wp-json\/wp\/v2\/product_tag?post=749504"}],"curies":[{"name":"wp","href":"https:\/\/api.w.org\/{rel}","templated":true}]}}