{"id":749757,"date":"2026-04-24T11:17:35","date_gmt":"2026-04-24T08:17:35","guid":{"rendered":"https:\/\/nbg.eu\/product\/eberlestock-freefall-3000-mugursoma\/"},"modified":"2026-04-24T12:00:42","modified_gmt":"2026-04-24T09:00:42","slug":"eberlestock-freefall-3000-mugursoma","status":"publish","type":"product","link":"https:\/\/nbg.eu\/lv\/product\/eberlestock-freefall-3000-mugursoma\/","title":{"rendered":"Eberlestock FreeFall 3000 Mugursoma"},"content":{"rendered":"<h2>Eberlestock FreeFall 3000 Mugursoma<\/h2>\n<p>Eberlestock FreeFall 3000 ir FreeFall s\u0113rijas liel\u0101kais modelis, pied\u0101v\u0101jot 3000 kubikcollu ietilp\u012bbu ilgsto\u0161\u0101m eksped\u012bcij\u0101m dab\u0101 un vair\u0101ku dienu oper\u0101cij\u0101m. Ar to pa\u0161u p\u0101rbaud\u012bto dizainu, kas ietver iztur\u012bgu alum\u012bnija r\u0101mi, septi\u0146as iek\u0161\u0113j\u0101s kabatas un visaptvero\u0161u organiz\u0101ciju, \u0161\u012b mugursoma viegli tiek gal\u0101 ar smag\u0101k\u0101m nast\u0101m.<\/p>\n<h3>Galven\u0101s iez\u012bmes<\/h3>\n<ul>\n<li>3000 c.i. \/ 49.2L capacity<\/li>\n<li>Spacious top lid<\/li>\n<li>Seven interior pockets<\/li>\n<li>Water bladder sleeve<\/li>\n<li>Compression straps<\/li>\n<li>Hip-belt pockets<\/li>\n<li>Aluminum frame<\/li>\n<li>Eberlestock Lifetime Warranty<\/li>\n<\/ul>\n<h3>Specifik\u0101cijas<\/h3>\n<table>\n<tr>\n<td><strong>Tilpums<\/strong><\/td>\n<td>3000 c.i. \/ 49.2L<\/td>\n<\/tr>\n<tr>\n<td><strong>Svars<\/strong><\/td>\n<td>5 lbs 1 oz<\/td>\n<\/tr>\n<tr>\n<td><strong>R\u0101mis<\/strong><\/td>\n<td>Aluminum<\/td>\n<\/tr>\n<tr>\n<td><strong>Produktu kodi<\/strong><\/td>\n<td>V8MC, V8GY, V8MB, V8ME, V8MJ, V8MM<\/td>\n<\/tr>\n<tr>\n<td><strong>Ra\u017eot\u0101js<\/strong><\/td>\n<td>Eberlestock (Veter\u0101nu uz\u0146\u0113mums)<\/td>\n<\/tr>\n<\/table>\n","protected":false},"excerpt":{"rendered":"<p>Eberlestock FreeFall 3000 ir FreeFall s\u0113rijas liel\u0101kais modelis, pied\u0101v\u0101jot 3000 kubikcollu ietilp\u012bbu ilgsto\u0161\u0101m eksped\u012bcij\u0101m dab\u0101 un vair\u0101ku dienu oper\u0101cij\u0101m. Ar to pa\u0161u p\u0101rbaud\u012bto dizainu, kas ietver iztur\u012bgu alum\u012bnija r\u0101mi, septi\u0146as iek\u0161\u0113j\u0101s kabatas un visaptvero\u0161u organiz\u0101ciju, \u0161\u012b mugursoma viegli tiek gal\u0101 ar smag\u0101k\u0101m nast\u0101m.<\/p>\n","protected":false},"featured_media":749758,"template":"","meta":{"_acf_changed":false},"product_brand":[15154],"product_cat":[13771],"product_tag":[],"class_list":{"0":"post-749757","1":"product","2":"type-product","3":"status-publish","4":"has-post-thumbnail","6":"product_brand-eberlestock","7":"product_cat-mugursomas","9":"first","10":"outofstock","11":"taxable","12":"shipping-taxable","13":"purchasable","14":"product-type-variable","15":"wvs-archive-product-wrapper"},"acf":[],"_links":{"self":[{"href":"https:\/\/nbg.eu\/lv\/wp-json\/wp\/v2\/product\/749757","targetHints":{"allow":["GET"]}}],"collection":[{"href":"https:\/\/nbg.eu\/lv\/wp-json\/wp\/v2\/product"}],"about":[{"href":"https:\/\/nbg.eu\/lv\/wp-json\/wp\/v2\/types\/product"}],"wp:featuredmedia":[{"embeddable":true,"href":"https:\/\/nbg.eu\/lv\/wp-json\/wp\/v2\/media\/749758"}],"wp:attachment":[{"href":"https:\/\/nbg.eu\/lv\/wp-json\/wp\/v2\/media?parent=749757"}],"wp:term":[{"taxonomy":"product_brand","embeddable":true,"href":"https:\/\/nbg.eu\/lv\/wp-json\/wp\/v2\/product_brand?post=749757"},{"taxonomy":"product_cat","embeddable":true,"href":"https:\/\/nbg.eu\/lv\/wp-json\/wp\/v2\/product_cat?post=749757"},{"taxonomy":"product_tag","embeddable":true,"href":"https:\/\/nbg.eu\/lv\/wp-json\/wp\/v2\/product_tag?post=749757"}],"curies":[{"name":"wp","href":"https:\/\/api.w.org\/{rel}","templated":true}]}}