{"id":749986,"date":"2026-04-24T11:17:42","date_gmt":"2026-04-24T08:17:42","guid":{"rendered":"https:\/\/nbg.eu\/product\/eberlestock-mission-ruck-multicam\/"},"modified":"2026-04-24T12:01:39","modified_gmt":"2026-04-24T09:01:39","slug":"eberlestock-mission-ruck-multicam","status":"publish","type":"product","link":"https:\/\/nbg.eu\/lv\/product\/eberlestock-mission-ruck-multicam\/","title":{"rendered":"Eberlestock Mission Ruck &#8211; Multicam"},"content":{"rendered":"<h2>Eberlestock Mission Ruck<\/h2>\n<p>Rad\u012bts ilgsto\u0161\u0101m lauka oper\u0101cij\u0101m, Eberlestock Mission Ruck nevainojami integr\u0113jas ar pilno Eberlestock Mission System. \u0160\u012b konfigur\u0113jam\u0101, MOLLE-sader\u012bg\u0101 mugursoma pied\u0101v\u0101 4834 kubikcollu tilpumu un ir izstr\u0101d\u0101ta, lai tiktu gal\u0101 ar vispras\u012bg\u0101kaj\u0101m taktiskaj\u0101m un milit\u0101raj\u0101m misij\u0101m, vienlaikus b\u016bdama rad\u012bta m\u016b\u017ea kalpo\u0161anai.<\/p>\n<h3>Galven\u0101s iez\u012bmes<\/h3>\n<ul>\n<li>4834 c.i. internal volume<\/li>\n<li>Full MOLLE\/PALS compatibility<\/li>\n<li>Mission System integration<\/li>\n<li>Configurable design<\/li>\n<li>Padded shoulder straps and hip belt<\/li>\n<li>Eberlestock Lifetime Warranty<\/li>\n<\/ul>\n<h3>Specifik\u0101cijas<\/h3>\n<table>\n<tr>\n<td><strong>Tilpums<\/strong><\/td>\n<td>4834 c.i.<\/td>\n<\/tr>\n<tr>\n<td><strong>Svars<\/strong><\/td>\n<td>3 lbs 5 oz<\/td>\n<\/tr>\n<tr>\n<td><strong>Izm\u0113ri<\/strong><\/td>\n<td>36&#8243;H x 12&#8243;W x 8.5&#8243;D<\/td>\n<\/tr>\n<tr>\n<td><strong>Produktu kodi<\/strong><\/td>\n<td>MR1MM (Multicam), MR1MC (Coyote Brown), MR1MJ (Military Green)<\/td>\n<\/tr>\n<tr>\n<td><strong>Ra\u017eot\u0101js<\/strong><\/td>\n<td>Eberlestock (Veter\u0101nu uz\u0146\u0113mums)<\/td>\n<\/tr>\n<\/table>\n","protected":false},"excerpt":{"rendered":"<p>Rad\u012bts ilgsto\u0161\u0101m lauka oper\u0101cij\u0101m, Eberlestock Mission Ruck nevainojami integr\u0113jas ar pilno Eberlestock Mission System. \u0160\u012b konfigur\u0113jam\u0101, MOLLE-sader\u012bg\u0101 mugursoma pied\u0101v\u0101 4834 kubikcollu tilpumu un ir izstr\u0101d\u0101ta, lai tiktu gal\u0101 ar vispras\u012bg\u0101kaj\u0101m taktiskaj\u0101m un milit\u0101raj\u0101m misij\u0101m, vienlaikus b\u016bdama rad\u012bta m\u016b\u017ea kalpo\u0161anai.<\/p>\n","protected":false},"featured_media":749987,"template":"","meta":{"_acf_changed":false},"product_brand":[15154],"product_cat":[13771],"product_tag":[],"class_list":{"0":"post-749986","1":"product","2":"type-product","3":"status-publish","4":"has-post-thumbnail","6":"product_brand-eberlestock","7":"product_cat-mugursomas","9":"first","10":"outofstock","11":"taxable","12":"shipping-taxable","13":"purchasable","14":"product-type-simple"},"acf":[],"_links":{"self":[{"href":"https:\/\/nbg.eu\/lv\/wp-json\/wp\/v2\/product\/749986","targetHints":{"allow":["GET"]}}],"collection":[{"href":"https:\/\/nbg.eu\/lv\/wp-json\/wp\/v2\/product"}],"about":[{"href":"https:\/\/nbg.eu\/lv\/wp-json\/wp\/v2\/types\/product"}],"wp:featuredmedia":[{"embeddable":true,"href":"https:\/\/nbg.eu\/lv\/wp-json\/wp\/v2\/media\/749987"}],"wp:attachment":[{"href":"https:\/\/nbg.eu\/lv\/wp-json\/wp\/v2\/media?parent=749986"}],"wp:term":[{"taxonomy":"product_brand","embeddable":true,"href":"https:\/\/nbg.eu\/lv\/wp-json\/wp\/v2\/product_brand?post=749986"},{"taxonomy":"product_cat","embeddable":true,"href":"https:\/\/nbg.eu\/lv\/wp-json\/wp\/v2\/product_cat?post=749986"},{"taxonomy":"product_tag","embeddable":true,"href":"https:\/\/nbg.eu\/lv\/wp-json\/wp\/v2\/product_tag?post=749986"}],"curies":[{"name":"wp","href":"https:\/\/api.w.org\/{rel}","templated":true}]}}