{"id":750193,"date":"2026-04-24T11:17:44","date_gmt":"2026-04-24T08:17:44","guid":{"rendered":"https:\/\/nbg.eu\/product\/eberlestock-spectre-mugursoma-multicam\/"},"modified":"2026-04-24T12:02:34","modified_gmt":"2026-04-24T09:02:34","slug":"eberlestock-spectre-mugursoma-multicam","status":"publish","type":"product","link":"https:\/\/nbg.eu\/lv\/product\/eberlestock-spectre-mugursoma-multicam\/","title":{"rendered":"Eberlestock Spectre Mugursoma &#8211; Multicam"},"content":{"rendered":"<h2>Eberlestock Spectre Mugursoma<\/h2>\n<p>Eberlestock Spectre ir inovat\u012bv\u0101k\u0101 un daudzpus\u012bg\u0101k\u0101 snaipera mugursoma Eberlestock kl\u0101st\u0101, kas no jauna defin\u0113 prec\u012bz\u0101 ekip\u0113juma iesp\u0113jas. Ar 3100 kubikcollu ietilp\u012bbu, integr\u0113tu iero\u010da maksti un visaptvero\u0161\u0101m organiz\u0113\u0161anas funkcij\u0101m, Spectre ir rad\u012bts operatoriem, kuri prasa visaugst\u0101ko veiktsp\u0113jas l\u012bmeni no sava ekip\u0113juma.<\/p>\n<h3>Galven\u0101s iez\u012bmes<\/h3>\n<ul>\n<li>3,100 c.i. \/ 50.8L capacity<\/li>\n<li>Integrated rifle scabbard (34&#8243;)<\/li>\n<li>Full MOLLE\/PALS webbing<\/li>\n<li>Adjustable torso length<\/li>\n<li>Hydration compatible<\/li>\n<li>Eberlestock Lifetime Warranty<\/li>\n<\/ul>\n<h3>Specifik\u0101cijas<\/h3>\n<table>\n<tr>\n<td><strong>Ietilp\u012bba<\/strong><\/td>\n<td>3,100 c.i. \/ 50.8L<\/td>\n<\/tr>\n<tr>\n<td><strong>Svars<\/strong><\/td>\n<td>6 lbs 6 oz<\/td>\n<\/tr>\n<tr>\n<td><strong>Izm\u0113ri<\/strong><\/td>\n<td>23&#8243; x 12&#8243; (Scabbard: 34&#8243;)<\/td>\n<\/tr>\n<tr>\n<td><strong>Produktu kodi<\/strong><\/td>\n<td>W2MM, W2ME, W2MC, W2MJ<\/td>\n<\/tr>\n<tr>\n<td><strong>Ra\u017eot\u0101js<\/strong><\/td>\n<td>Eberlestock (Veter\u0101nu uz\u0146\u0113mums)<\/td>\n<\/tr>\n<\/table>\n","protected":false},"excerpt":{"rendered":"<p>Eberlestock Spectre ir inovat\u012bv\u0101k\u0101 un daudzpus\u012bg\u0101k\u0101 snaipera mugursoma Eberlestock kl\u0101st\u0101, kas no jauna defin\u0113 prec\u012bz\u0101 ekip\u0113juma iesp\u0113jas. Ar 3100 kubikcollu ietilp\u012bbu, integr\u0113tu iero\u010da maksti un visaptvero\u0161\u0101m organiz\u0113\u0161anas funkcij\u0101m, Spectre ir rad\u012bts operatoriem, kuri prasa visaugst\u0101ko veiktsp\u0113jas l\u012bmeni no sava ekip\u0113juma.<\/p>\n","protected":false},"featured_media":750194,"template":"","meta":{"_acf_changed":false},"product_brand":[15154],"product_cat":[13771],"product_tag":[],"class_list":{"0":"post-750193","1":"product","2":"type-product","3":"status-publish","4":"has-post-thumbnail","6":"product_brand-eberlestock","7":"product_cat-mugursomas","9":"first","10":"outofstock","11":"taxable","12":"shipping-taxable","13":"purchasable","14":"product-type-simple"},"acf":[],"_links":{"self":[{"href":"https:\/\/nbg.eu\/lv\/wp-json\/wp\/v2\/product\/750193","targetHints":{"allow":["GET"]}}],"collection":[{"href":"https:\/\/nbg.eu\/lv\/wp-json\/wp\/v2\/product"}],"about":[{"href":"https:\/\/nbg.eu\/lv\/wp-json\/wp\/v2\/types\/product"}],"wp:featuredmedia":[{"embeddable":true,"href":"https:\/\/nbg.eu\/lv\/wp-json\/wp\/v2\/media\/750194"}],"wp:attachment":[{"href":"https:\/\/nbg.eu\/lv\/wp-json\/wp\/v2\/media?parent=750193"}],"wp:term":[{"taxonomy":"product_brand","embeddable":true,"href":"https:\/\/nbg.eu\/lv\/wp-json\/wp\/v2\/product_brand?post=750193"},{"taxonomy":"product_cat","embeddable":true,"href":"https:\/\/nbg.eu\/lv\/wp-json\/wp\/v2\/product_cat?post=750193"},{"taxonomy":"product_tag","embeddable":true,"href":"https:\/\/nbg.eu\/lv\/wp-json\/wp\/v2\/product_tag?post=750193"}],"curies":[{"name":"wp","href":"https:\/\/api.w.org\/{rel}","templated":true}]}}