{"id":750607,"date":"2026-04-24T11:17:48","date_gmt":"2026-04-24T08:17:48","guid":{"rendered":"https:\/\/nbg.eu\/product\/eberlestock-modframe-dry-earth\/"},"modified":"2026-04-24T12:04:23","modified_gmt":"2026-04-24T09:04:23","slug":"eberlestock-modframe-dry-earth","status":"publish","type":"product","link":"https:\/\/nbg.eu\/lv\/product\/eberlestock-modframe-dry-earth\/","title":{"rendered":"Eberlestock Modframe &#8211; Dry Earth"},"content":{"rendered":"<h2>Eberlestock Modframe<\/h2>\n<p>Eberlestock Modframe ir n\u0101kam\u0101s paaudzes med\u012bbu platforma, kas \u0146em visu lielisko no Mainframe un p\u0101rb\u016bv\u0113 to no pamatiem. \u0160\u012b m\u0113r\u0137tiec\u012bgi veidot\u0101 modul\u0101r\u0101 r\u0101mja sist\u0113ma ir paredz\u0113ta nopietniem Alpu medniekiem, kuri prasa veiktsp\u0113ju, iztur\u012bbu un elast\u012bbu no savas n\u0113s\u0101\u0161anas sist\u0113mas.<\/p>\n<h3>Galven\u0101s iez\u012bmes<\/h3>\n<ul>\n<li>Next-gen modular frame<\/li>\n<li>Alpine hunting platform<\/li>\n<li>Modular bag compatibility<\/li>\n<li>Standalone frame capability<\/li>\n<li>Adjustable torso<\/li>\n<li>Eberlestock Lifetime Warranty<\/li>\n<\/ul>\n<h3>Specifik\u0101cijas<\/h3>\n<table>\n<tr>\n<td><strong>Svars<\/strong><\/td>\n<td>4 lbs 8 oz<\/td>\n<\/tr>\n<tr>\n<td><strong>Izm\u0113ri<\/strong><\/td>\n<td>26&#8243;H x 10&#8243;W<\/td>\n<\/tr>\n<tr>\n<td><strong>Produktu kodi<\/strong><\/td>\n<td>MO1ME (Dry Earth), MO1MJ (Military Green)<\/td>\n<\/tr>\n<tr>\n<td><strong>Ra\u017eot\u0101js<\/strong><\/td>\n<td>Eberlestock (Veter\u0101nu uz\u0146\u0113mums)<\/td>\n<\/tr>\n<\/table>\n","protected":false},"excerpt":{"rendered":"<p>Eberlestock Modframe ir n\u0101kam\u0101s paaudzes med\u012bbu platforma, kas \u0146em visu lielisko no Mainframe un p\u0101rb\u016bv\u0113 to no pamatiem. \u0160\u012b m\u0113r\u0137tiec\u012bgi veidot\u0101 modul\u0101r\u0101 r\u0101mja sist\u0113ma ir paredz\u0113ta nopietniem Alpu medniekiem, kuri prasa veiktsp\u0113ju, iztur\u012bbu un elast\u012bbu no savas n\u0113s\u0101\u0161anas sist\u0113mas.<\/p>\n","protected":false},"featured_media":750608,"template":"","meta":{"_acf_changed":false},"product_brand":[15154],"product_cat":[13771],"product_tag":[],"class_list":{"0":"post-750607","1":"product","2":"type-product","3":"status-publish","4":"has-post-thumbnail","6":"product_brand-eberlestock","7":"product_cat-mugursomas","9":"first","10":"outofstock","11":"taxable","12":"shipping-taxable","13":"purchasable","14":"product-type-simple"},"acf":[],"_links":{"self":[{"href":"https:\/\/nbg.eu\/lv\/wp-json\/wp\/v2\/product\/750607","targetHints":{"allow":["GET"]}}],"collection":[{"href":"https:\/\/nbg.eu\/lv\/wp-json\/wp\/v2\/product"}],"about":[{"href":"https:\/\/nbg.eu\/lv\/wp-json\/wp\/v2\/types\/product"}],"wp:featuredmedia":[{"embeddable":true,"href":"https:\/\/nbg.eu\/lv\/wp-json\/wp\/v2\/media\/750608"}],"wp:attachment":[{"href":"https:\/\/nbg.eu\/lv\/wp-json\/wp\/v2\/media?parent=750607"}],"wp:term":[{"taxonomy":"product_brand","embeddable":true,"href":"https:\/\/nbg.eu\/lv\/wp-json\/wp\/v2\/product_brand?post=750607"},{"taxonomy":"product_cat","embeddable":true,"href":"https:\/\/nbg.eu\/lv\/wp-json\/wp\/v2\/product_cat?post=750607"},{"taxonomy":"product_tag","embeddable":true,"href":"https:\/\/nbg.eu\/lv\/wp-json\/wp\/v2\/product_tag?post=750607"}],"curies":[{"name":"wp","href":"https:\/\/api.w.org\/{rel}","templated":true}]}}