{"id":751021,"date":"2026-04-24T11:17:52","date_gmt":"2026-04-24T08:17:52","guid":{"rendered":"https:\/\/nbg.eu\/product\/eberlestock-mission-lid-multicam\/"},"modified":"2026-04-24T12:06:11","modified_gmt":"2026-04-24T09:06:11","slug":"eberlestock-mission-lid-multicam","status":"publish","type":"product","link":"https:\/\/nbg.eu\/lv\/product\/eberlestock-mission-lid-multicam\/","title":{"rendered":"Eberlestock Mission Lid &#8211; Multicam"},"content":{"rendered":"<h2>Eberlestock Mission Lid<\/h2>\n<p>Eberlestock Mission Lid ir vienk\u0101r\u0161s un efekt\u012bvs uzglab\u0101\u0161anas papildin\u0101jums, kas notur svar\u012bgas lietas rokas stiepiena att\u0101lum\u0101, nepievienojot apjomu vai nepalielinot profilu. Izstr\u0101d\u0101ts darbam patst\u0101v\u012bgi vai kop\u0101 ar Mission Load Panel, Mission Lid iev\u0113rojami palielina Mission System kravas p\u0101rvad\u0101\u0161anas sp\u0113ju.<\/p>\n<h3>Galven\u0101s iez\u012bmes<\/h3>\n<ul>\n<li>400 c.i. storage<\/li>\n<li>6 oz lightweight<\/li>\n<li>Mission System compatible<\/li>\n<li>Works with Mission Load Panel<\/li>\n<li>Quick-access design<\/li>\n<li>Eberlestock Lifetime Warranty<\/li>\n<\/ul>\n<h3>Specifik\u0101cijas<\/h3>\n<table>\n<tr>\n<td><strong>Tilpums<\/strong><\/td>\n<td>400 c.i.<\/td>\n<\/tr>\n<tr>\n<td><strong>Svars<\/strong><\/td>\n<td>6 oz<\/td>\n<\/tr>\n<tr>\n<td><strong>Izm\u0113ri<\/strong><\/td>\n<td>10&#8243;L x 12&#8243;W x 4&#8243;D<\/td>\n<\/tr>\n<tr>\n<td><strong>Produktu kodi<\/strong><\/td>\n<td>ML1MM, ML1MC, ML1MJ<\/td>\n<\/tr>\n<tr>\n<td><strong>Ra\u017eot\u0101js<\/strong><\/td>\n<td>Eberlestock (Veter\u0101nu uz\u0146\u0113mums)<\/td>\n<\/tr>\n<\/table>\n","protected":false},"excerpt":{"rendered":"<p>Eberlestock Mission Lid ir vienk\u0101r\u0161s un efekt\u012bvs uzglab\u0101\u0161anas papildin\u0101jums, kas notur svar\u012bgas lietas rokas stiepiena att\u0101lum\u0101, nepievienojot apjomu vai nepalielinot profilu. Izstr\u0101d\u0101ts darbam patst\u0101v\u012bgi vai kop\u0101 ar Mission Load Panel, Mission Lid iev\u0113rojami palielina Mission System kravas p\u0101rvad\u0101\u0161anas sp\u0113ju.<\/p>\n","protected":false},"featured_media":751022,"template":"","meta":{"_acf_changed":false},"product_brand":[15154],"product_cat":[13771],"product_tag":[],"class_list":{"0":"post-751021","1":"product","2":"type-product","3":"status-publish","4":"has-post-thumbnail","6":"product_brand-eberlestock","7":"product_cat-mugursomas","9":"first","10":"outofstock","11":"taxable","12":"shipping-taxable","13":"purchasable","14":"product-type-simple"},"acf":[],"_links":{"self":[{"href":"https:\/\/nbg.eu\/lv\/wp-json\/wp\/v2\/product\/751021","targetHints":{"allow":["GET"]}}],"collection":[{"href":"https:\/\/nbg.eu\/lv\/wp-json\/wp\/v2\/product"}],"about":[{"href":"https:\/\/nbg.eu\/lv\/wp-json\/wp\/v2\/types\/product"}],"wp:featuredmedia":[{"embeddable":true,"href":"https:\/\/nbg.eu\/lv\/wp-json\/wp\/v2\/media\/751022"}],"wp:attachment":[{"href":"https:\/\/nbg.eu\/lv\/wp-json\/wp\/v2\/media?parent=751021"}],"wp:term":[{"taxonomy":"product_brand","embeddable":true,"href":"https:\/\/nbg.eu\/lv\/wp-json\/wp\/v2\/product_brand?post=751021"},{"taxonomy":"product_cat","embeddable":true,"href":"https:\/\/nbg.eu\/lv\/wp-json\/wp\/v2\/product_cat?post=751021"},{"taxonomy":"product_tag","embeddable":true,"href":"https:\/\/nbg.eu\/lv\/wp-json\/wp\/v2\/product_tag?post=751021"}],"curies":[{"name":"wp","href":"https:\/\/api.w.org\/{rel}","templated":true}]}}