{"id":751388,"date":"2026-04-24T11:17:56","date_gmt":"2026-04-24T08:17:56","guid":{"rendered":"https:\/\/nbg.eu\/product\/eberlestock-mission-wings-multicam\/"},"modified":"2026-04-24T12:07:59","modified_gmt":"2026-04-24T09:07:59","slug":"eberlestock-mission-wings-multicam","status":"publish","type":"product","link":"https:\/\/nbg.eu\/lv\/product\/eberlestock-mission-wings-multicam\/","title":{"rendered":"Eberlestock Mission Wings &#8211; Multicam"},"content":{"rendered":"<h2>Eberlestock Mission Wings<\/h2>\n<p>Eberlestock Mission Wings ir modul\u0101ri, viegli s\u0101nu pane\u013ci, kas \u0101tri pievieno papildu tilpumu vai \u013cauj strat\u0113\u0123iski konfigur\u0113t specializ\u0113tus komplektus Mission System \u0101rpus\u0113. Viegli pievienojami vai no\u0146emami, izmantojot ov\u0101las tri-glide stiprin\u0101juma punktus, tie nodro\u0161ina \u0101tru piek\u013cuvi uzglab\u0101\u0161anai tur, kur t\u0101 visvair\u0101k nepiecie\u0161ama.<\/p>\n<h3>Galven\u0101s iez\u012bmes<\/h3>\n<ul>\n<li>765 c.i. \/ 13.68L combined capacity<\/li>\n<li>Modular side panels<\/li>\n<li>Oval tri-glide attachment<\/li>\n<li>Quick-access design<\/li>\n<li>Mission System integration<\/li>\n<li>Eberlestock Lifetime Warranty<\/li>\n<\/ul>\n<h3>Specifik\u0101cijas<\/h3>\n<table>\n<tr>\n<td><strong>Tilpums<\/strong><\/td>\n<td>765 c.i. \/ 13.68L<\/td>\n<\/tr>\n<tr>\n<td><strong>Svars<\/strong><\/td>\n<td>1 lb 2 oz<\/td>\n<\/tr>\n<tr>\n<td><strong>Izm\u0113ri<\/strong><\/td>\n<td>18&#8243;H x 6.5&#8243;W x 2&#8243;D<\/td>\n<\/tr>\n<tr>\n<td><strong>Produktu kodi<\/strong><\/td>\n<td>MW1MM, MW1MC<\/td>\n<\/tr>\n<tr>\n<td><strong>Ra\u017eot\u0101js<\/strong><\/td>\n<td>Eberlestock (Veter\u0101nu uz\u0146\u0113mums)<\/td>\n<\/tr>\n<\/table>\n","protected":false},"excerpt":{"rendered":"<p>Eberlestock Mission Wings ir modul\u0101ri, viegli s\u0101nu pane\u013ci, kas \u0101tri pievieno papildu tilpumu vai \u013cauj strat\u0113\u0123iski konfigur\u0113t specializ\u0113tus komplektus Mission System \u0101rpus\u0113. Viegli pievienojami vai no\u0146emami, izmantojot ov\u0101las tri-glide stiprin\u0101juma punktus, tie nodro\u0161ina \u0101tru piek\u013cuvi uzglab\u0101\u0161anai tur, kur t\u0101 visvair\u0101k nepiecie\u0161ama.<\/p>\n","protected":false},"featured_media":751389,"template":"","meta":{"_acf_changed":false},"product_brand":[15154],"product_cat":[13771],"product_tag":[],"class_list":{"0":"post-751388","1":"product","2":"type-product","3":"status-publish","4":"has-post-thumbnail","6":"product_brand-eberlestock","7":"product_cat-mugursomas","9":"first","10":"outofstock","11":"taxable","12":"shipping-taxable","13":"purchasable","14":"product-type-simple"},"acf":[],"_links":{"self":[{"href":"https:\/\/nbg.eu\/lv\/wp-json\/wp\/v2\/product\/751388","targetHints":{"allow":["GET"]}}],"collection":[{"href":"https:\/\/nbg.eu\/lv\/wp-json\/wp\/v2\/product"}],"about":[{"href":"https:\/\/nbg.eu\/lv\/wp-json\/wp\/v2\/types\/product"}],"wp:featuredmedia":[{"embeddable":true,"href":"https:\/\/nbg.eu\/lv\/wp-json\/wp\/v2\/media\/751389"}],"wp:attachment":[{"href":"https:\/\/nbg.eu\/lv\/wp-json\/wp\/v2\/media?parent=751388"}],"wp:term":[{"taxonomy":"product_brand","embeddable":true,"href":"https:\/\/nbg.eu\/lv\/wp-json\/wp\/v2\/product_brand?post=751388"},{"taxonomy":"product_cat","embeddable":true,"href":"https:\/\/nbg.eu\/lv\/wp-json\/wp\/v2\/product_cat?post=751388"},{"taxonomy":"product_tag","embeddable":true,"href":"https:\/\/nbg.eu\/lv\/wp-json\/wp\/v2\/product_tag?post=751388"}],"curies":[{"name":"wp","href":"https:\/\/api.w.org\/{rel}","templated":true}]}}