{"id":751477,"date":"2026-04-24T11:17:58","date_gmt":"2026-04-24T08:17:58","guid":{"rendered":"https:\/\/nbg.eu\/product\/eberlestock-p12-knee-pad-komplekts-2-gab\/"},"modified":"2026-04-24T12:08:52","modified_gmt":"2026-04-24T09:08:52","slug":"eberlestock-p12-knee-pad-komplekts-2-gab","status":"publish","type":"product","link":"https:\/\/nbg.eu\/lv\/product\/eberlestock-p12-knee-pad-komplekts-2-gab\/","title":{"rendered":"Eberlestock P12 Knee Pad Komplekts 2 gab."},"content":{"rendered":"<h2>Eberlestock P12 Knee Pad Komplekts 2 gab.<\/h2>\n<p>Eberlestock P12 Knee Pad komplekts nodro\u0161ina b\u016btisku ce\u013cgalu aizsardz\u012bbu ilgsto\u0161\u0101m lauka oper\u0101cij\u0101m, \u0161au\u0161anas poz\u012bcij\u0101m un taktiskajiem pielietojumiem. P\u0101rdots k\u0101 2 gabalu komplekts, \u0161ie ce\u013cgalu aizsargi ir izstr\u0101d\u0101ti integr\u0101cijai ar sader\u012bg\u0101m Eberlestock biks\u0113m un ekip\u0113jumu, pied\u0101v\u0101jot vieglu komfortu un trieciena aizsardz\u012bbu, kad tas visvair\u0101k nepiecie\u0161ams.<\/p>\n<h3>Galven\u0101s iez\u012bmes<\/h3>\n<ul>\n<li>Set of 2 knee pads<\/li>\n<li>Eberlestock pants compatible<\/li>\n<li>Lightweight construction<\/li>\n<li>Impact-absorbing foam<\/li>\n<li>Ergonomic design<\/li>\n<li>Eberlestock Lifetime Warranty<\/li>\n<\/ul>\n<h3>Specifik\u0101cijas<\/h3>\n<table>\n<tr>\n<td><strong>Daudzums<\/strong><\/td>\n<td>2<\/td>\n<\/tr>\n<tr>\n<td><strong>Sader\u012bba<\/strong><\/td>\n<td>Eberlestock tactical pants<\/td>\n<\/tr>\n<tr>\n<td><strong>Ra\u017eot\u0101js<\/strong><\/td>\n<td>Eberlestock (Veter\u0101nu uz\u0146\u0113mums)<\/td>\n<\/tr>\n<\/table>\n","protected":false},"excerpt":{"rendered":"<p>Eberlestock P12 Knee Pad komplekts nodro\u0161ina b\u016btisku ce\u013cgalu aizsardz\u012bbu ilgsto\u0161\u0101m lauka oper\u0101cij\u0101m, \u0161au\u0161anas poz\u012bcij\u0101m un taktiskajiem pielietojumiem. P\u0101rdots k\u0101 2 gabalu komplekts, \u0161ie ce\u013cgalu aizsargi ir izstr\u0101d\u0101ti integr\u0101cijai ar sader\u012bg\u0101m Eberlestock biks\u0113m un ekip\u0113jumu, pied\u0101v\u0101jot vieglu komfortu un trieciena aizsardz\u012bbu, kad tas visvair\u0101k nepiecie\u0161ams.<\/p>\n","protected":false},"featured_media":751554,"template":"","meta":{"_acf_changed":false},"product_brand":[15154],"product_cat":[13835],"product_tag":[],"class_list":{"0":"post-751477","1":"product","2":"type-product","3":"status-publish","4":"has-post-thumbnail","6":"product_brand-eberlestock","7":"product_cat-aprikojums","9":"first","10":"instock","11":"taxable","12":"shipping-taxable","13":"purchasable","14":"product-type-simple"},"acf":[],"_links":{"self":[{"href":"https:\/\/nbg.eu\/lv\/wp-json\/wp\/v2\/product\/751477","targetHints":{"allow":["GET"]}}],"collection":[{"href":"https:\/\/nbg.eu\/lv\/wp-json\/wp\/v2\/product"}],"about":[{"href":"https:\/\/nbg.eu\/lv\/wp-json\/wp\/v2\/types\/product"}],"wp:featuredmedia":[{"embeddable":true,"href":"https:\/\/nbg.eu\/lv\/wp-json\/wp\/v2\/media\/751554"}],"wp:attachment":[{"href":"https:\/\/nbg.eu\/lv\/wp-json\/wp\/v2\/media?parent=751477"}],"wp:term":[{"taxonomy":"product_brand","embeddable":true,"href":"https:\/\/nbg.eu\/lv\/wp-json\/wp\/v2\/product_brand?post=751477"},{"taxonomy":"product_cat","embeddable":true,"href":"https:\/\/nbg.eu\/lv\/wp-json\/wp\/v2\/product_cat?post=751477"},{"taxonomy":"product_tag","embeddable":true,"href":"https:\/\/nbg.eu\/lv\/wp-json\/wp\/v2\/product_tag?post=751477"}],"curies":[{"name":"wp","href":"https:\/\/api.w.org\/{rel}","templated":true}]}}