{"id":75365,"date":"2024-10-30T18:50:16","date_gmt":"2024-11-01T09:26:42","guid":{"rendered":"https:\/\/nbg.eu\/product\/rhh-081-owb-magazine\/"},"modified":"2026-01-21T12:13:11","modified_gmt":"2026-01-21T09:13:11","slug":"rhh-081-owb-magazine","status":"publish","type":"product","link":"https:\/\/nbg.eu\/lv\/product\/rhh-081-owb-magazine\/","title":{"rendered":"Rhh .081 OWB Magazine"},"content":{"rendered":"<div class=\"product-description\">\n<h2>Rhh .081 OWB magaz\u012bnas maks<\/h2>\n<p>Rhh .081 OWB magaz\u012bnas maks ir Kydex maks, kas izstr\u0101d\u0101ts \u0113rtumam un funkcionalit\u0101tei. Galven\u0101s iez\u012bmes ietver:<\/p>\n<ul>\n<li>2mm biezs Kydex materi\u0101ls iztur\u012bbai<\/li>\n<li>Augstspiediena veido\u0161ana prec\u012bzam magaz\u012bnas ievietojumam<\/li>\n<li>Asas iedobes ar glud\u0101m, ar roku apstr\u0101d\u0101t\u0101m mal\u0101m<\/li>\n<li>Piel\u0101gojamas kr\u0101su opcijas<\/li>\n<li>Da\u017e\u0101das n\u0113s\u0101\u0161anas poz\u012bcijas (9-7 pulkste\u0146a poz\u012bcij\u0101 labro\u010diem)<\/li>\n<li>Piem\u0113rots \u0161autuv\u0113m, apm\u0101c\u012bb\u0101m un sacens\u012bb\u0101m<\/li>\n<li>Vair\u0101kas jostas stiprin\u0101jumu opcijas: klasisk\u0101s cilpas, SpeedLoops vai MOLLE klip\u0161i<\/li>\n<li>Papildu sviedru aizsargs<\/li>\n<li>Regul\u0113jams satv\u0113riena spriegojums<\/li>\n<\/ul>\n<p>Rhh .081 OWB magaz\u012bnas maks nodro\u0161ina labu notur\u0113\u0161anu un vieglu lieto\u0161anu.<\/p>\n<\/div>\n","protected":false},"excerpt":{"rendered":"<p>Iztur\u012bgs Kydex OWB ma\u0123az\u012bnu tur\u0113t\u0101js 2 aptveres. Piel\u0101gojams, dro\u0161s stiprin\u0101jums.<\/p>\n","protected":false},"featured_media":74399,"template":"","meta":{"_acf_changed":false},"product_brand":[11644],"product_cat":[13833,13818],"product_tag":[],"class_list":{"0":"post-75365","1":"product","2":"type-product","3":"status-publish","4":"has-post-thumbnail","6":"product_brand-rh-holsters","7":"product_cat-holsters","8":"product_cat-magazinu-turetaji","10":"first","11":"instock","12":"taxable","13":"shipping-taxable","14":"purchasable","15":"product-type-variable","16":"wvs-archive-product-wrapper"},"acf":[],"_links":{"self":[{"href":"https:\/\/nbg.eu\/lv\/wp-json\/wp\/v2\/product\/75365","targetHints":{"allow":["GET"]}}],"collection":[{"href":"https:\/\/nbg.eu\/lv\/wp-json\/wp\/v2\/product"}],"about":[{"href":"https:\/\/nbg.eu\/lv\/wp-json\/wp\/v2\/types\/product"}],"wp:featuredmedia":[{"embeddable":true,"href":"https:\/\/nbg.eu\/lv\/wp-json\/wp\/v2\/media\/74399"}],"wp:attachment":[{"href":"https:\/\/nbg.eu\/lv\/wp-json\/wp\/v2\/media?parent=75365"}],"wp:term":[{"taxonomy":"product_brand","embeddable":true,"href":"https:\/\/nbg.eu\/lv\/wp-json\/wp\/v2\/product_brand?post=75365"},{"taxonomy":"product_cat","embeddable":true,"href":"https:\/\/nbg.eu\/lv\/wp-json\/wp\/v2\/product_cat?post=75365"},{"taxonomy":"product_tag","embeddable":true,"href":"https:\/\/nbg.eu\/lv\/wp-json\/wp\/v2\/product_tag?post=75365"}],"curies":[{"name":"wp","href":"https:\/\/api.w.org\/{rel}","templated":true}]}}