{"id":75431,"date":"2024-10-30T18:55:52","date_gmt":"2024-11-01T09:40:46","guid":{"rendered":"https:\/\/nbg.eu\/product\/rhh-201-iwb-magazine\/"},"modified":"2026-01-21T12:28:57","modified_gmt":"2026-01-21T09:28:57","slug":"rhh-201-iwb-magazine","status":"publish","type":"product","link":"https:\/\/nbg.eu\/lv\/product\/rhh-201-iwb-magazine\/","title":{"rendered":"Rhh .201 IWB Magazine"},"content":{"rendered":"<div class=\"product-description\">\n<h2>Rhh .201 IWB magaz\u012bnas maks<\/h2>\n<p>Rhh .201 IWB magaz\u012bnas maks. \u0160is maks, kas paredz\u0113ts n\u0113s\u0101\u0161anai jostasvietas iek\u0161pus\u0113, ietver:<\/p>\n<ul>\n<li>Prec\u012bzi pres\u0113ta kydex konstrukcija<\/li>\n<li>Ar rok\u0101m apstr\u0101d\u0101tas malas<\/li>\n<li>Regul\u0113jams satv\u0113riens<\/li>\n<li>Vienk\u0101r\u0161i t\u012br\u0101ms dizains<\/li>\n<li>2mm pl\u0101ns kydex materi\u0101ls<\/li>\n<li>Da\u017e\u0101das n\u0113s\u0101\u0161anas iesp\u0113jas ap vidukli<\/li>\n<li>Piem\u0113rots lieto\u0161anai visu gadu, \u012bpa\u0161i vasar\u0101<\/li>\n<li>Pieejams ar t\u0113rauda klip\u0161iem 40mm un 45mm izm\u0113ros<\/li>\n<li>Papildu sviedru aizsargs<\/li>\n<\/ul>\n<p>Piem\u0113rots sl\u0113ptai n\u0113s\u0101\u0161anai zem ap\u0123\u0113rba. Paredz\u0113ts labro\u010diem 9 pulkste\u0146a poz\u012bcij\u0101.<\/p>\n<\/div>\n","protected":false},"excerpt":{"rendered":"<p>Pl\u0101ns, sl\u0113pjams IWB magaz\u012bnas maci\u0146\u0161 ar regul\u0113jamu rokturi un sviedru aizsargu.<\/p>\n","protected":false},"featured_media":74448,"template":"","meta":{"_acf_changed":false},"product_brand":[11644],"product_cat":[13833,13818],"product_tag":[],"class_list":{"0":"post-75431","1":"product","2":"type-product","3":"status-publish","4":"has-post-thumbnail","6":"product_brand-rh-holsters","7":"product_cat-holsters","8":"product_cat-magazinu-turetaji","10":"first","11":"instock","12":"taxable","13":"shipping-taxable","14":"purchasable","15":"product-type-variable","16":"wvs-archive-product-wrapper"},"acf":[],"_links":{"self":[{"href":"https:\/\/nbg.eu\/lv\/wp-json\/wp\/v2\/product\/75431","targetHints":{"allow":["GET"]}}],"collection":[{"href":"https:\/\/nbg.eu\/lv\/wp-json\/wp\/v2\/product"}],"about":[{"href":"https:\/\/nbg.eu\/lv\/wp-json\/wp\/v2\/types\/product"}],"wp:featuredmedia":[{"embeddable":true,"href":"https:\/\/nbg.eu\/lv\/wp-json\/wp\/v2\/media\/74448"}],"wp:attachment":[{"href":"https:\/\/nbg.eu\/lv\/wp-json\/wp\/v2\/media?parent=75431"}],"wp:term":[{"taxonomy":"product_brand","embeddable":true,"href":"https:\/\/nbg.eu\/lv\/wp-json\/wp\/v2\/product_brand?post=75431"},{"taxonomy":"product_cat","embeddable":true,"href":"https:\/\/nbg.eu\/lv\/wp-json\/wp\/v2\/product_cat?post=75431"},{"taxonomy":"product_tag","embeddable":true,"href":"https:\/\/nbg.eu\/lv\/wp-json\/wp\/v2\/product_tag?post=75431"}],"curies":[{"name":"wp","href":"https:\/\/api.w.org\/{rel}","templated":true}]}}