{"id":754430,"date":"2026-04-22T14:06:42","date_gmt":"2026-04-22T11:06:42","guid":{"rendered":"https:\/\/nbg.eu\/product\/ruger-ar-556-pusautomatiska-karabine-223-rem\/"},"modified":"2026-04-29T14:15:27","modified_gmt":"2026-04-29T11:15:27","slug":"ruger-ar-556-pusautomatiska-karabine-223-rem","status":"publish","type":"product","link":"https:\/\/nbg.eu\/lv\/product\/ruger-ar-556-pusautomatiska-karabine-223-rem\/","title":{"rendered":"Ruger AR-556 pusautom\u0101tiska karab\u012bne, .223 Rem"},"content":{"rendered":"<h2>Ruger AR-556 .223 Rem<\/h2>\n<p>Ruger AR-556 ir Ruger pirm\u0101 cenas orient\u0113t\u0101 AR-15 platforma, kas iepaz\u012bstina daudzus \u0161\u0101v\u0113jus ar AR pasauli. \u0160autene apvieno standarta AR-15 funkcijas un komponentes ar Ruger fokusu uz uzticam\u012bbu, kas rezult\u0113jas karab\u012bn\u0113, kura ir uzticama tie\u0161i no kastes un sader\u012bga ar visiem standarta AR-15 piederumiem un atjaunin\u0101jumiem.<\/p>\n<h3>Uzticama AR-15 platforma<\/h3>\n<p>Ruger AR-556 ir uzb\u016bv\u0113ts uz tie\u0161as g\u0101zes impulsa (DI) AR-15 darb\u012bbas sist\u0113mas, M16\/M4 milit\u0101r\u0101s \u0123imenes tie\u0161\u0101 p\u0113cte\u010da. Darb\u012bbas sist\u0113ma ir pier\u0101d\u012bta desmitgad\u0113s, un Ruger versija tiek ra\u017eota saska\u0146\u0101 ar standarta specifik\u0101cij\u0101m, optimiz\u0113ta uzticam\u012bbai.<\/p>\n<h3>Stobrs un darb\u012bba<\/h3>\n<p>16,1&#8243; hrom\u0113ts oglek\u013ca t\u0113rauda stobrs ir vijuma solis 1:8&#8243;, kas stabiliz\u0113 visu praktisko .223\/5.56 NATO lo\u017eu diapazonu. Stobra galam ir A2 uzliesmojuma sl\u0101p\u0113t\u0101js un tas ir v\u012btnes 1\/2&#8243;-28 piederumu mai\u0146ai.<\/p>\n<h3>M-LOK roku aizsargs<\/h3>\n<p>M\u016bsdienu versiju nevar sajaukt ar klasisko AR-15 polim\u0113ra roku aizsargiem. M-LOK spraugas pulksten 3, 6 un 9 poz\u012bcij\u0101s piederumiem un Picatinny sliede aug\u0161\u0101 pilna garuma optikas uzst\u0101d\u012b\u0161anai.<\/p>\n<h3>Standarta AR-15 funkcijas<\/h3>\n<p>\u0160autenei ir visas standarta AR-15 funkcijas: forward assist, putek\u013cu p\u0101rsegums, atgriezenisks dro\u0161in\u0101t\u0101js, se\u0161u poz\u012bciju regul\u0113jama laide un A2 rokturis. Visas da\u013cas atbilst standarta AR-15 specifik\u0101cij\u0101m, t\u0101p\u0113c t\u0101s ir viegli aizvietojamas vai uzlabojamas.<\/p>\n<h3>Premium komponenti<\/h3>\n<ul>\n<li>CNC fr\u0113z\u0113ts aug\u0161\u0113jais aploks un pastiprin\u0101ts apak\u0161\u0113jais aploks<\/li>\n<li>16,1&#8243; hrom\u0113ts oglek\u013ca t\u0113rauda stobrs<\/li>\n<li>A2 uzliesmojuma sl\u0101p\u0113t\u0101js (stobra gala piederums)<\/li>\n<li>M-LOK br\u012bvi peldo\u0161s roku aizsargs<\/li>\n<li>Se\u0161u poz\u012bciju regul\u0113jama laide<\/li>\n<li>Plakans aug\u0161\u0113jais aploks optikai<\/li>\n<\/ul>\n<h3>Tehniskie dati<\/h3>\n<table>\n<tr>\n<th>Meh\u0101nisms<\/th>\n<td>Pusautom\u0101tisks, tie\u0161s g\u0101zes impulss<\/td>\n<\/tr>\n<tr>\n<th>Kalibrs<\/th>\n<td>.223 Rem \/ 5.56 NATO<\/td>\n<\/tr>\n<tr>\n<th>Stobra garums<\/th>\n<td>16,1&#8243;<\/td>\n<\/tr>\n<tr>\n<th>Stobrs<\/th>\n<td>Hrom\u0113ts oglek\u013ca t\u0113rauds<\/td>\n<\/tr>\n<tr>\n<th>Vijuma solis<\/th>\n<td>1:8&#8243;<\/td>\n<\/tr>\n<tr>\n<th>Stobra gala piederums<\/th>\n<td>A2 uzliesmojuma sl\u0101p\u0113t\u0101js<\/td>\n<\/tr>\n<tr>\n<th>Stobra gala v\u012btne<\/th>\n<td>1\/2&#8243;-28<\/td>\n<\/tr>\n<tr>\n<th>Roku aizsargs<\/th>\n<td>M-LOK br\u012bvi peldo\u0161s<\/td>\n<\/tr>\n<tr>\n<th>Laide<\/th>\n<td>Se\u0161u poz\u012bciju regul\u0113jama<\/td>\n<\/tr>\n<tr>\n<th>Rokturis<\/th>\n<td>A2<\/td>\n<\/tr>\n<tr>\n<th>Svars<\/th>\n<td>~6,5 lbs<\/td>\n<\/tr>\n<\/table>\n","protected":false},"excerpt":{"rendered":"<p>Uzticama Ruger AR-556 pusautom\u0101tiska AR-15 karab\u012bne .223 Rem. CNC fr\u0113z\u0113ts aug\u0161\u0113jais aploks, pastiprin\u0101ts apak\u0161\u0113jais aploks, 16,1&#8243; mat\u0113ti melns stobrs, M-LOK roku aizsargs, se\u0161u poz\u012bciju laide un standarta AR-15 funkcijas izcilai cenas-kvalit\u0101tes attiec\u012bbai.<\/p>\n","protected":false},"featured_media":754962,"template":"","meta":{"_acf_changed":false},"product_brand":[16232],"product_cat":[15125,13759,13780,13827,15126],"product_tag":[],"class_list":{"0":"post-754430","1":"product","2":"type-product","3":"status-publish","4":"has-post-thumbnail","6":"product_brand-ruger","7":"product_cat-ar-15-rifles-lv","8":"product_cat-karabineri","9":"product_cat-licencets","10":"product_cat-sautene","11":"product_cat-semi-automatic-rifles-lv","13":"first","14":"instock","15":"taxable","16":"shipping-taxable","17":"product-type-simple"},"acf":[],"_links":{"self":[{"href":"https:\/\/nbg.eu\/lv\/wp-json\/wp\/v2\/product\/754430","targetHints":{"allow":["GET"]}}],"collection":[{"href":"https:\/\/nbg.eu\/lv\/wp-json\/wp\/v2\/product"}],"about":[{"href":"https:\/\/nbg.eu\/lv\/wp-json\/wp\/v2\/types\/product"}],"wp:featuredmedia":[{"embeddable":true,"href":"https:\/\/nbg.eu\/lv\/wp-json\/wp\/v2\/media\/754962"}],"wp:attachment":[{"href":"https:\/\/nbg.eu\/lv\/wp-json\/wp\/v2\/media?parent=754430"}],"wp:term":[{"taxonomy":"product_brand","embeddable":true,"href":"https:\/\/nbg.eu\/lv\/wp-json\/wp\/v2\/product_brand?post=754430"},{"taxonomy":"product_cat","embeddable":true,"href":"https:\/\/nbg.eu\/lv\/wp-json\/wp\/v2\/product_cat?post=754430"},{"taxonomy":"product_tag","embeddable":true,"href":"https:\/\/nbg.eu\/lv\/wp-json\/wp\/v2\/product_tag?post=754430"}],"curies":[{"name":"wp","href":"https:\/\/api.w.org\/{rel}","templated":true}]}}