{"id":754451,"date":"2026-04-22T14:06:47","date_gmt":"2026-04-22T11:06:47","guid":{"rendered":"https:\/\/nbg.eu\/product\/ruger-pc-carbine-pusautomatiska-karabine-9x19\/"},"modified":"2026-04-30T16:35:51","modified_gmt":"2026-04-30T13:35:51","slug":"ruger-pc-carbine-pusautomatiska-karabine-9x19","status":"publish","type":"product","link":"https:\/\/nbg.eu\/lv\/product\/ruger-pc-carbine-pusautomatiska-karabine-9x19\/","title":{"rendered":"Ruger PC Carbine pusautom\u0101tiska karab\u012bne, 9&#215;19"},"content":{"rendered":"<h2>Ruger PC Carbine 9&#215;19<\/h2>\n<p>Ruger PC Carbine ir pistoles kalibra pusautom\u0101tiska karab\u012bne 9&#215;19 (9mm Luger), kas apvieno zemu atsitiena platformu, viegli p\u0101rvald\u0101mu, ar karab\u012bnu stabilit\u0101ti un precizit\u0101ti. \u0160autene ir daudzpus\u012bga: lieliska m\u0113r\u0137a \u0161au\u0161anai, plinkingam, m\u0101jas aizsardz\u012bbai, un, pateicoties tam, ka t\u0101 izmanto to pa\u0161u 9&#215;19 mun\u012bciju k\u0101 daudzas pistoles, t\u0101 ir izmaksu zi\u0146\u0101 efekt\u012bva platforma tren\u0113\u0161anai.<\/p>\n<h3>Aizkav\u0113ta blowback darb\u012bba<\/h3>\n<p>PC Carbine ir uzb\u016bv\u0113ta uz aizkav\u0113tas blowback darb\u012bbas sist\u0113mas, kas nodro\u0161ina vienm\u0113r\u012bg\u0101ku darb\u012bbu nek\u0101 tradicion\u0101las vienk\u0101r\u0161as blowback sist\u0113mas. Darb\u012bba noz\u012bm\u0113 zem\u0101ku atsitienu un maz\u0101ku sejas atsitienu, kas padara to \u0101rk\u0101rt\u012bgi \u0113rtu gar\u0101s \u0161au\u0161anas s\u0113rij\u0101s.<\/p>\n<h3>Main\u0101ma aptvere (Glock-sader\u012bga)<\/h3>\n<p>Viena no izce\u013co\u0161aj\u0101m funkcij\u0101m ir main\u0101mas aptveres sist\u0113ma: PC Carbine standarta n\u0101k ar Ruger SR9 un Ruger Security-9 aptver\u0113m, bet ar vienk\u0101r\u0161u mai\u0146u t\u0101 ir sader\u012bga ar\u012b ar Glock pisto\u013cu aptver\u0113m. Tas noz\u012bm\u0113 mun\u012bcijas un aptveres sader\u012bbu ar Glock pistol\u0113m \u2014 perfekta izv\u0113le Glock \u012bpa\u0161niekiem.<\/p>\n<h3>Regul\u0113jama laide un vad\u012bbas<\/h3>\n<p>PC Carbine ir laide ar regul\u0113jamu garumu un atgriezenisku sl\u0113ga un aptveres atbr\u012bvo\u0161anu, t\u0101p\u0113c t\u0101 viegli piel\u0101gojas lab\u0101s un kreis\u0101s rokas \u0161\u0101v\u0113jiem. \u0160auteni var izjaukt bez instrumentiem uzglab\u0101\u0161anai vai transport\u0113\u0161anai \u2014 unik\u0101la iez\u012bme starp karab\u012bniem.<\/p>\n<h3>M-LOK roku aizsargs un Picatinny sliede<\/h3>\n<p>M\u016bsdienu versijas n\u0101k ar M-LOK roku aizsargu piederumiem un Picatinny sliedi pilna garuma optikas uzst\u0101d\u012b\u0161anai. Reflex\/red dot optiku, luktur\u012b\u0161us un l\u0101zerus var viegli piestiprin\u0101t karab\u012bnam.<\/p>\n<h3>Premium komponenti<\/h3>\n<ul>\n<li>Aizkav\u0113tas blowback darb\u012bbas sist\u0113ma<\/li>\n<li>Regul\u0113jama laide un atgriezeniskas vad\u012bbas<\/li>\n<li>Var izjaukt bez instrumentiem<\/li>\n<li>M-LOK roku aizsargs un Picatinny sliede<\/li>\n<li>V\u012btnes stobra gals klusin\u0101t\u0101jam vai stobra gala bremzei<\/li>\n<\/ul>\n<h3>Tehniskie dati<\/h3>\n<table>\n<tr>\n<th>Meh\u0101nisms<\/th>\n<td>Pusautom\u0101tisks, aizkav\u0113ts blowback<\/td>\n<\/tr>\n<tr>\n<th>Kalibrs<\/th>\n<td>9&#215;19 (9mm Luger)<\/td>\n<\/tr>\n<tr>\n<th>Stobra garums<\/th>\n<td>16,12&#8243;<\/td>\n<\/tr>\n<tr>\n<th>Stobra gala v\u012btne<\/th>\n<td>1\/2&#8243;-28<\/td>\n<\/tr>\n<tr>\n<th>Roku aizsargs<\/th>\n<td>M-LOK<\/td>\n<\/tr>\n<tr>\n<th>Laide<\/th>\n<td>Regul\u0113jama sint\u0113tiska<\/td>\n<\/tr>\n<tr>\n<th>Svars<\/th>\n<td>~6,8 lbs<\/td>\n<\/tr>\n<tr>\n<th>Kop\u0113jais garums<\/th>\n<td>~34,4&#8243;<\/td>\n<\/tr>\n<tr>\n<th>Virsma<\/th>\n<td>Mat\u0113ti melna<\/td>\n<\/tr>\n<\/table>\n","protected":false},"excerpt":{"rendered":"<p>Ruger PC Carbine pistoles kalibra pusautom\u0101tiska karab\u012bne 9&#215;19. Aizkav\u0113ta blowback darb\u012bba, regul\u0113jama laide, M-LOK roku aizsargs un pilnveidota m\u0113l\u012btes vilk\u0161ana. Daudzpus\u012bga m\u0113r\u0137a \u0161au\u0161anai, m\u0101jas aizsardz\u012bbai vai plinkingam.<\/p>\n","protected":false},"featured_media":755016,"template":"","meta":{"_acf_changed":false},"product_brand":[16232],"product_cat":[13759,13780,13792,13827,15126],"product_tag":[],"class_list":{"0":"post-754451","1":"product","2":"type-product","3":"status-publish","4":"has-post-thumbnail","6":"product_brand-ruger","7":"product_cat-karabineri","8":"product_cat-licencets","9":"product_cat-pcc","10":"product_cat-sautene","11":"product_cat-semi-automatic-rifles-lv","13":"first","14":"instock","15":"taxable","16":"shipping-taxable","17":"product-type-simple"},"acf":[],"_links":{"self":[{"href":"https:\/\/nbg.eu\/lv\/wp-json\/wp\/v2\/product\/754451","targetHints":{"allow":["GET"]}}],"collection":[{"href":"https:\/\/nbg.eu\/lv\/wp-json\/wp\/v2\/product"}],"about":[{"href":"https:\/\/nbg.eu\/lv\/wp-json\/wp\/v2\/types\/product"}],"wp:featuredmedia":[{"embeddable":true,"href":"https:\/\/nbg.eu\/lv\/wp-json\/wp\/v2\/media\/755016"}],"wp:attachment":[{"href":"https:\/\/nbg.eu\/lv\/wp-json\/wp\/v2\/media?parent=754451"}],"wp:term":[{"taxonomy":"product_brand","embeddable":true,"href":"https:\/\/nbg.eu\/lv\/wp-json\/wp\/v2\/product_brand?post=754451"},{"taxonomy":"product_cat","embeddable":true,"href":"https:\/\/nbg.eu\/lv\/wp-json\/wp\/v2\/product_cat?post=754451"},{"taxonomy":"product_tag","embeddable":true,"href":"https:\/\/nbg.eu\/lv\/wp-json\/wp\/v2\/product_tag?post=754451"}],"curies":[{"name":"wp","href":"https:\/\/api.w.org\/{rel}","templated":true}]}}