{"id":755456,"date":"2026-05-13T13:36:36","date_gmt":"2026-05-13T10:36:36","guid":{"rendered":"https:\/\/nbg.eu\/product\/aptvere-asc-ar-15-223-rem-5-56-nato-10-savienu\/"},"modified":"2026-05-13T14:49:29","modified_gmt":"2026-05-13T11:49:29","slug":"aptvere-asc-ar-15-223-rem-5-56-nato-10-savienu","status":"publish","type":"product","link":"https:\/\/nbg.eu\/lv\/product\/aptvere-asc-ar-15-223-rem-5-56-nato-10-savienu\/","title":{"rendered":"Aptvere ASC AR-15 .223 Rem \/ 5.56 NATO 10-\u0161\u0101vienu"},"content":{"rendered":"<h2>Aptvere ASC AR-15 .223 Rem \/ 5.56 NATO 10-\u0161\u0101vienu<\/h2>\n<p>Uzlabot\u0101 AR-15 aptvere ASC izgatavota no ner\u016bs\u0113jo\u0161\u0101 t\u0113rauda 410, ar hroma-sil\u012bcija atsperi un karstumiztur\u012bgu polim\u0113ra padev\u0113ju uzticamai .223 Rem \/ 5.56 NATO \/ 5.56 NATO padevei. Atbilst 10 patronu ietilp\u012bbas ierobe\u017eojumam.<\/p>\n<h3>Galven\u0101s iez\u012bmes<\/h3>\n<ul>\n<li>10-\u0161\u0101vienu (ierobe\u017eotas ietilp\u012bbas)<\/li>\n<li>Korpuss no ner\u016bs\u0113jo\u0161\u0101 t\u0113rauda 410<\/li>\n<li>Hroma-sil\u012bcija atspere<\/li>\n<li>Pa\u0161iezie\u017eo\u0161a polim\u0113ra padev\u0113ja<\/li>\n<li>Piem\u0113rots visiem standarta AR-15 lower receiveriem<\/li>\n<\/ul>\n<h3>Specifik\u0101cijas<\/h3>\n<table>\n<tr>\n<td><strong>Kalibrs<\/strong><\/td>\n<td>.223 Rem \/ 5.56 NATO \/ 5.56 NATO<\/td>\n<\/tr>\n<tr>\n<td><strong>Ietilp\u012bba<\/strong><\/td>\n<td>10 patronas<\/td>\n<\/tr>\n<tr>\n<td><strong>Materi\u0101ls<\/strong><\/td>\n<td>Ner\u016bs\u0113jo\u0161ais t\u0113rauds 410<\/td>\n<\/tr>\n<tr>\n<td><strong>Ra\u017eot\u0101js<\/strong><\/td>\n<td>ASC (USA)<\/td>\n<\/tr>\n<\/table>\n","protected":false},"excerpt":{"rendered":"<p>10-\u0161\u0101vienu AR-15 aptvere kalibr\u0101 .223 Rem \/ 5.56 NATO no ASC (Ammunition Storage Components). Uzlabota konstrukcija no ner\u016bs\u0113jo\u0161\u0101 t\u0113rauda 410 ar polim\u0113ra padev\u0113ju.<\/p>\n","protected":false},"featured_media":755905,"template":"","meta":{"_acf_changed":false},"product_brand":[],"product_cat":[13780,13827,13834],"product_tag":[],"class_list":{"0":"post-755456","1":"product","2":"type-product","3":"status-publish","4":"has-post-thumbnail","6":"product_cat-licencets","7":"product_cat-sautene","8":"product_cat-sautenes-magazinas","10":"first","11":"instock","12":"taxable","13":"shipping-taxable","14":"product-type-simple"},"acf":[],"_links":{"self":[{"href":"https:\/\/nbg.eu\/lv\/wp-json\/wp\/v2\/product\/755456","targetHints":{"allow":["GET"]}}],"collection":[{"href":"https:\/\/nbg.eu\/lv\/wp-json\/wp\/v2\/product"}],"about":[{"href":"https:\/\/nbg.eu\/lv\/wp-json\/wp\/v2\/types\/product"}],"wp:featuredmedia":[{"embeddable":true,"href":"https:\/\/nbg.eu\/lv\/wp-json\/wp\/v2\/media\/755905"}],"wp:attachment":[{"href":"https:\/\/nbg.eu\/lv\/wp-json\/wp\/v2\/media?parent=755456"}],"wp:term":[{"taxonomy":"product_brand","embeddable":true,"href":"https:\/\/nbg.eu\/lv\/wp-json\/wp\/v2\/product_brand?post=755456"},{"taxonomy":"product_cat","embeddable":true,"href":"https:\/\/nbg.eu\/lv\/wp-json\/wp\/v2\/product_cat?post=755456"},{"taxonomy":"product_tag","embeddable":true,"href":"https:\/\/nbg.eu\/lv\/wp-json\/wp\/v2\/product_tag?post=755456"}],"curies":[{"name":"wp","href":"https:\/\/api.w.org\/{rel}","templated":true}]}}