{"id":755617,"date":"2026-05-13T13:36:46","date_gmt":"2026-05-13T10:36:46","guid":{"rendered":"https:\/\/nbg.eu\/product\/contessa-picatinny-sliede-howa-1500-long-action\/"},"modified":"2026-05-13T14:51:05","modified_gmt":"2026-05-13T11:51:05","slug":"contessa-picatinny-sliede-howa-1500-long-action","status":"publish","type":"product","link":"https:\/\/nbg.eu\/lv\/product\/contessa-picatinny-sliede-howa-1500-long-action\/","title":{"rendered":"Contessa Picatinny sliede Howa 1500 Long Action"},"content":{"rendered":"<h2>Contessa Picatinny sliede Howa 1500 Long Action<\/h2>\n<p>Prec\u012bzi apstr\u0101d\u0101ta Picatinny sliede no Contessa (It\u0101lija), izstr\u0101d\u0101ta speci\u0101li Howa 1500 Long Action receiveram. Veidota no CNC apstr\u0101d\u0101ta t\u0113rauda ar cietu melnu p\u0101rkl\u0101jumu; stabila platforma optisko sist\u0113mu un piederumu uzst\u0101d\u012b\u0161anai.<\/p>\n<h3>Galven\u0101s iez\u012bmes<\/h3>\n<ul>\n<li>Piem\u0113rots Howa 1500 Long Action<\/li>\n<li>MIL-STD 1913 Picatinny profils<\/li>\n<li>CNC apstr\u0101d\u0101ta t\u0113rauda konstrukcija<\/li>\n<li>Ciets melns p\u0101rkl\u0101jums<\/li>\n<li>It\u0101lie\u0161u meistar\u012bba Contessa<\/li>\n<\/ul>\n<h3>Specifik\u0101cijas<\/h3>\n<table>\n<tr>\n<td><strong>Piem\u0113rots<\/strong><\/td>\n<td>Howa 1500 Long Action<\/td>\n<\/tr>\n<tr>\n<td><strong>Standarts<\/strong><\/td>\n<td>MIL-STD 1913 Picatinny<\/td>\n<\/tr>\n<tr>\n<td><strong>Materi\u0101ls<\/strong><\/td>\n<td>T\u0113rauds, ciets melns p\u0101rkl\u0101jums<\/td>\n<\/tr>\n<tr>\n<td><strong>Ra\u017eot\u0101js<\/strong><\/td>\n<td>Contessa (It\u0101lija)<\/td>\n<\/tr>\n<\/table>\n","protected":false},"excerpt":{"rendered":"<p>It\u0101lie\u0161u Contessa Picatinny sliede optikai uz Howa 1500 Long Action bolt-action \u0161auten\u0113m. Prec\u012bzi CNC apstr\u0101d\u0101ts t\u0113rauds.<\/p>\n","protected":false},"featured_media":756289,"template":"","meta":{"_acf_changed":false},"product_brand":[],"product_cat":[14900,15822,13841],"product_tag":[],"class_list":{"0":"post-755617","1":"product","2":"type-product","3":"status-publish","4":"has-post-thumbnail","6":"product_cat-mounts-lv","7":"product_cat-picatinny-rails-lv","8":"product_cat-sliedes","10":"first","11":"instock","12":"taxable","13":"shipping-taxable","14":"purchasable","15":"product-type-simple"},"acf":[],"_links":{"self":[{"href":"https:\/\/nbg.eu\/lv\/wp-json\/wp\/v2\/product\/755617","targetHints":{"allow":["GET"]}}],"collection":[{"href":"https:\/\/nbg.eu\/lv\/wp-json\/wp\/v2\/product"}],"about":[{"href":"https:\/\/nbg.eu\/lv\/wp-json\/wp\/v2\/types\/product"}],"wp:featuredmedia":[{"embeddable":true,"href":"https:\/\/nbg.eu\/lv\/wp-json\/wp\/v2\/media\/756289"}],"wp:attachment":[{"href":"https:\/\/nbg.eu\/lv\/wp-json\/wp\/v2\/media?parent=755617"}],"wp:term":[{"taxonomy":"product_brand","embeddable":true,"href":"https:\/\/nbg.eu\/lv\/wp-json\/wp\/v2\/product_brand?post=755617"},{"taxonomy":"product_cat","embeddable":true,"href":"https:\/\/nbg.eu\/lv\/wp-json\/wp\/v2\/product_cat?post=755617"},{"taxonomy":"product_tag","embeddable":true,"href":"https:\/\/nbg.eu\/lv\/wp-json\/wp\/v2\/product_tag?post=755617"}],"curies":[{"name":"wp","href":"https:\/\/api.w.org\/{rel}","templated":true}]}}