{"id":83603,"date":"2024-11-27T16:26:53","date_gmt":"2024-12-17T12:20:27","guid":{"rendered":"https:\/\/nbg.eu\/product\/super-precision-t1-mount-absolute-co-witness-black\/"},"modified":"2026-01-21T11:46:49","modified_gmt":"2026-01-21T08:46:49","slug":"super-precision-t1-mount-absolute-co-witness-black","status":"publish","type":"product","link":"https:\/\/nbg.eu\/lv\/product\/super-precision-t1-mount-absolute-co-witness-black\/","title":{"rendered":"Super Precision T1 Mount &#8211; Absolute Co-Witness &#8211; Black"},"content":{"rendered":"<h2>T1 Mont\u0101\u017ea &#8211; Absol\u016bt\u0101 Ko-viz\u0113\u0161ana &#8211; Melna<\/h2>\n<p>T1 Mont\u0101\u017ea ir paredz\u0113ta Aimpoint T1 un l\u012bdz\u012bg\u0101m sarkano punktu optik\u0101m. Izgatavota no viena 7075-T6 alum\u012bnija gabala, \u0161\u012b mont\u0101\u017ea nodro\u0161ina iztur\u012bbu un veiktsp\u0113ju.<\/p>\n<ul>\n<li>Absol\u016bt\u0101s ko-viz\u0113\u0161anas augstuma opcija<\/li>\n<li>Melna 3. tipa ciet\u0101 anod\u0113ta apdare<\/li>\n<li>Svars tikai 57 grami<\/li>\n<li>Izmanto Geissele atjaunin\u0101to uzgrie\u017e\u0146a un skr\u016bves metodi<\/li>\n<li>635 kg sp\u0113ka stiprin\u0101jums<\/li>\n<li>3 b\u012bdes izci\u013c\u0146i maksim\u0101lai stabilit\u0101tei un atgrie\u0161anai nulles poz\u012bcij\u0101<\/li>\n<\/ul>\n<p>T1 Mont\u0101\u017ea nodro\u0161ina stabilit\u0101ti un precizit\u0101ti. T\u0101 nodro\u0161ina, ka j\u016bsu optika paliek dro\u0161i viet\u0101.<\/p>\n","protected":false},"excerpt":{"rendered":"<p>Prec\u012bzi izstr\u0101d\u0101ts T1 stiprin\u0101jums piln\u012bgai kop\u012bgai t\u0113m\u0113\u0161anai. Iztur\u012bgs alum\u012bnijs, stingra sader\u012bba.<\/p>\n","protected":false},"featured_media":82495,"template":"","meta":{"_acf_changed":false},"product_brand":[11383],"product_cat":[13777,13773,13809,14916],"product_tag":[],"class_list":{"0":"post-83603","1":"product","2":"type-product","3":"status-publish","4":"has-post-thumbnail","6":"product_brand-geissele","7":"product_cat-kmr-detalas","8":"product_cat-pistoles-detalas","9":"product_cat-pistoles-merki","10":"product_cat-red-dot-sights-mounts-lv","12":"first","13":"instock","14":"taxable","15":"shipping-taxable","16":"product-type-simple"},"acf":[],"_links":{"self":[{"href":"https:\/\/nbg.eu\/lv\/wp-json\/wp\/v2\/product\/83603","targetHints":{"allow":["GET"]}}],"collection":[{"href":"https:\/\/nbg.eu\/lv\/wp-json\/wp\/v2\/product"}],"about":[{"href":"https:\/\/nbg.eu\/lv\/wp-json\/wp\/v2\/types\/product"}],"wp:featuredmedia":[{"embeddable":true,"href":"https:\/\/nbg.eu\/lv\/wp-json\/wp\/v2\/media\/82495"}],"wp:attachment":[{"href":"https:\/\/nbg.eu\/lv\/wp-json\/wp\/v2\/media?parent=83603"}],"wp:term":[{"taxonomy":"product_brand","embeddable":true,"href":"https:\/\/nbg.eu\/lv\/wp-json\/wp\/v2\/product_brand?post=83603"},{"taxonomy":"product_cat","embeddable":true,"href":"https:\/\/nbg.eu\/lv\/wp-json\/wp\/v2\/product_cat?post=83603"},{"taxonomy":"product_tag","embeddable":true,"href":"https:\/\/nbg.eu\/lv\/wp-json\/wp\/v2\/product_tag?post=83603"}],"curies":[{"name":"wp","href":"https:\/\/api.w.org\/{rel}","templated":true}]}}