{"id":105666,"date":"2024-01-30T18:14:32","date_gmt":"2024-01-30T18:14:32","guid":{"rendered":"https:\/\/nbg.eu\/product\/tangent-theta-tt315p-3-15x50mm-professional\/"},"modified":"2026-01-21T12:26:29","modified_gmt":"2026-01-21T09:26:29","slug":"tangent-theta-tt315p-3-15x50mm-professional","status":"publish","type":"product","link":"https:\/\/nbg.eu\/mt\/product\/tangent-theta-tt315p-3-15x50mm-professional\/","title":{"rendered":"Tangent Theta TT315P (3-15x50mm Professional)"},"content":{"rendered":"<div class=\"product-description\">\n<h2>Tangent Theta TT315P (3-15x50mm Professjonali) Teleskopju tar-Rifle<\/h2>\n<p>Il-mudell Tangent Theta 3-15x50mm TT315P huwa teleskopju tar-rifle iddisinjat g\u0127al sparaturi professjonali g\u0127al xenarji ta&#8217; sparar fuq distanzi twal.<\/p>\n<h2>Karatteristi\u010bi Ewlenin:<\/h2>\n<ul>\n<li>Lenti objettiva ta&#8217; 50mm g\u0127al \u0121bir tad-dawl<\/li>\n<li>Tubu prin\u010bipali ta&#8217; 34mm g\u0127al firxa ta&#8217; a\u0121\u0121ustament<\/li>\n<li>Firxa ta&#8217; tkabbir 3-15x<\/li>\n<li>Karatteristika TOOL-LESS RE-ZERO\u00ae (Patent tal-US # 10,591,253)<\/li>\n<li>11-il setting ta&#8217; illuminazzjoni tar-reticle<\/li>\n<li>A\u0121\u0121ustament tal-parallax mill-\u0121enb minn 50m sa infinit\u00e0<\/li>\n<li>Pumi li ma jittradu\u010bux b&#8217;waqfa \u017cero tal-elevazzjoni<\/li>\n<li>Elevazzjoni b&#8217;dawra doppja b&#8217;indikatur tar-rivoluzzjoni<\/li>\n<li>Dijoptru li jista&#8217; ji\u0121i a\u0121\u0121ustat malajr u jissakkar<\/li>\n<\/ul>\n<h2>G\u0127a\u017cliet tar-Reticle:<\/h2>\n<ul>\n<li>Gen 2XR<\/li>\n<li>MoA<\/li>\n<li>Gen 2 Mil-Dot<\/li>\n<li>Gen 3XR<\/li>\n<\/ul>\n<h2>Pre\u010bi\u017cjoni u Durabilit\u00e0:<\/h2>\n<p>Manifatturat fil-Kanada, it-TT315P huwa mibni biex jifla\u0127 g\u0127al kundizzjonijiet ambjentali. Il-kostruzzjoni tieg\u0127u hija kkumplimentata minn rispons tattili pre\u010bi\u017c fil-mekkani\u017cmi tal-elevazzjoni u tar-ri\u0127.<\/p>\n<h2>E\u010b\u010bellenza Ottika:<\/h2>\n<p>B&#8217;kamp vi\u017civ (12.8m @ 100m f&#8217;3x, 2.8m @ 100m f&#8217;15x) u g\u0127ajnuna g\u0127all-g\u0127ajn ta&#8217; 90mm, it-TT315P jipprovdi imma\u0121ini \u010bari. Il-lenti objettiva ta&#8217; 50mm timmassimizza t-tra\u017cmissjoni tad-dawl.<\/p>\n<h2>Kapa\u010bitajiet ta&#8217; A\u0121\u0121ustament Avvanzati:<\/h2>\n<p>B&#8217;firxa ta&#8217; a\u0121\u0121ustament tal-elevazzjoni totali ta&#8217; 34 mrad (117 MoA) u tar-ri\u0127 ta&#8217; \u00b18 mrad (\u00b127 MoA), it-TT315P joffri a\u0121\u0121ustamenti ta&#8217; 0.1 mrad jew 1\/4 MoA. Il-mekkani\u017cmu TOOL-LESS RE-ZERO\u00ae jippermetti \u017ceroing malajr.<\/p>\n<h2>Re\u017cistenza Ambjentali:<\/h2>\n<p>Impermeabbli sa 10 metri g\u0127al 4 sig\u0127at u re\u017cistenti g\u0127ax-xokkijiet sa 700g&#8217;s f&#8217;10,000 \u010biklu, it-TT315P huwa mibni biex ja\u0127dem f&#8217;kundizzjonijiet iebsa. Il-finitura opaka Anodizzata tat-Tip II tipprovdi protezzjoni kontra l-u\u017cu u l-korru\u017cjoni.<\/p>\n<p>It-Tangent Theta TT315P huwa teleskopju tar-rifle li joffri pre\u010bi\u017cjoni, durabilit\u00e0, u \u010barezza ottika g\u0127al applikazzjonijiet professjonali.<\/p>\n<\/div>\n","protected":false},"excerpt":{"rendered":"<p>Tangent Theta TT315P: Teleskopju ta&#8217; pre\u010bi\u017cjoni ta&#8217; 3-15x50mm g\u0127al sparaturi professjonali. Robust, b&#8217;a\u0121\u0121ustament ta\u017c-\u017cero ming\u0127ajr g\u0127odda.<\/p>\n","protected":false},"featured_media":100833,"template":"","meta":{"_acf_changed":false},"product_brand":[11897],"product_cat":[14109,14122],"product_tag":[],"class_list":{"0":"post-105666","1":"product","2":"type-product","3":"status-publish","4":"has-post-thumbnail","6":"product_brand-tangent-theta","7":"product_cat-immira","8":"product_cat-ottici-magnifikati","10":"first","11":"instock","12":"taxable","13":"shipping-taxable","14":"purchasable","15":"product-type-variable","16":"wvs-archive-product-wrapper"},"acf":[],"_links":{"self":[{"href":"https:\/\/nbg.eu\/mt\/wp-json\/wp\/v2\/product\/105666","targetHints":{"allow":["GET"]}}],"collection":[{"href":"https:\/\/nbg.eu\/mt\/wp-json\/wp\/v2\/product"}],"about":[{"href":"https:\/\/nbg.eu\/mt\/wp-json\/wp\/v2\/types\/product"}],"wp:featuredmedia":[{"embeddable":true,"href":"https:\/\/nbg.eu\/mt\/wp-json\/wp\/v2\/media\/100833"}],"wp:attachment":[{"href":"https:\/\/nbg.eu\/mt\/wp-json\/wp\/v2\/media?parent=105666"}],"wp:term":[{"taxonomy":"product_brand","embeddable":true,"href":"https:\/\/nbg.eu\/mt\/wp-json\/wp\/v2\/product_brand?post=105666"},{"taxonomy":"product_cat","embeddable":true,"href":"https:\/\/nbg.eu\/mt\/wp-json\/wp\/v2\/product_cat?post=105666"},{"taxonomy":"product_tag","embeddable":true,"href":"https:\/\/nbg.eu\/mt\/wp-json\/wp\/v2\/product_tag?post=105666"}],"curies":[{"name":"wp","href":"https:\/\/api.w.org\/{rel}","templated":true}]}}