{"id":106809,"date":"2024-11-16T10:23:45","date_gmt":"2024-11-16T10:23:45","guid":{"rendered":"https:\/\/nbg.eu\/product\/sai-optics-model-sai-6-1x-6x\/"},"modified":"2026-01-21T12:23:48","modified_gmt":"2026-01-21T09:23:48","slug":"sai-optics-model-sai-6-1x-6x","status":"publish","type":"product","link":"https:\/\/nbg.eu\/mt\/product\/sai-optics-model-sai-6-1x-6x\/","title":{"rendered":"SAI Optics\u2122 Model SAI 6\u2122 &#8211; 1x-6x"},"content":{"rendered":"<h2>Ottika SAI Mudell SAI 6 &#8211; 1x-6x<\/h2>\n<p>L-ottika SAI 6 toffri soluzzjoni b&#8217;sa\u0127\u0127itha u versatili g\u0127al \u0127ti\u0121ijiet ta&#8217; tkabbir varjabbli. G\u0127andha reticle illuminat b&#8217;LED fl-Ewwel Pjan Fokali, li ji\u017cgura kejl u \u017camma ballistika pre\u010bi\u017ca f&#8217;kull tkabbir. Ir-reticle u l-kamp vi\u017civ iwessg\u0127u l-effika\u010bja f&#8217;distanzi qosra.<\/p>\n<h2>Karatteristi\u010bi Ewlenin:<\/h2>\n<ul>\n<li>Tkabbir: 1x-6x<\/li>\n<li>Disinn tubulari b&#8217;sa\u0127\u0127tu g\u0127al mmuntar modulari<\/li>\n<li>Reticle illuminat b&#8217;LED b&#8217;10 settings<\/li>\n<li>Reticles disponibbli: 5.56 BDC, 6.8 BDC, 7.62 BDC<\/li>\n<li>Re\u017cistenti g\u0127all-ilma: 2 sig\u0127at @ 3 metri<\/li>\n<li>Re\u017cistenti g\u0127ax-xokkijiet: 1000g @ 10,000 \u010biklu<\/li>\n<\/ul>\n<h2>Reticles:<\/h2>\n<ul>\n<li>5.56 BDC &#8211; Reticle<\/li>\n<li>6.8 BDC &#8211; Reticle<\/li>\n<li>7.62 BDC &#8211; Reticle<\/li>\n<\/ul>\n<h2>Spe\u010bifikazzjonijiet:<\/h2>\n<ul>\n<li>Tul: 256mm (10.07 pulzier)<\/li>\n<li>Pi\u017c: 510g (18.0 uqija)<\/li>\n<li>Dijametru tat-tubu: 30mm<\/li>\n<li>Kamp vi\u017civ @ 1x: 22 grad (38.8m @ 100m)<\/li>\n<li>Solliev g\u0127all-g\u0127ajn: 90mm (3.54 pulzier) nominali<\/li>\n<li>Tip ta&#8217; batterija: CR2032 3v litju<\/li>\n<\/ul>\n<h2>A\u010b\u010bessorji Standard:<\/h2>\n<ul>\n<li>G\u0127ata tal-lenti<\/li>\n<li>Apparat kontra r-riflessjoni<\/li>\n<li>\u0126abel g\u0127all-g\u0127atu tal-a\u0121\u0121ustament<\/li>\n<li>Disk g\u0127at-tne\u0127\u0127ija tal-batterija<\/li>\n<\/ul>\n<p>Is-serje SAI 6 hija ddisinjata g\u0127al prestazzjoni ottika f&#8217;ambjenti iebsa, u takkomoda titjib fis-sistema ta&#8217; mira ottika avvanzata b\u0127al g\u0127ata li tinfeta\u0127, filtri tal-laser, u polarizzaturi.<\/p>\n","protected":false},"excerpt":{"rendered":"<p>SAI 6\u2122: Mira LED robusta ta&#8217; 1x-6x b&#8217;retikel FFP u b&#8217;kamp vi\u017civ wiesa&#8217;.<\/p>\n","protected":false},"featured_media":79693,"template":"","meta":{"_acf_changed":false},"product_brand":[11712],"product_cat":[14109,14122],"product_tag":[],"class_list":{"0":"post-106809","1":"product","2":"type-product","3":"status-publish","4":"has-post-thumbnail","6":"product_brand-sai-optics","7":"product_cat-immira","8":"product_cat-ottici-magnifikati","10":"first","11":"instock","12":"taxable","13":"shipping-taxable","14":"purchasable","15":"product-type-variable","16":"wvs-archive-product-wrapper"},"acf":[],"_links":{"self":[{"href":"https:\/\/nbg.eu\/mt\/wp-json\/wp\/v2\/product\/106809","targetHints":{"allow":["GET"]}}],"collection":[{"href":"https:\/\/nbg.eu\/mt\/wp-json\/wp\/v2\/product"}],"about":[{"href":"https:\/\/nbg.eu\/mt\/wp-json\/wp\/v2\/types\/product"}],"wp:featuredmedia":[{"embeddable":true,"href":"https:\/\/nbg.eu\/mt\/wp-json\/wp\/v2\/media\/79693"}],"wp:attachment":[{"href":"https:\/\/nbg.eu\/mt\/wp-json\/wp\/v2\/media?parent=106809"}],"wp:term":[{"taxonomy":"product_brand","embeddable":true,"href":"https:\/\/nbg.eu\/mt\/wp-json\/wp\/v2\/product_brand?post=106809"},{"taxonomy":"product_cat","embeddable":true,"href":"https:\/\/nbg.eu\/mt\/wp-json\/wp\/v2\/product_cat?post=106809"},{"taxonomy":"product_tag","embeddable":true,"href":"https:\/\/nbg.eu\/mt\/wp-json\/wp\/v2\/product_tag?post=106809"}],"curies":[{"name":"wp","href":"https:\/\/api.w.org\/{rel}","templated":true}]}}