{"id":131320,"date":"2024-11-02T06:45:52","date_gmt":"2024-11-02T06:45:52","guid":{"rendered":"https:\/\/nbg.eu\/product\/sprinco-usa-spring-kit-xp-buffer-spring-enhanced-4coil-bolt-extractor-spring\/"},"modified":"2026-01-21T12:05:17","modified_gmt":"2026-01-21T09:05:17","slug":"sprinco-usa-spring-kit-xp-buffer-spring-enhanced-4coil-bolt-extractor-spring","status":"publish","type":"product","link":"https:\/\/nbg.eu\/mt\/product\/sprinco-usa-spring-kit-xp-buffer-spring-enhanced-4coil-bolt-extractor-spring\/","title":{"rendered":"SPRINCO USA Spring Kit-XP Buffer Spring &amp; Enhanced 4Coil Bolt Extractor Spring"},"content":{"rendered":"<div class=\"product-description\">\n<h2>SPRINCO USA Kit ta&#8217; Molol &#8211; Molla tal-Buffer XP u Molla tal-Estrazzjoni tal-Bolt b&#8217;4 Kojls Imsa\u0127\u0127a<\/h2>\n<p>Il-Kit ta&#8217; Molol SPRINCO USA jinkludi:<\/p>\n<ul>\n<li>Molla tal-Buffer b&#8217;Qawwa \u017bejda (\u0126amra)<\/li>\n<li>Molla tal-Estrazzjoni tal-Bolt b&#8217;4 Kojls Imsa\u0127\u0127a<\/li>\n<\/ul>\n<p>Dan il-kit \u0121ie ddisinjat fl-2006 g\u0127al Tim ta&#8217; Modernizzazzjoni tal-Forzi. Jindirizza kwistjonijiet ta&#8217; affidabbilt\u00e0 fil-karbini M4 f&#8217;ambjenti diffi\u010bli. Il-molla \u0126amra toffri madwar 25% aktar tag\u0127bija tad-disinn meta mqabbla mal-molla Bajda. Hija adatta g\u0127al:<\/p>\n<ul>\n<li>9mm, 6.8 SPC, 6.5 Grendel<\/li>\n<li>.450 BM, .450 SOCOM, .500 Beowulf<\/li>\n<li>Karbini spe\u010bimen Colt LE6920<\/li>\n<\/ul>\n<p>Nota: Il-prestazzjoni tista&#8217; tvarja skont il-valuri tal-port u t-tag\u0127bijiet tal-munizzjon. Ikkonsulta d-dokumenti tal-pro\u010bedura tal-irfinar qabel l-u\u017cu.<\/p>\n<\/div>\n","protected":false},"excerpt":{"rendered":"<p>Molla tal-buffer AR ta&#8217; prestazzjoni g\u0127olja g\u0127al affidabbilt\u00e0 u qawwa mtejba.<\/p>\n","protected":false},"featured_media":76514,"template":"","meta":{"_acf_changed":false},"product_brand":[14588],"product_cat":[14126,14108],"product_tag":[],"class_list":{"0":"post-131320","1":"product","2":"type-product","3":"status-publish","4":"has-post-thumbnail","6":"product_brand-sprinco-usa","7":"product_cat-molol","8":"product_cat-partijiet-kmr","10":"first","11":"outofstock","12":"taxable","13":"shipping-taxable","14":"purchasable","15":"product-type-simple"},"acf":[],"_links":{"self":[{"href":"https:\/\/nbg.eu\/mt\/wp-json\/wp\/v2\/product\/131320","targetHints":{"allow":["GET"]}}],"collection":[{"href":"https:\/\/nbg.eu\/mt\/wp-json\/wp\/v2\/product"}],"about":[{"href":"https:\/\/nbg.eu\/mt\/wp-json\/wp\/v2\/types\/product"}],"wp:featuredmedia":[{"embeddable":true,"href":"https:\/\/nbg.eu\/mt\/wp-json\/wp\/v2\/media\/76514"}],"wp:attachment":[{"href":"https:\/\/nbg.eu\/mt\/wp-json\/wp\/v2\/media?parent=131320"}],"wp:term":[{"taxonomy":"product_brand","embeddable":true,"href":"https:\/\/nbg.eu\/mt\/wp-json\/wp\/v2\/product_brand?post=131320"},{"taxonomy":"product_cat","embeddable":true,"href":"https:\/\/nbg.eu\/mt\/wp-json\/wp\/v2\/product_cat?post=131320"},{"taxonomy":"product_tag","embeddable":true,"href":"https:\/\/nbg.eu\/mt\/wp-json\/wp\/v2\/product_tag?post=131320"}],"curies":[{"name":"wp","href":"https:\/\/api.w.org\/{rel}","templated":true}]}}