{"id":133934,"date":"2025-01-01T20:54:41","date_gmt":"2025-01-01T20:54:41","guid":{"rendered":"https:\/\/nbg.eu\/product\/area-419-offset-mounts-for-match-attachment-points\/"},"modified":"2026-01-21T11:35:03","modified_gmt":"2026-01-21T08:35:03","slug":"area-419-offset-mounts-for-match-attachment-points","status":"publish","type":"product","link":"https:\/\/nbg.eu\/mt\/product\/area-419-offset-mounts-for-match-attachment-points\/","title":{"rendered":"Area 419 Offset Mounts for MATCH Attachment Points"},"content":{"rendered":"<h2>Munta\u0121\u0121i ta&#8217; Offset ta&#8217; Area 419 g\u0127al Punti ta&#8217; Rbit MATCH<\/h2>\n<p>Munta\u0121\u0121i ta&#8217; Offset ta&#8217; Area 419 g\u0127al Punti ta&#8217; Rbit MATCH g\u0127al carbine. Il-munta\u0121\u0121i tag\u0127na g\u0127andhom disinn ta&#8217; bi\u010b\u010ba wa\u0127da b&#8217;dawn il-karatteristi\u010bi:<\/p>\n<ul>\n<li>G\u0127a\u017cla bejn angoli ta&#8217; offset ta&#8217; 35\u00b0 u 45\u00b0<\/li>\n<li>Diversi postijiet ta&#8217; rbit<\/li>\n<li>Pi\u017c ta&#8217; 25 lb<\/li>\n<li>Daqs: 6 \u00d7 4 \u00d7 1 pulzieri<\/li>\n<\/ul>\n<p>Dawn il-munta\u0121\u0121i jippermettulek ta\u0121\u0121usta l-po\u017cizzjoni tal-punt a\u0127mar tieg\u0127ek. Huma adattati g\u0127al xenarji differenti ta&#8217; sparar.<\/p>\n","protected":false},"excerpt":{"rendered":"<p>Munta\u0121\u0121i personalizzabbli b&#8217;angolu ta&#8217; 35\u00b0\/45\u00b0 g\u0127al punti MATCH. Arran\u0121ament versatili.<\/p>\n","protected":false},"featured_media":109211,"template":"","meta":{"_acf_changed":false},"product_brand":[11045],"product_cat":[14134,14109,14891,14158],"product_tag":[],"class_list":{"0":"post-133934","1":"product","2":"type-product","3":"status-publish","4":"has-post-thumbnail","6":"product_brand-area-419","7":"product_cat-accessorji-gall-immira","8":"product_cat-immira","9":"product_cat-mounts-mt","10":"product_cat-rifle","12":"first","13":"instock","14":"taxable","15":"shipping-taxable","16":"purchasable","17":"product-type-variable","18":"wvs-archive-product-wrapper"},"acf":[],"_links":{"self":[{"href":"https:\/\/nbg.eu\/mt\/wp-json\/wp\/v2\/product\/133934","targetHints":{"allow":["GET"]}}],"collection":[{"href":"https:\/\/nbg.eu\/mt\/wp-json\/wp\/v2\/product"}],"about":[{"href":"https:\/\/nbg.eu\/mt\/wp-json\/wp\/v2\/types\/product"}],"wp:featuredmedia":[{"embeddable":true,"href":"https:\/\/nbg.eu\/mt\/wp-json\/wp\/v2\/media\/109211"}],"wp:attachment":[{"href":"https:\/\/nbg.eu\/mt\/wp-json\/wp\/v2\/media?parent=133934"}],"wp:term":[{"taxonomy":"product_brand","embeddable":true,"href":"https:\/\/nbg.eu\/mt\/wp-json\/wp\/v2\/product_brand?post=133934"},{"taxonomy":"product_cat","embeddable":true,"href":"https:\/\/nbg.eu\/mt\/wp-json\/wp\/v2\/product_cat?post=133934"},{"taxonomy":"product_tag","embeddable":true,"href":"https:\/\/nbg.eu\/mt\/wp-json\/wp\/v2\/product_tag?post=133934"}],"curies":[{"name":"wp","href":"https:\/\/api.w.org\/{rel}","templated":true}]}}