{"id":134526,"date":"2024-11-26T13:10:26","date_gmt":"2024-11-26T10:10:26","guid":{"rendered":"https:\/\/nbg.eu\/product\/geissele-ak-braided-spring\/"},"modified":"2026-04-22T11:25:33","modified_gmt":"2026-04-22T08:25:33","slug":"geissele-ak-braided-spring","status":"publish","type":"product","link":"https:\/\/nbg.eu\/mt\/product\/geissele-ak-braided-spring\/","title":{"rendered":"Geissele Molla Prin\u010bipali Minsu\u0121a AK"},"content":{"rendered":"<h2>AK Braided Spring<\/h2>\n<p>L-ALG AK Braided Main Spring hija sostituzzjoni tal-labar g\u0127all-pjattaforma tar-rifles AK47\/74. Din l-g\u0127a\u017cla tas-sostituzzjoni hija manifatturata fl-Istati Uniti minn tliet trofot ta&#8217; fwar mxettla flimkien. Id-disinn imxettla jipprovdi durabilit\u00e0 u affidabilit\u00e0 mi\u017cjuda meta mqabbla mal-labar prin\u010bipali tal-AK tradizzjonali, li ji\u017cgura operazzjoni bla xkiel u konsistenti tar-rifle tieg\u0127ek.<\/p>\n<p>Ma\u0127dum minn materjali ta&#8217; kwalit\u00e0 g\u0127olja, l-AK Braided Spring hija mag\u0127mula biex tirr\u017cisti l-\u0121lied ta&#8217; u\u017cu intens u kundizzjonijiet qafas. Il-kostruzzjoni robusta tag\u0127ha tg\u0127in biex tnaqqas ir-riskju tal-\u0127sara tal-labar, li jista&#8217; jwassal g\u0127al misfiri jew \u0127sarat o\u0127ra. Billi tg\u0127addi g\u0127at-tie\u0127id tal-labar prin\u010bipali tal-AK tieg\u0127ek b&#8217;dan il-komponent affidabbli, inti tista&#8217; tgawdi minn prestazzjoni mtejba u pa\u010bi mo\u0127\u0127, hekk kif tkun taf li r-rifle tieg\u0127ek qieg\u0127ed jopera bl-a\u0127jar mod.<\/p>\n<p>Sew jekk int tirran\u0121a kompetittivament jew operator tattiku, l-AK Braided Spring hija ag\u0127\u017cla essenzjali biex tikkunsidra g\u0127all-pjattaforma AK47\/74 tieg\u0127ek. Id-disinn u l-istandards ta&#8217; manifattura superjuri tag\u0127ha jag\u0127mluha g\u0127a\u017cla fidata fost sidien ta&#8217; l-armi li jesi\u0121u l-og\u0127la livell ta&#8217; affidabbilt\u00e0 u prestazzjoni mill-apparat tag\u0127hom.<\/p>\n","protected":false},"excerpt":{"rendered":"<p>Il-Spiral Im\u0127a\u017c\u017cen AK Imseddad huwa sostitut spiral imbraxxat b&#8217;3 tg\u0127ajjir g\u0127all-armi AK47\/74 mag\u0127mul fl-Istati Uniti.<\/p>\n","protected":false},"featured_media":81104,"template":"","meta":{"_acf_changed":false},"product_brand":[11394],"product_cat":[14126],"product_tag":[],"class_list":{"0":"post-134526","1":"product","2":"type-product","3":"status-publish","4":"has-post-thumbnail","6":"product_brand-geissele","7":"product_cat-molol","9":"first","10":"instock","11":"taxable","12":"shipping-taxable","13":"product-type-simple"},"acf":[],"_links":{"self":[{"href":"https:\/\/nbg.eu\/mt\/wp-json\/wp\/v2\/product\/134526","targetHints":{"allow":["GET"]}}],"collection":[{"href":"https:\/\/nbg.eu\/mt\/wp-json\/wp\/v2\/product"}],"about":[{"href":"https:\/\/nbg.eu\/mt\/wp-json\/wp\/v2\/types\/product"}],"wp:featuredmedia":[{"embeddable":true,"href":"https:\/\/nbg.eu\/mt\/wp-json\/wp\/v2\/media\/81104"}],"wp:attachment":[{"href":"https:\/\/nbg.eu\/mt\/wp-json\/wp\/v2\/media?parent=134526"}],"wp:term":[{"taxonomy":"product_brand","embeddable":true,"href":"https:\/\/nbg.eu\/mt\/wp-json\/wp\/v2\/product_brand?post=134526"},{"taxonomy":"product_cat","embeddable":true,"href":"https:\/\/nbg.eu\/mt\/wp-json\/wp\/v2\/product_cat?post=134526"},{"taxonomy":"product_tag","embeddable":true,"href":"https:\/\/nbg.eu\/mt\/wp-json\/wp\/v2\/product_tag?post=134526"}],"curies":[{"name":"wp","href":"https:\/\/api.w.org\/{rel}","templated":true}]}}