{"id":137050,"date":"2024-01-30T18:18:15","date_gmt":"2024-01-30T18:18:15","guid":{"rendered":"https:\/\/nbg.eu\/product\/geissele-gfr-6mm-arc-maritime-reconnaissance-18-rifle-ddc\/"},"modified":"2026-01-21T11:55:58","modified_gmt":"2026-01-21T08:55:58","slug":"geissele-gfr-6mm-arc-maritime-reconnaissance-18-rifle-ddc","status":"publish","type":"product","link":"https:\/\/nbg.eu\/mt\/product\/geissele-gfr-6mm-arc-maritime-reconnaissance-18-rifle-ddc\/","title":{"rendered":"Geissele GFR 6MM ARC Maritime Reconnaissance ,18\u201d, Rifle \u2013 DDC"},"content":{"rendered":"<div class=\"product-description\">\n<h2>Geissele GFR 6MM ARC Rifle Marittimu ta&#8217; Rikonoxximent &#8211; DDC<\/h2>\n<p>Ir-Rifle tal-Libert\u00e0 Geissele (GFR) 18&#8243; Rifle Marittimu ta&#8217; Rikonoxximent huwa arma tan-nar AR15. Dan jikkombina in\u0121inerija u teknolo\u0121ija avvanzata.<\/p>\n<h2>Karatteristi\u010bi Ewlenin:<\/h2>\n<ul>\n<li>Kanna ta&#8217; 18&#8243; miksi bil-kromju, mikwi bil-martell kiesa\u0127 (tidwir 1:7.5)<\/li>\n<li>Kalibru 6MM ARC g\u0127al pre\u010bi\u017cjoni fuq distanzi twal<\/li>\n<li>Skattatur GFR-E b&#8217;Kisi Nanoweapon<\/li>\n<li>Grupp tal-Bolt Carrier b&#8217;Affidabbilt\u00e0 Mtejba (REBCG) b&#8217;Kisi Nanoweapon<\/li>\n<li>Rail Modulari Super MK16 ta&#8217; 16.5&#8243; b&#8217;tab ta&#8217; allinjament \u010bentrali<\/li>\n<li>Apparat tal-muzzle HUXWRX Flash Hider-QD 6MM ARC lest g\u0127as-suppressur<\/li>\n<li>Manku tas-Charging Super Geissele u Qabda tal-Bolt Marittima<\/li>\n<li>Stokk Geissele SBS b&#8217;erba&#8217; sokits g\u0127al \u010binturin QD<\/li>\n<li>Sistema ta&#8217; Buffer Super 42 g\u0127al sparar lixx<\/li>\n<li>Finitura Kulur tat-Trab tad-De\u017cert (DDC)<\/li>\n<\/ul>\n<h2>Spe\u010bifikazzjonijiet Tekni\u010bi:<\/h2>\n<ul>\n<li>Tul (Mag\u0127luq): 36 1\/8&#8243;<\/li>\n<li>Tul (Esti\u017c): 39 3\/8&#8243;<\/li>\n<li>Pi\u017c: Madwar 7.8 lbs<\/li>\n<li>Sistema tal-Gass: Tul tar-Rifle +1<\/li>\n<li>Blokk tal-Gass: Blokk tal-Gass Super Kompatt Anti-strike<\/li>\n<\/ul>\n<p>Ir-Rifle Marittimu ta&#8217; Rikonoxximent GFR g\u0127andu l-kisi Nanoweapon esklussiv ta&#8217; Geissele, li jipprovdi re\u017cistenza g\u0127all-korru\u017cjoni, l-u\u017cu, u l-brix. Din il-wi\u010b\u010b iebes tiffa\u010bilita t-tindif u l-operazzjoni affidabbli b&#8217;lubrikazzjoni minima.<\/p>\n<p>Il-Geissele GFR 6MM ARC Rifle Marittimu ta&#8217; Rikonoxximent huwa kombinazzjoni ta&#8217; innovazzjoni u pre\u010bi\u017cjoni.<\/p>\n<\/div>\n","protected":false},"excerpt":{"rendered":"<p>Xkubetta ta&#8217; 18&#8243; 6MM ARC imfassla bi pre\u010bi\u017cjoni b&#8217;karatteristi\u010bi avvanzati g\u0127all-u\u017cu marittimu.<\/p>\n","protected":false},"featured_media":81524,"template":"","meta":{"_acf_changed":false},"product_brand":[11394],"product_cat":[15123,14089,14158,15124],"product_tag":[],"class_list":{"0":"post-137050","1":"product","2":"type-product","3":"status-publish","4":"has-post-thumbnail","6":"product_brand-geissele","7":"product_cat-ar-15-rifles-mt","8":"product_cat-karabbini","9":"product_cat-rifle","10":"product_cat-semi-automatic-rifles-mt","12":"first","13":"instock","14":"taxable","15":"shipping-taxable","16":"product-type-simple"},"acf":[],"_links":{"self":[{"href":"https:\/\/nbg.eu\/mt\/wp-json\/wp\/v2\/product\/137050","targetHints":{"allow":["GET"]}}],"collection":[{"href":"https:\/\/nbg.eu\/mt\/wp-json\/wp\/v2\/product"}],"about":[{"href":"https:\/\/nbg.eu\/mt\/wp-json\/wp\/v2\/types\/product"}],"wp:featuredmedia":[{"embeddable":true,"href":"https:\/\/nbg.eu\/mt\/wp-json\/wp\/v2\/media\/81524"}],"wp:attachment":[{"href":"https:\/\/nbg.eu\/mt\/wp-json\/wp\/v2\/media?parent=137050"}],"wp:term":[{"taxonomy":"product_brand","embeddable":true,"href":"https:\/\/nbg.eu\/mt\/wp-json\/wp\/v2\/product_brand?post=137050"},{"taxonomy":"product_cat","embeddable":true,"href":"https:\/\/nbg.eu\/mt\/wp-json\/wp\/v2\/product_cat?post=137050"},{"taxonomy":"product_tag","embeddable":true,"href":"https:\/\/nbg.eu\/mt\/wp-json\/wp\/v2\/product_tag?post=137050"}],"curies":[{"name":"wp","href":"https:\/\/api.w.org\/{rel}","templated":true}]}}