{"id":141491,"date":"2025-01-04T07:53:30","date_gmt":"2025-01-04T07:53:30","guid":{"rendered":"https:\/\/nbg.eu\/product\/area-419-s-m-a-l-single-mlok-arcalock-rail\/"},"modified":"2026-01-21T11:56:18","modified_gmt":"2026-01-21T08:56:18","slug":"area-419-s-m-a-l-single-mlok-arcalock-rail","status":"publish","type":"product","link":"https:\/\/nbg.eu\/mt\/product\/area-419-s-m-a-l-single-mlok-arcalock-rail\/","title":{"rendered":"Area 419 &#8211; S.M.A.L. &#8211; Single MLOK ARCALOCK Rail"},"content":{"rendered":"<div class=\"product-description\">\n<h2>Area 419 &#8211; S.M.A.L. &#8211; \u017bbarra Singola MLOK ARCALOCK<\/h2>\n<p>I\u017c-\u017cbarra S.M.A.L. (Single MLOK ARCALOCK) hija adattata g\u0127all-immuntar ta&#8217; rangefinders, trombi, spotters, u SBRs.<\/p>\n<ul>\n<li>Punti ta&#8217; immuntar MLOK b&#8217;\u0127ardwer inklu\u017c<\/li>\n<li>Punt ta&#8217; immuntar \u010bentrali 1\/4-20 (\u0127ardwer inklu\u017c)<\/li>\n<li>Manifatturat fl-Amerika minn aluminju 6061-T6<\/li>\n<li>Finitura anodizzata iebsa sewda<\/li>\n<\/ul>\n<h3>Spe\u010bifikazzjonijiet:<\/h3>\n<ul>\n<li>Pi\u017c: 0.4 lbs<\/li>\n<li>Dimensjonijiet: 6 \u00d7 4 \u00d7 1 pulzieri<\/li>\n<\/ul>\n<p>I\u017c-\u017cbarra S.M.A.L. tipprovdi soluzzjoni ta&#8217; immuntar g\u0127at-tag\u0127mir ta&#8217; pre\u010bi\u017cjoni tieg\u0127ek.<\/p>\n<\/div>\n","protected":false},"excerpt":{"rendered":"<p>Po\u0121\u0121aman kompatt MLOK ARCALOCK g\u0127al immuntar versatili. Mag\u0127mul fl-Istati Uniti, minn aluminju 6061-T6.<\/p>\n","protected":false},"featured_media":115746,"template":"","meta":{"_acf_changed":false},"product_brand":[11045],"product_cat":[14953,14172],"product_tag":[],"class_list":{"0":"post-141491","1":"product","2":"type-product","3":"status-publish","4":"has-post-thumbnail","6":"product_brand-area-419","7":"product_cat-m-lok-rail-systems-mt","8":"product_cat-rails","10":"first","11":"instock","12":"taxable","13":"shipping-taxable","14":"purchasable","15":"product-type-simple"},"acf":[],"_links":{"self":[{"href":"https:\/\/nbg.eu\/mt\/wp-json\/wp\/v2\/product\/141491","targetHints":{"allow":["GET"]}}],"collection":[{"href":"https:\/\/nbg.eu\/mt\/wp-json\/wp\/v2\/product"}],"about":[{"href":"https:\/\/nbg.eu\/mt\/wp-json\/wp\/v2\/types\/product"}],"wp:featuredmedia":[{"embeddable":true,"href":"https:\/\/nbg.eu\/mt\/wp-json\/wp\/v2\/media\/115746"}],"wp:attachment":[{"href":"https:\/\/nbg.eu\/mt\/wp-json\/wp\/v2\/media?parent=141491"}],"wp:term":[{"taxonomy":"product_brand","embeddable":true,"href":"https:\/\/nbg.eu\/mt\/wp-json\/wp\/v2\/product_brand?post=141491"},{"taxonomy":"product_cat","embeddable":true,"href":"https:\/\/nbg.eu\/mt\/wp-json\/wp\/v2\/product_cat?post=141491"},{"taxonomy":"product_tag","embeddable":true,"href":"https:\/\/nbg.eu\/mt\/wp-json\/wp\/v2\/product_tag?post=141491"}],"curies":[{"name":"wp","href":"https:\/\/api.w.org\/{rel}","templated":true}]}}