{"id":170428,"date":"2024-11-06T23:55:17","date_gmt":"2024-11-06T20:55:17","guid":{"rendered":"https:\/\/nbg.eu\/product\/throw-lever-sai-optics\/"},"modified":"2026-01-21T12:11:15","modified_gmt":"2026-01-21T09:11:15","slug":"throw-lever-sai-optics","status":"publish","type":"product","link":"https:\/\/nbg.eu\/mt\/product\/throw-lever-sai-optics\/","title":{"rendered":"Throw Lever SAI Optics"},"content":{"rendered":"<div class=\"product-description\">\n<h2>Lieva tat-Tfig\u0127 Ottika SAI<\/h2>\n<ul>\n<li>Transizzjoni bejn tkabbir ta&#8217; 1x u 6x<\/li>\n<li>Disinn g\u0127al t\u0127addim fa\u010bli<\/li>\n<\/ul>\n<p>Il-lieva tat-tfig\u0127 SAI 6\u2122 tippermetti li ta\u0121\u0121usta t-tkabbir ming\u0127ajr ma titlef il-mira tieg\u0127ek.<\/p>\n<\/div>\n","protected":false},"excerpt":{"rendered":"<p>Swi\u010b\u010b ta&#8217; tkabbir velo\u010bi 1x-6x.<\/p>\n","protected":false},"featured_media":78881,"template":"","meta":{"_acf_changed":false},"product_brand":[11712],"product_cat":[14109,14122],"product_tag":[],"class_list":{"0":"post-170428","1":"product","2":"type-product","3":"status-publish","4":"has-post-thumbnail","6":"product_brand-sai-optics","7":"product_cat-immira","8":"product_cat-ottici-magnifikati","10":"first","11":"instock","12":"taxable","13":"shipping-taxable","14":"purchasable","15":"product-type-variable","16":"wvs-archive-product-wrapper"},"acf":[],"_links":{"self":[{"href":"https:\/\/nbg.eu\/mt\/wp-json\/wp\/v2\/product\/170428","targetHints":{"allow":["GET"]}}],"collection":[{"href":"https:\/\/nbg.eu\/mt\/wp-json\/wp\/v2\/product"}],"about":[{"href":"https:\/\/nbg.eu\/mt\/wp-json\/wp\/v2\/types\/product"}],"wp:featuredmedia":[{"embeddable":true,"href":"https:\/\/nbg.eu\/mt\/wp-json\/wp\/v2\/media\/78881"}],"wp:attachment":[{"href":"https:\/\/nbg.eu\/mt\/wp-json\/wp\/v2\/media?parent=170428"}],"wp:term":[{"taxonomy":"product_brand","embeddable":true,"href":"https:\/\/nbg.eu\/mt\/wp-json\/wp\/v2\/product_brand?post=170428"},{"taxonomy":"product_cat","embeddable":true,"href":"https:\/\/nbg.eu\/mt\/wp-json\/wp\/v2\/product_cat?post=170428"},{"taxonomy":"product_tag","embeddable":true,"href":"https:\/\/nbg.eu\/mt\/wp-json\/wp\/v2\/product_tag?post=170428"}],"curies":[{"name":"wp","href":"https:\/\/api.w.org\/{rel}","templated":true}]}}