{"id":170999,"date":"2024-08-16T20:04:24","date_gmt":"2024-08-16T20:04:24","guid":{"rendered":"https:\/\/nbg.eu\/product\/barwarus-alpha-1-set-bw-t33-alpha-1\/"},"modified":"2026-01-21T12:19:18","modified_gmt":"2026-01-21T09:19:18","slug":"barwarus-alpha-1-set-bw-t33-alpha-1","status":"publish","type":"product","link":"https:\/\/nbg.eu\/mt\/product\/barwarus-alpha-1-set-bw-t33-alpha-1\/","title":{"rendered":"Barwarus\u00a0ALPHA-1 SET (BW-T33 &amp; ALPHA-1)"},"content":{"rendered":"<div class=\"product-description\">\n<h2>Barwarus ALPHA-1 SET (BW-T33 u ALPHA-1)<\/h2>\n<p>Is-sett Barwarus ALPHA-1 g\u0127ar-rifle AK jinkludi l-Handguards ALPHA-1 u l-g\u0127atu tat-trab BW-T33. Is-sett jinkludi:<\/p>\n<ul>\n<li>Handguards ALPHA-1 Short Quad Picatinny (Ta&#8217; Fuq u Ta&#8217; Isfel)<\/li>\n<li>G\u0127atu tat-trab BW-T33 b&#8217;rail Picatinny integrat<\/li>\n<\/ul>\n<p>Il-handguards ALPHA-1 huma mag\u0127mula minn aluminju 6082-T6 u miksija b&#8217;Cerakote. Huma kompatibbli ma&#8217; mudelli AK b&#8217;receiver stampat, inklu\u017c AK 103, 104, 105, 74S, 74M, AKM, AKMS, u Saiga.<\/p>\n<p>L-g\u0127atu tat-trab BW-T33 huwa mag\u0127mul minn liga tal-aluminju 7075 T6 u jipprovdi pjattaforma stabbli g\u0127all-ottika ming\u0127ajr ma jinterferixxi mas-sights tal-\u0127adid. Is-sett Barwarus ALPHA-1 joffri pre\u010bi\u017cjoni u versatilit\u00e0.<\/p>\n<\/div>\n","protected":false},"excerpt":{"rendered":"<p>Titjib tal-AK ta&#8217; kwalit\u00e0 g\u0127olja: Handguard b&#8217;railing kwadru u g\u0127atu tat-trab b&#8217;railing<\/p>\n","protected":false},"featured_media":280692,"template":"","meta":{"_acf_changed":false},"product_brand":[11110],"product_cat":[14172,14096,14119],"product_tag":[],"class_list":{"0":"post-170999","1":"product","2":"type-product","3":"status-publish","4":"has-post-thumbnail","6":"product_brand-barwarus","7":"product_cat-rails","8":"product_cat-tuning-ak","9":"product_cat-tuning-tar-rifle","11":"first","12":"instock","13":"taxable","14":"shipping-taxable","15":"product-type-variable","16":"wvs-archive-product-wrapper"},"acf":[],"_links":{"self":[{"href":"https:\/\/nbg.eu\/mt\/wp-json\/wp\/v2\/product\/170999","targetHints":{"allow":["GET"]}}],"collection":[{"href":"https:\/\/nbg.eu\/mt\/wp-json\/wp\/v2\/product"}],"about":[{"href":"https:\/\/nbg.eu\/mt\/wp-json\/wp\/v2\/types\/product"}],"wp:featuredmedia":[{"embeddable":true,"href":"https:\/\/nbg.eu\/mt\/wp-json\/wp\/v2\/media\/280692"}],"wp:attachment":[{"href":"https:\/\/nbg.eu\/mt\/wp-json\/wp\/v2\/media?parent=170999"}],"wp:term":[{"taxonomy":"product_brand","embeddable":true,"href":"https:\/\/nbg.eu\/mt\/wp-json\/wp\/v2\/product_brand?post=170999"},{"taxonomy":"product_cat","embeddable":true,"href":"https:\/\/nbg.eu\/mt\/wp-json\/wp\/v2\/product_cat?post=170999"},{"taxonomy":"product_tag","embeddable":true,"href":"https:\/\/nbg.eu\/mt\/wp-json\/wp\/v2\/product_tag?post=170999"}],"curies":[{"name":"wp","href":"https:\/\/api.w.org\/{rel}","templated":true}]}}