{"id":171512,"date":"2024-08-16T19:44:20","date_gmt":"2024-08-16T19:44:20","guid":{"rendered":"https:\/\/nbg.eu\/product\/barwarus-bw-t33-picatinny-rail-cover\/"},"modified":"2026-05-13T17:10:34","modified_gmt":"2026-05-13T14:10:34","slug":"barwarus-bw-t33-picatinny-rail-cover","status":"publish","type":"product","link":"https:\/\/nbg.eu\/mt\/product\/barwarus-bw-t33-picatinny-rail-cover\/","title":{"rendered":"Barwarus\u00a0BW-T33 Picatinny rail cover"},"content":{"rendered":"<div class=\"product-description\">\n<h2>Barwarus BW-T33 G\u0127atu tal-Picatinny Rail<\/h2>\n<p>G\u0127atu tal-Barwarus BW-T33 b&#8217;rail Picatinny integrat g\u0127al xkubetti stil AK. Kompatibbli ma&#8217; xkubetti u karabini bba\u017cati fuq il-Kalashnikov, dan l-g\u0127atu jippermetti t-twa\u0127\u0127il fa\u010bli ta&#8217; diversi apparat tal-mira.<\/p>\n<ul>\n<li>Mag\u0127mul minn liga tal-aluminju 7075 T6<\/li>\n<li>Tul tal-Picatinny rail ta&#8217; 170mm \u00b15mm<\/li>\n<li>I\u017comm il-po\u017cizzjoni meta jinfeta\u0127 u jing\u0127alaq ripetutament<\/li>\n<li>Jitwa\u0127\u0127al b&#8217;mod sigur b&#8217;\u0127ames viti<\/li>\n<li>Pi\u017c: 55 oz \u00b10.03 oz<\/li>\n<li>Qisien: 21.7&#8243; \u00b10.5&#8243;<\/li>\n<li>Temperatura tal-operat: -50\u00b0C sa +50\u00b0C<\/li>\n<\/ul>\n<p>Nota: Torque massimu ta&#8217; 25 lbs. Jista&#8217; jkun me\u0127tie\u0121 xi llimar.<\/p>\n<\/div>\n","protected":false},"excerpt":{"rendered":"<p>Kaver tar-rail Picatinny tal-AK re\u017cistenti. Jimmonta l-otti\u010bi, jippreserva \u017c-\u017cero.<\/p>\n","protected":false},"featured_media":23460,"template":"","meta":{"_acf_changed":false},"product_brand":[11110],"product_cat":[14172,14096,14119],"product_tag":[],"class_list":{"0":"post-171512","1":"product","2":"type-product","3":"status-publish","4":"has-post-thumbnail","6":"product_brand-barwarus","7":"product_cat-rails","8":"product_cat-tuning-ak","9":"product_cat-tuning-tar-rifle","11":"first","12":"instock","13":"taxable","14":"shipping-taxable","15":"product-type-variable","16":"wvs-archive-product-wrapper"},"acf":[],"_links":{"self":[{"href":"https:\/\/nbg.eu\/mt\/wp-json\/wp\/v2\/product\/171512","targetHints":{"allow":["GET"]}}],"collection":[{"href":"https:\/\/nbg.eu\/mt\/wp-json\/wp\/v2\/product"}],"about":[{"href":"https:\/\/nbg.eu\/mt\/wp-json\/wp\/v2\/types\/product"}],"wp:featuredmedia":[{"embeddable":true,"href":"https:\/\/nbg.eu\/mt\/wp-json\/wp\/v2\/media\/23460"}],"wp:attachment":[{"href":"https:\/\/nbg.eu\/mt\/wp-json\/wp\/v2\/media?parent=171512"}],"wp:term":[{"taxonomy":"product_brand","embeddable":true,"href":"https:\/\/nbg.eu\/mt\/wp-json\/wp\/v2\/product_brand?post=171512"},{"taxonomy":"product_cat","embeddable":true,"href":"https:\/\/nbg.eu\/mt\/wp-json\/wp\/v2\/product_cat?post=171512"},{"taxonomy":"product_tag","embeddable":true,"href":"https:\/\/nbg.eu\/mt\/wp-json\/wp\/v2\/product_tag?post=171512"}],"curies":[{"name":"wp","href":"https:\/\/api.w.org\/{rel}","templated":true}]}}