{"id":173087,"date":"2024-08-16T19:55:05","date_gmt":"2025-01-23T11:17:11","guid":{"rendered":"https:\/\/nbg.eu\/product\/barwarus-bw-t4-handguards-with-m-lok\/"},"modified":"2026-01-21T11:54:18","modified_gmt":"2026-01-21T08:54:18","slug":"barwarus-bw-t4-handguards-with-m-lok","status":"publish","type":"product","link":"https:\/\/nbg.eu\/mt\/product\/barwarus-bw-t4-handguards-with-m-lok\/","title":{"rendered":"Barwarus\u00a0BW-T4 Handguards with M-Lok"},"content":{"rendered":"<div class=\"product-description\">\n<h2>Barwarus BW-T4 Handguards b&#8217;M-Lok<\/h2>\n<p>Handguard kit g\u0127al AK-style rifles b&#8217;kanna twila (16&#8243;). Din is-sistema toffri integrazzjoni ta&#8217; a\u010b\u010bessorji M-LOK.<\/p>\n<ul>\n<li>Kompatibbli ma&#8217; diversi mudelli ta&#8217; AK (AKUSA 100 Series, AK-74, Saiga, Vepr, u o\u0127rajn)<\/li>\n<li>Mag\u0127mul minn liga 6082-T6<\/li>\n<li>Finitura ta&#8217; Cerakote iswed<\/li>\n<li>Slots M-LOK integrati fuq il-\u0121nub kollha<\/li>\n<li>Itejjeb it-tkessi\u0127 tal-kanna<\/li>\n<li>Disinn \u0127afif<\/li>\n<li>Jopera f&#8217;temperaturi estremi (-50\u00b0C sa +50\u00b0C)<\/li>\n<\/ul>\n<p>Il-Barwarus BW-T4 Handguards joffru personalizzazzjoni, \u0121estjoni tat-tis\u0127in, u durabbilt\u00e0.<\/p>\n<\/div>\n","protected":false},"excerpt":{"rendered":"<p>Handguards Barwarus BW-T4: Kompatibbli ma&#8217; M-Lok, a\u0121\u0121ornament g\u0127all-AK g\u0127al tkessi\u0127 imtejjeb u mmuntar ta&#8217; a\u010b\u010bessorji.<\/p>\n","protected":false},"featured_media":23621,"template":"","meta":{"_acf_changed":false},"product_brand":[11110],"product_cat":[14804,14827,14172,14158,14119],"product_tag":[],"class_list":{"0":"post-173087","1":"product","2":"type-product","3":"status-publish","4":"has-post-thumbnail","6":"product_brand-barwarus","7":"product_cat-protezzjoni-tal-idejn","8":"product_cat-protezzjoni-tal-idejn-ak","9":"product_cat-rails","10":"product_cat-rifle","11":"product_cat-tuning-tar-rifle","13":"first","14":"instock","15":"taxable","16":"shipping-taxable","17":"product-type-variable","18":"wvs-archive-product-wrapper"},"acf":[],"_links":{"self":[{"href":"https:\/\/nbg.eu\/mt\/wp-json\/wp\/v2\/product\/173087","targetHints":{"allow":["GET"]}}],"collection":[{"href":"https:\/\/nbg.eu\/mt\/wp-json\/wp\/v2\/product"}],"about":[{"href":"https:\/\/nbg.eu\/mt\/wp-json\/wp\/v2\/types\/product"}],"wp:featuredmedia":[{"embeddable":true,"href":"https:\/\/nbg.eu\/mt\/wp-json\/wp\/v2\/media\/23621"}],"wp:attachment":[{"href":"https:\/\/nbg.eu\/mt\/wp-json\/wp\/v2\/media?parent=173087"}],"wp:term":[{"taxonomy":"product_brand","embeddable":true,"href":"https:\/\/nbg.eu\/mt\/wp-json\/wp\/v2\/product_brand?post=173087"},{"taxonomy":"product_cat","embeddable":true,"href":"https:\/\/nbg.eu\/mt\/wp-json\/wp\/v2\/product_cat?post=173087"},{"taxonomy":"product_tag","embeddable":true,"href":"https:\/\/nbg.eu\/mt\/wp-json\/wp\/v2\/product_tag?post=173087"}],"curies":[{"name":"wp","href":"https:\/\/api.w.org\/{rel}","templated":true}]}}