{"id":208873,"date":"2024-09-02T10:47:02","date_gmt":"2024-09-02T10:47:02","guid":{"rendered":"https:\/\/nbg.eu\/product\/badger-ordnance-c1-modular-safety\/"},"modified":"2026-01-21T11:48:14","modified_gmt":"2026-01-21T08:48:14","slug":"badger-ordnance-c1-modular-safety","status":"publish","type":"product","link":"https:\/\/nbg.eu\/mt\/product\/badger-ordnance-c1-modular-safety\/","title":{"rendered":"Badger Ordnance C1 Modular Safety"},"content":{"rendered":"<div class=\"product-description\">\n<h2>Badger Ordnance C1 Sigurt\u00e0 Modulari<\/h2>\n<p>Sigurt\u00e0 semi-awtomatika C1 g\u0127al azzarini tat-tip M16\/AR-15\/AR-10\/SR-25. Dan il-kitt modulari joffri:<\/p>\n<ul>\n<li>Kontroll minn na\u0127a wa\u0127da jew ambidestru<\/li>\n<li>Operazzjoni mil-lemin jew mix-xellug<\/li>\n<li>G\u0127a\u017cliet ta&#8217; moviment ta&#8217; 60\u00b0 jew 90\u00b0<\/li>\n<li>Indikatur a\u0127mar g\u0127al verifika vi\u017cwali<\/li>\n<\/ul>\n<p>Il-kitt jinkludi:<\/p>\n<ul>\n<li>Leva twila g\u0127an-na\u0127a b&#8217;sa\u0127\u0127itha<\/li>\n<li>Leva qasira g\u0127an-na\u0127a dg\u0127ajfa<\/li>\n<li>Kappa tal-indikatur tal-kundizzjoni g\u0127an-na\u0127a dg\u0127ajfa<\/li>\n<li>Labar tar-roll u detent tas-sigurt\u00e0 (iebsin sa 60Rc)<\/li>\n<\/ul>\n<p>Mag\u0127mul minn azzar 4140, imsa\u0127\u0127a\u0127 u miksi b&#8217;Manganese Phosphate. Installazzjoni fa\u010bli u servizz fit-tul.<\/p>\n<p><strong>Kulur:<\/strong> Iswed<br \/>\n |<br \/>\n<strong>FFL Me\u0127tie\u0121:<\/strong> Le | <strong>Spe\u010bifiku g\u0127all-Pjattaforma:<\/strong> Le<\/p>\n<\/div>\n","protected":false},"excerpt":{"rendered":"<p>Sigurt\u00e0 AR versatili: ambidestru, dawra ta&#8217; 60\u00b0\/90\u00b0, indikaturi \u0127omor<\/p>\n","protected":false},"featured_media":35390,"template":"","meta":{"_acf_changed":false},"product_brand":[11090],"product_cat":[14158,14163,14142,14119],"product_tag":[],"class_list":{"0":"post-208873","1":"product","2":"type-product","3":"status-publish","4":"has-post-thumbnail","6":"product_brand-badger-ordnance","7":"product_cat-rifle","8":"product_cat-seletturi-tas-sigurta","9":"product_cat-tuning-ar","10":"product_cat-tuning-tar-rifle","12":"first","13":"instock","14":"taxable","15":"shipping-taxable","16":"purchasable","17":"product-type-simple"},"acf":[],"_links":{"self":[{"href":"https:\/\/nbg.eu\/mt\/wp-json\/wp\/v2\/product\/208873","targetHints":{"allow":["GET"]}}],"collection":[{"href":"https:\/\/nbg.eu\/mt\/wp-json\/wp\/v2\/product"}],"about":[{"href":"https:\/\/nbg.eu\/mt\/wp-json\/wp\/v2\/types\/product"}],"wp:featuredmedia":[{"embeddable":true,"href":"https:\/\/nbg.eu\/mt\/wp-json\/wp\/v2\/media\/35390"}],"wp:attachment":[{"href":"https:\/\/nbg.eu\/mt\/wp-json\/wp\/v2\/media?parent=208873"}],"wp:term":[{"taxonomy":"product_brand","embeddable":true,"href":"https:\/\/nbg.eu\/mt\/wp-json\/wp\/v2\/product_brand?post=208873"},{"taxonomy":"product_cat","embeddable":true,"href":"https:\/\/nbg.eu\/mt\/wp-json\/wp\/v2\/product_cat?post=208873"},{"taxonomy":"product_tag","embeddable":true,"href":"https:\/\/nbg.eu\/mt\/wp-json\/wp\/v2\/product_tag?post=208873"}],"curies":[{"name":"wp","href":"https:\/\/api.w.org\/{rel}","templated":true}]}}