{"id":213946,"date":"2024-10-31T21:14:39","date_gmt":"2024-10-31T21:14:39","guid":{"rendered":"https:\/\/nbg.eu\/product\/sabre-red-spray-52cft10-mk3-crossfire-gel-1-5oz-45ml\/"},"modified":"2026-01-21T12:03:48","modified_gmt":"2026-01-21T09:03:48","slug":"sabre-red-spray-52cft10-mk3-crossfire-gel-1-5oz-45ml","status":"publish","type":"product","link":"https:\/\/nbg.eu\/mt\/product\/sabre-red-spray-52cft10-mk3-crossfire-gel-1-5oz-45ml\/","title":{"rendered":"Sabre Red Spray 52CFT10 MK3 Crossfire GEL 1.5oz\/45ml."},"content":{"rendered":"<div class=\"product-description\">\n<h2>Sabre Red 52CFT10-G MK-3 Crossfire Stream<\/h2>\n<p>Dan l-isprej tal-b\u017car ta&#8217; 1.5 oz jintu\u017ca mill-infurzar tal-li\u0121i madwar id-dinja. Karatteristi\u010bi jinkludu:<\/p>\n<ul>\n<li>Teknolo\u0121ija SABRE Crossfire\u00ae g\u0127al u\u017cu minn kwalunkwe angolu<\/li>\n<li>8 sprejijiet ta&#8217; sekonda s\u0127i\u0127a b&#8217;firxa ta&#8217; 15-20 pied<\/li>\n<li>Formulazzjoni ta&#8217; 1.33% MC<\/li>\n<li>\u0126ajja tal-ixkaffa ta&#8217; 5 snin<\/li>\n<li>\u010aertifikat ISO 9001:2008<\/li>\n<li>Ittestjat g\u0127all-g\u0127ajnejn, \u0121ilda, u inalazzjoni<\/li>\n<li>\u017bebg\u0127a UV g\u0127all-identifikazzjoni ta&#8217; suspettati<\/li>\n<li>Mhux fjammabbli u kompatibbli mal-EID<\/li>\n<\/ul>\n<p>G\u0127all-infurzar tal-li\u0121i u protezzjoni personali. Mag\u0127mul fl-Istati Uniti minn Security Equipment Corp.<\/p>\n<\/div>\n","protected":false},"excerpt":{"rendered":"<p>Sprej tal-b\u017car b&#8217;qawwa ta&#8217; grad tal-infurzar tal-li\u0121i. Teknolo\u0121ija Crossfire, firxa ta&#8217; 15-20 pied.<\/p>\n","protected":false},"featured_media":75076,"template":"","meta":{"_acf_changed":false},"product_brand":[11758],"product_cat":[14143],"product_tag":[],"class_list":{"0":"post-213946","1":"product","2":"type-product","3":"status-publish","4":"has-post-thumbnail","6":"product_brand-sabre","7":"product_cat-edc","9":"first","10":"outofstock","11":"taxable","12":"shipping-taxable","13":"purchasable","14":"product-type-simple"},"acf":[],"_links":{"self":[{"href":"https:\/\/nbg.eu\/mt\/wp-json\/wp\/v2\/product\/213946","targetHints":{"allow":["GET"]}}],"collection":[{"href":"https:\/\/nbg.eu\/mt\/wp-json\/wp\/v2\/product"}],"about":[{"href":"https:\/\/nbg.eu\/mt\/wp-json\/wp\/v2\/types\/product"}],"wp:featuredmedia":[{"embeddable":true,"href":"https:\/\/nbg.eu\/mt\/wp-json\/wp\/v2\/media\/75076"}],"wp:attachment":[{"href":"https:\/\/nbg.eu\/mt\/wp-json\/wp\/v2\/media?parent=213946"}],"wp:term":[{"taxonomy":"product_brand","embeddable":true,"href":"https:\/\/nbg.eu\/mt\/wp-json\/wp\/v2\/product_brand?post=213946"},{"taxonomy":"product_cat","embeddable":true,"href":"https:\/\/nbg.eu\/mt\/wp-json\/wp\/v2\/product_cat?post=213946"},{"taxonomy":"product_tag","embeddable":true,"href":"https:\/\/nbg.eu\/mt\/wp-json\/wp\/v2\/product_tag?post=213946"}],"curies":[{"name":"wp","href":"https:\/\/api.w.org\/{rel}","templated":true}]}}