{"id":22562,"date":"2024-08-19T20:28:32","date_gmt":"2024-08-19T17:28:32","guid":{"rendered":"https:\/\/nbg.eu\/product\/product-2\/"},"modified":"2026-02-25T11:18:19","modified_gmt":"2026-02-25T08:18:19","slug":"product-2","status":"publish","type":"product","link":"https:\/\/nbg.eu\/mt\/product\/product-2\/","title":{"rendered":"Xokka tal-Primavera Wieqaf Slide KMR"},"content":{"rendered":"<h2>Pin tal-Imwinds tal-Slajd KMR<\/h2>\n<p>I\u017c\u017cid il-funzjonalit\u00e0 u l-affidabilit\u00e0 tal-arma tan-nar tieg\u0127ek bil-Pin tal-Imwinds tal-Slajd KMR. Dan il-komponent mg\u0127ammal b&#8217;mod pre\u010bi\u017c huwa ddisinjat biex i\u017comm sod il-waqfien tal-slajd, biex ji\u017cgura operazzjoni smooth u konsistenti tal-arma tieg\u0127ek. Manifatturat minn materjali ta&#8217; kwalit\u00e0 g\u0127olja, il-Pin tal-Imwinds tal-Slajd KMR huwa mibni biex jiffa\u010b\u010bja l-irg\u0127ajjat tal-u\u017cu regolari u ambjenti \u0127arxa.<\/p>\n<p>Bil-disinn ta&#8217; spring b&#8217;sa\u0127\u0127a, il-Pin tal-Imwinds tal-Slajd KMR jipprovdi prestazzjoni affidabbli u fitting sikur, biex jipprevjeni moviment jew spostament mhux mixtieq tal-slajd. Il-qies kompatt tieg\u0127u u l-integrazzjoni seamless tieg\u0127u jag\u0127mluh \u017cieda essenzjali g\u0127all-manutenzjoni tal-arma tieg\u0127ek u l-arsenal ta&#8217; titjib.<\/p>\n<p>Kemm jekk inti sparatur b&#8217;esperjenza jew entu\u017cjast tal-armi, il-Pin tal-Imwinds tal-Slajd KMR huwa a\u010b\u010bessorju li inti trid ikollu biex i\u017c\u017comm il-prestazzjoni ottimali tal-arma tieg\u0127ek. Itejjeb l-arma tieg\u0127ek b&#8217;dan il-komponent affidabbli u user-friendly u esperjenza d-differenza fl-esperjenza ta&#8217; tirex tieg\u0127ek.<\/p>\n","protected":false},"excerpt":{"rendered":"<p>Pinen tat-twaqqif tal-iskar imrokkbija b&#8217;mod affidabbli g\u0127al \u0121bid tal-KMR.<\/p>\n","protected":false},"featured_media":60774,"template":"","meta":{"_acf_changed":false},"product_brand":[11500],"product_cat":[14126,14108],"product_tag":[],"class_list":{"0":"post-22562","1":"product","2":"type-product","3":"status-publish","4":"has-post-thumbnail","6":"product_brand-kmr-precision","7":"product_cat-molol","8":"product_cat-partijiet-kmr","10":"first","11":"instock","12":"taxable","13":"shipping-taxable","14":"product-type-simple"},"acf":[],"_links":{"self":[{"href":"https:\/\/nbg.eu\/mt\/wp-json\/wp\/v2\/product\/22562","targetHints":{"allow":["GET"]}}],"collection":[{"href":"https:\/\/nbg.eu\/mt\/wp-json\/wp\/v2\/product"}],"about":[{"href":"https:\/\/nbg.eu\/mt\/wp-json\/wp\/v2\/types\/product"}],"wp:featuredmedia":[{"embeddable":true,"href":"https:\/\/nbg.eu\/mt\/wp-json\/wp\/v2\/media\/60774"}],"wp:attachment":[{"href":"https:\/\/nbg.eu\/mt\/wp-json\/wp\/v2\/media?parent=22562"}],"wp:term":[{"taxonomy":"product_brand","embeddable":true,"href":"https:\/\/nbg.eu\/mt\/wp-json\/wp\/v2\/product_brand?post=22562"},{"taxonomy":"product_cat","embeddable":true,"href":"https:\/\/nbg.eu\/mt\/wp-json\/wp\/v2\/product_cat?post=22562"},{"taxonomy":"product_tag","embeddable":true,"href":"https:\/\/nbg.eu\/mt\/wp-json\/wp\/v2\/product_tag?post=22562"}],"curies":[{"name":"wp","href":"https:\/\/api.w.org\/{rel}","templated":true}]}}