{"id":275146,"date":"2025-03-03T12:58:09","date_gmt":"2025-03-03T12:58:09","guid":{"rendered":"https:\/\/nbg.eu\/product\/bore-tech-extreme-grease-hd-10ml\/"},"modified":"2026-01-21T11:38:40","modified_gmt":"2026-01-21T08:38:40","slug":"bore-tech-extreme-grease-hd-10ml","status":"publish","type":"product","link":"https:\/\/nbg.eu\/mt\/product\/bore-tech-extreme-grease-hd-10ml\/","title":{"rendered":"Bore tech EXTREME GREASE HD 10ml"},"content":{"rendered":"<h2>Bore Tech EXTREME GREASE HD 10ml<\/h2>\n<p>Gri\u017c g\u0127all-armi tan-nar minn Bore Tech. Ta\u0127lita sintetika ta&#8217; tliet ba\u017cijiet g\u0127all-operazzjoni tal-armi tan-nar.<\/p>\n<ul>\n<li>Medda ta&#8217; temperatura operattiva: -65\u00b0C sa +371\u00b0C<\/li>\n<li>Medda ta&#8217; temperatura esti\u017ca: sa 1093\u00b0C<\/li>\n<li>Formulazzjoni li ma tgummjax u ma t\u010bar\u010barx<\/li>\n<li>Lubrikazzjoni u prevenzjoni ta&#8217; \u0127sara<\/li>\n<li>Koeffi\u010bjent ta&#8217; frizzjoni aktar baxx<\/li>\n<li>Inibituri tar-sadid<\/li>\n<li>Lubrikanti ta&#8217; temperatura nano-\u010beramika<\/li>\n<\/ul>\n<p>G\u0127all-u\u017cu fuq lukketti, binarji tal-qafas, pinnijiet tal-\u010bappetti, u mekkani\u017cmi tal-kammjar. Ji\u017cgura operazzjoni, \u0127ajja itwal tal-partijiet, u prestazzjoni f&#8217;kundizzjonijiet estremi.<\/p>\n<p>Tubu tal-plastik ta&#8217; 10cc b&#8217;ponta g\u0127ad-dispensar u g\u0127atu li jinkrew g\u0127al applikazzjoni fa\u010bli.<\/p>\n","protected":false},"excerpt":{"rendered":"<p>Gri\u017c sintetiku ta&#8217; armi tan-nar ultra-ta\u010b\u010biku\u017c g\u0127al kundizzjonijiet estremi (-65\u00b0C sa 371\u00b0C)<\/p>\n","protected":false},"featured_media":235478,"template":"","meta":{"_acf_changed":false},"product_brand":[11160],"product_cat":[14113,14100],"product_tag":[],"class_list":{"0":"post-275146","1":"product","2":"type-product","3":"status-publish","4":"has-post-thumbnail","6":"product_brand-boretech","7":"product_cat-lubrifkanti","8":"product_cat-tindif-tal-armi","10":"first","11":"outofstock","12":"taxable","13":"shipping-taxable","14":"purchasable","15":"product-type-simple"},"acf":[],"_links":{"self":[{"href":"https:\/\/nbg.eu\/mt\/wp-json\/wp\/v2\/product\/275146","targetHints":{"allow":["GET"]}}],"collection":[{"href":"https:\/\/nbg.eu\/mt\/wp-json\/wp\/v2\/product"}],"about":[{"href":"https:\/\/nbg.eu\/mt\/wp-json\/wp\/v2\/types\/product"}],"wp:featuredmedia":[{"embeddable":true,"href":"https:\/\/nbg.eu\/mt\/wp-json\/wp\/v2\/media\/235478"}],"wp:attachment":[{"href":"https:\/\/nbg.eu\/mt\/wp-json\/wp\/v2\/media?parent=275146"}],"wp:term":[{"taxonomy":"product_brand","embeddable":true,"href":"https:\/\/nbg.eu\/mt\/wp-json\/wp\/v2\/product_brand?post=275146"},{"taxonomy":"product_cat","embeddable":true,"href":"https:\/\/nbg.eu\/mt\/wp-json\/wp\/v2\/product_cat?post=275146"},{"taxonomy":"product_tag","embeddable":true,"href":"https:\/\/nbg.eu\/mt\/wp-json\/wp\/v2\/product_tag?post=275146"}],"curies":[{"name":"wp","href":"https:\/\/api.w.org\/{rel}","templated":true}]}}