{"id":277930,"date":"2025-03-07T22:09:14","date_gmt":"2025-03-07T19:09:14","guid":{"rendered":"https:\/\/nbg.eu\/product\/vortex-strike-eagle-1-8x24-ffp\/"},"modified":"2026-01-21T11:46:17","modified_gmt":"2026-01-21T08:46:17","slug":"vortex-strike-eagle-1-8x24-ffp","status":"publish","type":"product","link":"https:\/\/nbg.eu\/mt\/product\/vortex-strike-eagle-1-8x24-ffp\/","title":{"rendered":"Vortex &#8211; Strike Eagle\u00ae &#8211; 1-8&#215;24 FFP"},"content":{"rendered":"<div class=\"product-description\">\n<h1>Vortex &#8211; Strike Eagle\u00ae &#8211; 1-8&#215;24 FFP<\/h1>\n<p>L-Strike Eagle\u00ae huwa skop tattiku b&#8217;versatilit\u00e0 u prestazzjoni ottika. Huwa mag\u0127mul b&#8217;mod robust, bi kwalit\u00e0 tal-\u0127\u0121ie\u0121 superjuri, u karatteristi\u010bi avvanzati. Dan l-iskop huwa adattat g\u0127al xenarji ta&#8217; tir rapidu u impenn fuq distanzi twal sa 1,000 jarda.<\/p>\n<h2>Karatteristi\u010bi Ewlenin:<\/h2>\n<ul>\n<li>Tkabbir: 1-8x<\/li>\n<li>Dijametru tal-Lenti Objettiva: 24 mm<\/li>\n<li>First Focal Plane (FFP)<\/li>\n<li>Reticle EBR-8 MOA<\/li>\n<li>Ser\u0127an tal-G\u0127ajn: 3.9&#8243;<\/li>\n<li>Kamp Vi\u017civ: 113.6&#8242; &#8211; 14.1&#8242; @ 100 jarda<\/li>\n<li>Daqs tat-Tubu: 30 mm<\/li>\n<li>Gradwazzjoni tal-A\u0121\u0121ustament: 1\/4 MOA<\/li>\n<li>A\u0121\u0121ustament Massimu tal-Elevazzjoni u Windage: 145 MOA<\/li>\n<li>Pi\u017c: 23.9 oz<\/li>\n<\/ul>\n<h2>Reticle EBR-8:<\/h2>\n<p>Ir-reticle EBR-8 MOA illuminat, first focal plane, u mmuntat fuq il-\u0127\u0121ie\u0121 jippermetti tir rapidu minn distanza qasira sa 600 jarda b&#8217;munizzjon popolari ta&#8217; .223\/5.56mm u .308\/7.62mm. Dan ir-reticle jista&#8217; jintu\u017ca wkoll ma&#8217; kalibri u munizzjon o\u0127ra bl-u\u017cu tal-marki BDC.<\/p>\n<h2>Durabilit\u00e0 u \u010aarezza:<\/h2>\n<ul>\n<li>Kostruzzjoni tal-aluminju ta&#8217; grad tal-ajruplani<\/li>\n<li>Kisi ArmorTek\u00ae re\u017cistenti g\u0127all-grif<\/li>\n<li>Lentijiet Fully Multi-Coated g\u0127al tra\u017cmissjoni ottimali tad-dawl<\/li>\n<li>Disinn re\u017cistenti g\u0127ax-xokkijiet<\/li>\n<\/ul>\n<h2>Karatteristi\u010bi Addizzjonali:<\/h2>\n<ul>\n<li>Stil tat-turret b&#8217;g\u0127atu<\/li>\n<li>25 MOA vvja\u0121\u0121ar g\u0127al kull rotazzjoni<\/li>\n<li>Setting tal-parallax: 125 jarda<\/li>\n<li>Lever inklu\u017ca g\u0127al a\u0121\u0121ustamenti rapidi tat-tkabbir<\/li>\n<\/ul>\n<p>Il-Vortex Strike Eagle\u00ae 1-8&#215;24 FFP huwa soluzzjoni g\u0127al tiratura li jfittxu ottika versatili u ta&#8217; prestazzjoni g\u0127olja. Dan l-iskop jipprovdi pre\u010bi\u017cjoni u affidabilit\u00e0 g\u0127al xenarji ta&#8217; tir diversi.<\/p>\n<\/div>\n","protected":false},"excerpt":{"rendered":"<p>Skop versatili ta&#8217; 1-8&#215;24 FFP b&#8217;reticle EBR-8. Ottika robusta u ta&#8217; prestazzjoni g\u0127olja g\u0127all-isparar tattiku.<\/p>\n","protected":false},"featured_media":249208,"template":"","meta":{"_acf_changed":false},"product_brand":[11970],"product_cat":[14109,14122],"product_tag":[],"class_list":{"0":"post-277930","1":"product","2":"type-product","3":"status-publish","4":"has-post-thumbnail","6":"product_brand-vortex","7":"product_cat-immira","8":"product_cat-ottici-magnifikati","10":"first","11":"outofstock","12":"taxable","13":"shipping-taxable","14":"purchasable","15":"product-type-simple"},"acf":[],"_links":{"self":[{"href":"https:\/\/nbg.eu\/mt\/wp-json\/wp\/v2\/product\/277930","targetHints":{"allow":["GET"]}}],"collection":[{"href":"https:\/\/nbg.eu\/mt\/wp-json\/wp\/v2\/product"}],"about":[{"href":"https:\/\/nbg.eu\/mt\/wp-json\/wp\/v2\/types\/product"}],"wp:featuredmedia":[{"embeddable":true,"href":"https:\/\/nbg.eu\/mt\/wp-json\/wp\/v2\/media\/249208"}],"wp:attachment":[{"href":"https:\/\/nbg.eu\/mt\/wp-json\/wp\/v2\/media?parent=277930"}],"wp:term":[{"taxonomy":"product_brand","embeddable":true,"href":"https:\/\/nbg.eu\/mt\/wp-json\/wp\/v2\/product_brand?post=277930"},{"taxonomy":"product_cat","embeddable":true,"href":"https:\/\/nbg.eu\/mt\/wp-json\/wp\/v2\/product_cat?post=277930"},{"taxonomy":"product_tag","embeddable":true,"href":"https:\/\/nbg.eu\/mt\/wp-json\/wp\/v2\/product_tag?post=277930"}],"curies":[{"name":"wp","href":"https:\/\/api.w.org\/{rel}","templated":true}]}}