{"id":284192,"date":"2025-03-05T11:21:40","date_gmt":"2025-03-05T08:21:40","guid":{"rendered":"https:\/\/nbg.eu\/product\/magpul-moe-sl-enhanced-rubber-butt-pad-0-70\/"},"modified":"2026-01-21T11:41:31","modified_gmt":"2026-01-21T08:41:31","slug":"magpul-moe-sl-enhanced-rubber-butt-pad-0-70","status":"publish","type":"product","link":"https:\/\/nbg.eu\/mt\/product\/magpul-moe-sl-enhanced-rubber-butt-pad-0-70\/","title":{"rendered":"Magpul &#8211; MOE SL\u00ae Enhanced Rubber Butt-Pad, 0.70"},"content":{"rendered":"<h2>Magpul &#8211; MOE SL\u00ae Kuxxinett tal-Lastku Mtejjeb, 0.70 pulzier<\/h2>\n<p>Dan il-kuxxinett ta&#8217; sostituzzjoni g\u0127all-istock Magpul huwa 0.70 pulzier \u0127xuna.<\/p>\n<h3>Karatteristi\u010bi Ewlenin:<\/h3>\n<ul>\n<li>Kompatibbli ma&#8217; stocks DT Carbine, MOE SL\u00ae, MOE\u00ae SL-S\u2122, UBR\u00ae GEN2, MOE\u00ae AK, Zhukov-S\u00ae, X-22 Backpacker, u PC Backpacker<\/li>\n<li>Tessut b&#8217;kustilji kontra \u017c-\u017cliq<\/li>\n<li>Disinn aktar \u0127oxon u vventilat<\/li>\n<li>I\u017cid madwar 3\/8 pulzier fit-tul tal-\u0121bid<\/li>\n<li>Ji\u017cen inqas minn 1 uqija<\/li>\n<li>Ponta angolata u ssegata g\u0127al immuntar fa\u010bli<\/li>\n<li>Parti ta&#8217; fuq ikkurvata<\/li>\n<\/ul>\n<p>Mag\u0127mul fl-Istati Uniti. Jimmonta bl-u\u017cu tal-\u0127ardwer e\u017cistenti.<\/p>\n","protected":false},"excerpt":{"rendered":"<p>Komdu, li ma ji\u017cloqx 0.70&#8243; gomma butt-pad g\u0127all-istokks Magpul.<\/p>\n","protected":false},"featured_media":238697,"template":"","meta":{"_acf_changed":false},"product_brand":[11539],"product_cat":[14158,14154,14119],"product_tag":[],"class_list":{"0":"post-284192","1":"product","2":"type-product","3":"status-publish","4":"has-post-thumbnail","6":"product_brand-magpul","7":"product_cat-rifle","8":"product_cat-stocks-tar-rifle","9":"product_cat-tuning-tar-rifle","11":"first","12":"instock","13":"taxable","14":"shipping-taxable","15":"purchasable","16":"product-type-simple"},"acf":[],"_links":{"self":[{"href":"https:\/\/nbg.eu\/mt\/wp-json\/wp\/v2\/product\/284192","targetHints":{"allow":["GET"]}}],"collection":[{"href":"https:\/\/nbg.eu\/mt\/wp-json\/wp\/v2\/product"}],"about":[{"href":"https:\/\/nbg.eu\/mt\/wp-json\/wp\/v2\/types\/product"}],"wp:featuredmedia":[{"embeddable":true,"href":"https:\/\/nbg.eu\/mt\/wp-json\/wp\/v2\/media\/238697"}],"wp:attachment":[{"href":"https:\/\/nbg.eu\/mt\/wp-json\/wp\/v2\/media?parent=284192"}],"wp:term":[{"taxonomy":"product_brand","embeddable":true,"href":"https:\/\/nbg.eu\/mt\/wp-json\/wp\/v2\/product_brand?post=284192"},{"taxonomy":"product_cat","embeddable":true,"href":"https:\/\/nbg.eu\/mt\/wp-json\/wp\/v2\/product_cat?post=284192"},{"taxonomy":"product_tag","embeddable":true,"href":"https:\/\/nbg.eu\/mt\/wp-json\/wp\/v2\/product_tag?post=284192"}],"curies":[{"name":"wp","href":"https:\/\/api.w.org\/{rel}","templated":true}]}}