{"id":284353,"date":"2025-03-06T23:15:14","date_gmt":"2025-03-06T20:15:14","guid":{"rendered":"https:\/\/nbg.eu\/product\/clawgear-ak47-gas-tube-cover\/"},"modified":"2026-05-13T15:59:38","modified_gmt":"2026-05-13T12:59:38","slug":"clawgear-ak47-gas-tube-cover","status":"publish","type":"product","link":"https:\/\/nbg.eu\/mt\/product\/clawgear-ak47-gas-tube-cover\/","title":{"rendered":"Clawgear &#8211; AK47 Gas Tube Cover"},"content":{"rendered":"<h2>Clawgear &#8211; G\u0127ata tat-Tubu tal-Gass g\u0127all-AK47<\/h2>\n<p>G\u0127ata tat-tubu tal-gass g\u0127all-AK47, ma\u0127suba g\u0127all-u\u017cu mal-Handguard CG Slimline. Dan l-a\u010b\u010bessorju jinkludi:<\/p>\n<ul>\n<li>Rail Mil-STD 1913 Picatinny \/ Stanag 4694 fuq nett<\/li>\n<li>Mag\u0127mul minn aluminju b&#8217;sa\u0127\u0127tu<\/li>\n<li>Kisi iswed re\u017cistenti skont l-ispe\u010bifikazzjonijiet militari<\/li>\n<\/ul>\n<p>Dan l-a\u010b\u010bessorju huwa \u0127afif u g\u0127andu tul ta&#8217; 10cm u pi\u017c ta&#8217; 80g, u jintegra mal-AK47.<\/p>\n<p><strong>Nota:<\/strong> Dan il-prodott huwa kompatibbli <em>biss<\/em> mal-Handguard Slimline ta&#8217; Clawgear g\u0127all-AK47.<\/p>\n<p>L-g\u0127ata tat-tubu tal-gass Clawgear g\u0127all-AK47 hija a\u010b\u010bessorju g\u0127all-arma tieg\u0127ek.<\/p>\n","protected":false},"excerpt":{"rendered":"<p>G\u0127ata tat-tubu tal-gass tal-AK47 re\u017cistenti bil-Picatinny rail g\u0127all-Slimline Handguard.<\/p>\n","protected":false},"featured_media":244889,"template":"","meta":{"_acf_changed":false},"product_brand":[11228],"product_cat":[14160,14158,14096,14119],"product_tag":[],"class_list":{"0":"post-284353","1":"product","2":"type-product","3":"status-publish","4":"has-post-thumbnail","6":"product_brand-clawgear","7":"product_cat-pipes-tal-gass","8":"product_cat-rifle","9":"product_cat-tuning-ak","10":"product_cat-tuning-tar-rifle","12":"first","13":"instock","14":"taxable","15":"shipping-taxable","16":"purchasable","17":"product-type-simple"},"acf":[],"_links":{"self":[{"href":"https:\/\/nbg.eu\/mt\/wp-json\/wp\/v2\/product\/284353","targetHints":{"allow":["GET"]}}],"collection":[{"href":"https:\/\/nbg.eu\/mt\/wp-json\/wp\/v2\/product"}],"about":[{"href":"https:\/\/nbg.eu\/mt\/wp-json\/wp\/v2\/types\/product"}],"wp:featuredmedia":[{"embeddable":true,"href":"https:\/\/nbg.eu\/mt\/wp-json\/wp\/v2\/media\/244889"}],"wp:attachment":[{"href":"https:\/\/nbg.eu\/mt\/wp-json\/wp\/v2\/media?parent=284353"}],"wp:term":[{"taxonomy":"product_brand","embeddable":true,"href":"https:\/\/nbg.eu\/mt\/wp-json\/wp\/v2\/product_brand?post=284353"},{"taxonomy":"product_cat","embeddable":true,"href":"https:\/\/nbg.eu\/mt\/wp-json\/wp\/v2\/product_cat?post=284353"},{"taxonomy":"product_tag","embeddable":true,"href":"https:\/\/nbg.eu\/mt\/wp-json\/wp\/v2\/product_tag?post=284353"}],"curies":[{"name":"wp","href":"https:\/\/api.w.org\/{rel}","templated":true}]}}