{"id":285411,"date":"2025-03-04T22:02:27","date_gmt":"2025-03-04T19:02:27","guid":{"rendered":"https:\/\/nbg.eu\/product\/magpul-ctr-moe-cheek-riser-0-5\/"},"modified":"2026-01-21T12:14:24","modified_gmt":"2026-01-21T09:14:24","slug":"magpul-ctr-moe-cheek-riser-0-5","status":"publish","type":"product","link":"https:\/\/nbg.eu\/mt\/product\/magpul-ctr-moe-cheek-riser-0-5\/","title":{"rendered":"Magpul &#8211; CTR \/ MOE Cheek Riser &#8211; 0.5&#8243;"},"content":{"rendered":"<div class=\"product-description\">\n<h2>Magpul &#8211; CTR \/ MOE Cheek Riser &#8211; 0.5&#8243;<\/h2>\n<p>Il-Magpul CTR \/ MOE Cheek Riser huwa a\u010b\u010bessorju li jing\u0127alaq g\u0127all-istokkijiet CTR, MOE\u00ae, DT, u PR Carbine.<\/p>\n<ul>\n<li>Jg\u0127olli l-po\u017cizzjoni tal-\u0127addejn b&#8217;nofs pulzier<\/li>\n<li>Adattat g\u0127al applikazzjonijiet mhux AR15\/M4<\/li>\n<li>Tajjeb g\u0127al konver\u017cjonijiet ta&#8217; stokkijiet M14 carbine<\/li>\n<li>Mag\u0127mul fl-Istati Uniti<\/li>\n<li>NSN: MAG326-BLK 1005-01-591-6035<\/li>\n<\/ul>\n<p><strong>Nota:<\/strong> Jista&#8217; jinterferixxi mal-funzjoni tal-manilja tal-i\u010b\u010bar\u0121jar fuq pjattaformi AR15\/M4 sakemm l-istokk ma jkunx esti\u017c kompletament.<\/p>\n<p>Dan ir-riser tal-\u0127addejn huwa a\u010b\u010bessorju g\u0127all-armi tan-nar mag\u0127mul minn Magpul.<\/p>\n<\/div>\n","protected":false},"excerpt":{"rendered":"<p>Clip-on g\u0127all-kanna li jitpo\u0121\u0121a fuq stocks mhux AR15\/M4. Jg\u0127olli l-welding b&#8217;0.5 pulzier.<\/p>\n","protected":false},"featured_media":237039,"template":"","meta":{"_acf_changed":false},"product_brand":[11539],"product_cat":[14154,14119],"product_tag":[],"class_list":{"0":"post-285411","1":"product","2":"type-product","3":"status-publish","4":"has-post-thumbnail","6":"product_brand-magpul","7":"product_cat-stocks-tar-rifle","8":"product_cat-tuning-tar-rifle","10":"first","11":"instock","12":"taxable","13":"shipping-taxable","14":"purchasable","15":"product-type-variable","16":"wvs-archive-product-wrapper"},"acf":[],"_links":{"self":[{"href":"https:\/\/nbg.eu\/mt\/wp-json\/wp\/v2\/product\/285411","targetHints":{"allow":["GET"]}}],"collection":[{"href":"https:\/\/nbg.eu\/mt\/wp-json\/wp\/v2\/product"}],"about":[{"href":"https:\/\/nbg.eu\/mt\/wp-json\/wp\/v2\/types\/product"}],"wp:featuredmedia":[{"embeddable":true,"href":"https:\/\/nbg.eu\/mt\/wp-json\/wp\/v2\/media\/237039"}],"wp:attachment":[{"href":"https:\/\/nbg.eu\/mt\/wp-json\/wp\/v2\/media?parent=285411"}],"wp:term":[{"taxonomy":"product_brand","embeddable":true,"href":"https:\/\/nbg.eu\/mt\/wp-json\/wp\/v2\/product_brand?post=285411"},{"taxonomy":"product_cat","embeddable":true,"href":"https:\/\/nbg.eu\/mt\/wp-json\/wp\/v2\/product_cat?post=285411"},{"taxonomy":"product_tag","embeddable":true,"href":"https:\/\/nbg.eu\/mt\/wp-json\/wp\/v2\/product_tag?post=285411"}],"curies":[{"name":"wp","href":"https:\/\/api.w.org\/{rel}","templated":true}]}}