{"id":287679,"date":"2025-03-06T23:23:37","date_gmt":"2025-03-06T20:23:37","guid":{"rendered":"https:\/\/nbg.eu\/prodcut\/clawgear-ak47-short-slick-handguard-m-lok\/"},"modified":"2026-01-21T12:04:23","modified_gmt":"2026-01-21T09:04:23","slug":"clawgear-ak47-short-slick-handguard-m-lok","status":"publish","type":"product","link":"https:\/\/nbg.eu\/mt\/product\/clawgear-ak47-short-slick-handguard-m-lok\/","title":{"rendered":"Clawgear &#8211; AK47 Short Slick Handguard M-LOK"},"content":{"rendered":"<h2>Clawgear &#8211; AK47 Handguard Qasir M-LOK<\/h2>\n<p>Dan il-handguard g\u0127all-AK47 g\u0127andu dawn il-karatteristi\u010bi:<\/p>\n<ul>\n<li>Sistema ta&#8217; mmuntar M-LOK g\u0127at-twa\u0127\u0127il ta&#8217; a\u010b\u010bessorji<\/li>\n<li>Wi\u010b\u010b iswed opak biex inaqqas ir-riflessjonijiet<\/li>\n<li>Punt ta&#8217; twa\u0127\u0127il g\u0127as-sling QD fuq wara<\/li>\n<li>Kompatibbli ma&#8217; receivers stampati u mit\u0127una<\/li>\n<li>Mag\u0127mul minn aluminju 6061 b&#8217;sa\u0127\u0127tu<\/li>\n<li>Finitura anodizzata MIL-SPEC Tip III<\/li>\n<\/ul>\n<p>Qisien: 16.4cm (T) x 4.5cm (W) x 4cm (G)<\/p>\n<p>Pi\u017c: 0.16kg<\/p>\n<p>Dan il-handguard huwa ma\u0127sub biex itejjeb il-funzjonalit\u00e0 tal-AK47.<\/p>\n","protected":false},"excerpt":{"rendered":"<p>Po\u0121\u0121aman \u0127afif tal-M-LOK g\u0127all-AK47. Punt tal-i\u017cling QD. Jaqbel ma&#8217; diversi ri\u010bevituri.<\/p>\n","protected":false},"featured_media":245166,"template":"","meta":{"_acf_changed":false},"product_brand":[11228],"product_cat":[14804,14827,14172,14158,14119],"product_tag":[],"class_list":{"0":"post-287679","1":"product","2":"type-product","3":"status-publish","4":"has-post-thumbnail","6":"product_brand-clawgear","7":"product_cat-protezzjoni-tal-idejn","8":"product_cat-protezzjoni-tal-idejn-ak","9":"product_cat-rails","10":"product_cat-rifle","11":"product_cat-tuning-tar-rifle","13":"first","14":"instock","15":"taxable","16":"shipping-taxable","17":"purchasable","18":"product-type-simple"},"acf":[],"_links":{"self":[{"href":"https:\/\/nbg.eu\/mt\/wp-json\/wp\/v2\/product\/287679","targetHints":{"allow":["GET"]}}],"collection":[{"href":"https:\/\/nbg.eu\/mt\/wp-json\/wp\/v2\/product"}],"about":[{"href":"https:\/\/nbg.eu\/mt\/wp-json\/wp\/v2\/types\/product"}],"wp:featuredmedia":[{"embeddable":true,"href":"https:\/\/nbg.eu\/mt\/wp-json\/wp\/v2\/media\/245166"}],"wp:attachment":[{"href":"https:\/\/nbg.eu\/mt\/wp-json\/wp\/v2\/media?parent=287679"}],"wp:term":[{"taxonomy":"product_brand","embeddable":true,"href":"https:\/\/nbg.eu\/mt\/wp-json\/wp\/v2\/product_brand?post=287679"},{"taxonomy":"product_cat","embeddable":true,"href":"https:\/\/nbg.eu\/mt\/wp-json\/wp\/v2\/product_cat?post=287679"},{"taxonomy":"product_tag","embeddable":true,"href":"https:\/\/nbg.eu\/mt\/wp-json\/wp\/v2\/product_tag?post=287679"}],"curies":[{"name":"wp","href":"https:\/\/api.w.org\/{rel}","templated":true}]}}